{"id":10544,"date":"2019-01-08T17:33:30","date_gmt":"2019-01-08T16:33:30","guid":{"rendered":"https:\/\/blog.likibu.com\/fr\/?page_id=10544"},"modified":"2020-03-05T16:16:16","modified_gmt":"2020-03-05T15:16:16","slug":"visiter-la-reunion","status":"publish","type":"page","link":"https:\/\/blog.likibu.com\/fr\/visiter-la-reunion\/","title":{"rendered":"Visiter la R\u00e9union"},"content":{"rendered":"<p style=\"text-align: justify;\">La R\u00e9union est une \u00eele qui en fait r\u00eaver plus d\u2019un avec ses paysages incroyables. Entre volcans, for\u00eats tropicales et plages, elle offre un panorama unique \u00e0 ses visiteurs. Bonne nouvelle\u00a0: ce sera bient\u00f4t votre tour\u00a0! Vous \u00eates d\u00e9cid\u00e9s \u00e0 partir, il nous vous reste plus qu\u2019\u00e0 organiser votre voyage et r\u00e9server votre location d\u2019appartement de vacances \u00e0 La R\u00e9union. Likibu est l\u00e0 pour vous donner tous les conseils essentiels pour passer un super s\u00e9jour \u00e0 la R\u00e9union\u00a0!<br>\n<a name=\"histoirelareunion\"><\/a><\/p>\n<ul style=\"text-align: justify;\">\n<li style=\"text-align: justify;\"><a href=\"#histoirelareunion\">Histoire et culture de La R\u00e9union<\/a><\/li>\n<li style=\"text-align: justify;\"><a href=\"#meteolareunion\">Quand partir \u00e0 La R\u00e9union ?<\/a><\/li>\n<li style=\"text-align: justify;\"><a href=\"#venirlareunion\">Comment aller \u00e0 La R\u00e9union ?<\/a><\/li>\n<li style=\"text-align: justify;\"><a href=\"#sedeplacerlareunion\"> Comment se d\u00e9placer \u00e0 La R\u00e9union <\/a><\/li>\n<li style=\"text-align: justify;\"><a href=\"#quartierslareunion\">O\u00f9 dormir \u00e0 La R\u00e9union ?<\/a><\/li>\n<li style=\"text-align: justify;\"><a href=\"#visiterlareunion\">Que visiter \u00e0 La R\u00e9union ?<\/a><\/li>\n<li style=\"text-align: justify;\"><a href=\"#restaurantslareunion\">O\u00f9 manger \u00e0 La R\u00e9union ?<\/a><\/li>\n<\/ul>\n<p style=\"text-align: justify;\"><a name=\"histoirelareunion\"><\/a><\/p>\n<h2 style=\"text-align: justify;\">Histoire et culture de La R\u00e9union<\/h2>\n<p style=\"text-align: justify;\">Il est difficile de savoir quand l\u2019\u00eele de La R\u00e9union a \u00e9t\u00e9 d\u00e9couverte pour la premi\u00e8re fois, ou par qui. Elle appara\u00eet n\u00e9anmoins sur les cartes portugaises au d\u00e9but du XVI<sup>e<\/sup> si\u00e8cle. Les Fran\u00e7ais prennent possession de l\u2019\u00eele encore inhabit\u00e9e au XVII<sup>e<\/sup> si\u00e8cle et la baptise \u00ab\u00a0\u00eele Bourbon\u00a0\u00bb, du nom de la famille royale. Arrivent alors les premiers colons qui mettent en place la culture du caf\u00e9, ce qui entra\u00eene le d\u00e9veloppement consid\u00e9rable de l\u2019esclavage sur l\u2019\u00eele. Elle prend son nom \u00ab\u00a0\u00eele de La R\u00e9union\u00a0\u00bb lors de la r\u00e9volution fran\u00e7aise, mais l\u2019esclavage n\u2019y est aboli qu\u2019en 1848, au contraire de la France m\u00e9tropolitaine.<\/p>\n<p style=\"text-align: justify;\">Durant la seconde moiti\u00e9 du XIX<sup>e <\/sup>si\u00e8cle, la population de La R\u00e9union grandit et se diversifie. L\u2019\u00eele n\u2019est pas vraiment touch\u00e9e par la Premi\u00e8re Guerre mondiale mais souffre de la seconde car les approvisionnements venant de France m\u00e9tropolitaine cessent. La R\u00e9union devient un d\u00e9partement d\u2019outre-mer fran\u00e7ais en 1946, puis l\u2019une des sept r\u00e9gions ultrap\u00e9riph\u00e9riques de l\u2019Union europ\u00e9enne en 1997.<\/p>\n<p style=\"text-align: justify;\">Aujourd\u2019hui, la culture de la canne \u00e0 sucre a remplac\u00e9 la culture du caf\u00e9, mais le secteur tertiaire domine. Il fournit le plus grand nombre d\u2019emplois, notamment dans le domaine du tourisme. La R\u00e9union accueille chaque ann\u00e9e des milliers de touristes venus visiter l\u2019\u00eele.<\/p>\n<p style=\"text-align: justify;\"><a name=\"meteolareunion\"><\/a><\/p>\n<div id=\"attachment_10535\" style=\"width: 1610px\" class=\"wp-caption alignnone\"><a href=\"https:\/\/blog.likibu.com\/fr\/wp-content\/uploads\/2019\/01\/visiter-\u00eele-de-la-reunion-que-voir-et-faire.jpg\"><img aria-describedby=\"caption-attachment-10535\" loading=\"lazy\" class=\"size-full wp-image-10535\" src=\"https:\/\/blog.likibu.com\/fr\/wp-content\/uploads\/2019\/01\/visiter-\u00eele-de-la-reunion-que-voir-et-faire.jpg\" alt=\"Que faire et voir sur l'\u00eele de la R\u00e9union\" width=\"1600\" height=\"900\" srcset=\"\/wp-content\/uploads\/2019\/01\/visiter-\u00eele-de-la-reunion-que-voir-et-faire.jpg 1600w, \/wp-content\/uploads\/2019\/01\/visiter-\u00eele-de-la-reunion-que-voir-et-faire-750x421.jpg 750w, \/wp-content\/uploads\/2019\/01\/visiter-\u00eele-de-la-reunion-que-voir-et-faire-1024x576.jpg 1024w\" sizes=\"(max-width: 1600px) 100vw, 1600px\" \/><\/a><p id=\"caption-attachment-10535\" class=\"wp-caption-text\">@miwok &#8211; Flickr<\/p><\/div>\n<h2 style=\"text-align: justify;\">Quand partir \u00e0 La R\u00e9union ?<\/h2>\n<p style=\"text-align: justify;\">Les temp\u00e9ratures sont agr\u00e9ables toute l\u2019ann\u00e9e \u00e0 La R\u00e9union, mais il vous faut \u00e9galement prendre en compte les pr\u00e9cipitations lors de la pr\u00e9paration de votre voyage, car il pleut parfois beaucoup sur l\u2019\u00eele. La saison s\u00e8che s\u2019\u00e9tend de mai \u00e0 novembre alors essayez de privil\u00e9gier cette p\u00e9riode. Si vous souhaitez visiter La R\u00e9union et partir en randonn\u00e9e dans les montagnes durant vos vacances, optez pour les mois de mai et juin durant lesquels les temp\u00e9ratures sont encore cl\u00e9mentes. Si vous pr\u00e9f\u00e9rez vous d\u00e9tendre \u00e0 la plage, partez plut\u00f4t en juillet ou en ao\u00fbt. Si les pr\u00e9cipitations ne vous g\u00eanent pas, n\u2019h\u00e9sitez pas \u00e0 partir entre d\u00e9cembre et avril, vous aurez la chance de croiser beaucoup moins de touristes.<\/p>\n<p style=\"text-align: justify;\">Sachez \u00e9galement que beaucoup de f\u00eates et d\u2019\u00e9v\u00e9nements en tout genre ont lieu \u00e0 La R\u00e9union et que selon la p\u00e9riode que vous choisirez, vous aurez peut-\u00eatre l\u2019occasion d\u2019y assister. Par exemple, partez en d\u00e9cembre pour pouvoir admirer les c\u00e9l\u00e9brations de la f\u00eate des cafres (ou \u00ab\u00a0f\u00e8t kaf\u00a0\u00bb) ou encore en octobre-novembre pour assister au Dipavali.<\/p>\n<p><a href=\"https:\/\/blog.likibu.com\/fr\/wp-content\/uploads\/2019\/01\/visite-ile-de-la-reunion-faire-et-voir.jpg\"><img loading=\"lazy\" width=\"1599\" height=\"1600\" class=\"size-full wp-image-10537\" src=\"https:\/\/blog.likibu.com\/fr\/wp-content\/uploads\/2019\/01\/visite-ile-de-la-reunion-faire-et-voir.jpg\" alt=\"\" srcset=\"\/wp-content\/uploads\/2019\/01\/visite-ile-de-la-reunion-faire-et-voir.jpg 1599w, \/wp-content\/uploads\/2019\/01\/visite-ile-de-la-reunion-faire-et-voir-150x150.jpg 150w, \/wp-content\/uploads\/2019\/01\/visite-ile-de-la-reunion-faire-et-voir-750x750.jpg 750w, \/wp-content\/uploads\/2019\/01\/visite-ile-de-la-reunion-faire-et-voir-1024x1024.jpg 1024w, \/wp-content\/uploads\/2019\/01\/visite-ile-de-la-reunion-faire-et-voir-80x80.jpg 80w\" sizes=\"(max-width: 1599px) 100vw, 1599px\" \/><\/a><\/p>\n<h2 style=\"text-align: justify;\">Comment aller \u00e0 La R\u00e9union ?<\/h2>\n<p style=\"text-align: justify;\">Pour vous rendre \u00e0 La R\u00e9union, la meilleure solution reste l\u2019avion. Cinq compagnies\u00a0ont l&rsquo;habitude de desservir l\u2019\u00eele depuis la m\u00e9tropole\u00a0: Air France, Corsair, Air Austral, XL Airways et French Bee. Vous atterrirez soit \u00e0 Saint-Denis, \u00e0 l\u2019a\u00e9roport de La R\u00e9union-Roland-Garros (RUN), soit \u00e0 Saint-Pierre, \u00e0 l\u2019a\u00e9roport de Saint-Pierre-Pierrefonds (ZSE).<\/p>\n<p style=\"text-align: justify;\">Depuis l\u2019a\u00e9roport de La R\u00e9union-Roland-Garros, il vous suffira d\u2019emprunter la navette jusqu\u2019\u00e0 la gare routi\u00e8re ou l\u2019h\u00f4tel de ville de Saint-Denis, puis un bus du r\u00e9seau Car Jaune pour rejoindre votre location de villa si vous ne logez pas directement dans la ville. Depuis l\u2019a\u00e9roport de Saint-Pierre-Pierrefonds, il vous sera seulement possible de prendre un bus du r\u00e9seau Car Jaune car il n\u2019y a pas de navette. Le taxi est \u00e9galement une solution, mais il vous faudra payer plus cher.<\/p>\n<p style=\"text-align: justify;\">Un autre moyen de vous rendre \u00e0 La R\u00e9union est par bateau. Plusieurs compagnies proposent des croisi\u00e8res qui passent par La R\u00e9union.<\/p>\n<h2 style=\"text-align: justify;\">Comment se d\u00e9placer sur l\u2019\u00eele de La R\u00e9union ?<\/h2>\n<p style=\"text-align: justify;\">Pour vous d\u00e9placer sur l\u2019\u00eele de La R\u00e9union, l\u2019option la moins co\u00fbteuse reste le bus. Les lignes du r\u00e9seau Car Jaune vous permettront de rejoindre certains points d\u2019int\u00e9r\u00eat et les cinq <a name=\"quartierslareunion\"><\/a>communaut\u00e9s d\u2019agglom\u00e9ration de l\u2019\u00eele disposent d\u2019un r\u00e9seau de bus sp\u00e9cifique. Si vous souhaitez cependant visiter des zones plus \u00e9loign\u00e9es des villes et du bord de mer, il sera peut-\u00eatre plus pratique de louer une voiture ou de prendre un taxi, m\u00eame si cela sera plus cher.<\/p>\n<h2 style=\"text-align: justify;\">Dans quelle ville s\u00e9journer \u00e0 La R\u00e9union ?<\/h2>\n<h3 style=\"text-align: justify;\">Saint-Gilles les Bains<\/h3>\n<p style=\"text-align: justify;\">Saint-Gilles les Bains est la capitale touristique de La R\u00e9union. Situ\u00e9e sur la c\u00f4te ouest, elle accueille la majorit\u00e9 des touristes venus visiter l\u2019\u00eele. On trouve beaucoup \u00e0 y faire. Si vous aimez l\u2019animation, vous appr\u00e9cierez vous promener le long de la plage des Roches Noires bord\u00e9e par de nombreux bars et restaurants. Si vous souhaitez d\u00e9couvrir une facette plus typique de Saint-Gilles les Bains, rendez-vous cette fois sur le port o\u00f9 vous pourrez observer les bateaux revenant de la p\u00eache. En termes de logement, l\u2019offre est tr\u00e8s large \u00e0 Saint-Gilles les Bains, mais les prix sont un peu plus \u00e9lev\u00e9s que sur le reste de l\u2019\u00eele.\u00a0Maisons, appartement, villas, Bed and Breakfast &#8230; quoi qu&rsquo;il en soit, vous trouverez forcement le <a href=\"https:\/\/www.likibu.com\/fr\/location-appartement-vacances\/ile-de-la-reunion\" target=\"_blank\">logement id\u00e9al<\/a>\u00a0 pour vos vacances \u00e0 l&rsquo;\u00eele de La R\u00e9union<\/p>\n<h3 style=\"text-align: justify;\">Saint-Paul<\/h3>\n<p style=\"text-align: justify;\">Proche de Saint-Gilles les Bains, Saint-Paul est la deuxi\u00e8me plus grande ville de La R\u00e9union. C\u2019est une station baln\u00e9aire tr\u00e8s agr\u00e9able pour les touristes venus visiter l\u2019\u00eele pour les vacances. Les plages sont parmi les plus belles de La R\u00e9union avec leur sable gris distinctif. Prenez donc le temps de vous promener sur le front de mer et d\u2019admirer le panorama, et si c\u2019est jour de march\u00e9, profitez-en pour faire vos emplettes\u00a0! Rendez-vous ensuite dans le centre-ville de Saint-Paul, tr\u00e8s sympathique \u00e9galement, avec ses d\u00e9dales de ruelles et ses petits commerces.<\/p>\n<h3 style=\"text-align: justify;\">Saint-Denis<\/h3>\n<p style=\"text-align: justify;\">Saint-Denis\u00a0se situe au nord de La R\u00e9union. Elle est connue et appr\u00e9ci\u00e9e des touristes gr\u00e2ce \u00e0 ses maisons de style cr\u00e9ole. Saint-Denis abrite \u00e9galement de nombreux autres lieux d\u2019int\u00e9r\u00eat qu\u2019il vous plaira de visiter, notamment La rue de Paris, la plus anim\u00e9e de la ville avec ses commerces et restaurants. Si vous choisissez de loger \u00e0 Saint-Denis durant vos vacances \u00e0 La R\u00e9union, vous pourrez \u00e9galement vous balader sur le Barachois, une promenade le long du front de mer.<\/p>\n<div id=\"attachment_10543\" style=\"width: 1610px\" class=\"wp-caption alignnone\"><a href=\"https:\/\/blog.likibu.com\/fr\/wp-content\/uploads\/2019\/01\/saint-denis-la-reunion.jpg\"><img aria-describedby=\"caption-attachment-10543\" loading=\"lazy\" class=\"wp-image-10543 size-full\" src=\"https:\/\/blog.likibu.com\/fr\/wp-content\/uploads\/2019\/01\/saint-denis-la-reunion.jpg\" alt=\"les quartiers de la R\u00e9union o\u00f9 se loger\" width=\"1600\" height=\"363\" srcset=\"\/wp-content\/uploads\/2019\/01\/saint-denis-la-reunion.jpg 1600w, \/wp-content\/uploads\/2019\/01\/saint-denis-la-reunion-750x170.jpg 750w, \/wp-content\/uploads\/2019\/01\/saint-denis-la-reunion-1024x232.jpg 1024w\" sizes=\"(max-width: 1600px) 100vw, 1600px\" \/><\/a><p id=\"caption-attachment-10543\" class=\"wp-caption-text\">@miwok &#8211; Flickr<\/p><\/div>\n<h2 style=\"text-align: justify;\">Que visiter \u00e0 La R\u00e9union ?<\/h2>\n<h3 style=\"text-align: justify;\">Le piton de la Fournaise<\/h3>\n<p style=\"text-align: justify;\">Vous vous demandez s\u00fbrement \u00ab\u00a0Que voir \u00e0 La R\u00e9union\u00a0?\u00a0\u00bb\u00a0! L\u2019un de premiers incontournables est bien s\u00fbr le piton de la Fournaise. C\u2019est un volcan actif, probablement m\u00eame le plus actif au monde avec en moyenne une nouvelle \u00e9ruption tous les neuf mois. Il est n\u00e9anmoins possible de s\u2019approcher sans risque lors de randonn\u00e9es. On vous le conseille m\u00eame vivement\u00a0car le spectacle est \u00e0 couper le souffle\u00a0! Plusieurs sentiers, comme La route foresti\u00e8re du volcan ou celle du crat\u00e8re Dolomieu, vous permettront de vous approcher au plus pr\u00e8s du volcan. Vous aurez peut-\u00eatre la chance d\u2019assister \u00e0 des coul\u00e9es de lave\u00a0!<\/p>\n<h3 style=\"text-align: justify;\">Le cirque de Mafate<\/h3>\n<p style=\"text-align: justify;\">Le cirque de Mafate fait partie de l\u2019un des incontournables de La R\u00e9union. C\u2019est \u00e9galement l\u2019un des plus beaux sites naturels de l\u2019\u00eele, et l\u2019un des mieux conserv\u00e9s. Il est impossible de s\u2019y rendre en voiture car il n\u2019y a pas de route. Il vous faudra donc emprunter les sentiers, ou bien opter pour une visite par les airs, en h\u00e9licopt\u00e8re. Si vous pr\u00e9f\u00e9rez marcher, nous vous conseillons de vous rendre jusqu\u2019au Ma\u00efdo, le meilleur point de vue pour admirer le cirque de Mafate dans son int\u00e9gralit\u00e9. N\u2019h\u00e9sitez pas durant votre s\u00e9jour \u00e0 \u00e9galement visiter le cirque de Salazie et le cirque de Cilaos.<\/p>\n<div id=\"attachment_10536\" style=\"width: 2058px\" class=\"wp-caption alignnone\"><a href=\"https:\/\/blog.likibu.com\/fr\/wp-content\/uploads\/2019\/01\/cirque-mafate-reunion.jpg\"><img aria-describedby=\"caption-attachment-10536\" loading=\"lazy\" class=\"size-full wp-image-10536\" src=\"https:\/\/blog.likibu.com\/fr\/wp-content\/uploads\/2019\/01\/cirque-mafate-reunion.jpg\" alt=\"Le crique de Mafate incontournable de l'\u00eele de la R\u00e9union\" width=\"2048\" height=\"1365\" srcset=\"\/wp-content\/uploads\/2019\/01\/cirque-mafate-reunion.jpg 2048w, \/wp-content\/uploads\/2019\/01\/cirque-mafate-reunion-750x499.jpg 750w, \/wp-content\/uploads\/2019\/01\/cirque-mafate-reunion-1024x682.jpg 1024w\" sizes=\"(max-width: 2048px) 100vw, 2048px\" \/><\/a><p id=\"caption-attachment-10536\" class=\"wp-caption-text\">@dany13 &#8211; Flickr<\/p><\/div>\n<h3 style=\"text-align: justify;\">Le voile de la mari\u00e9e<\/h3>\n<p style=\"text-align: justify;\">Le voile de la mari\u00e9e est le surnom donn\u00e9 \u00e0 une cascade se situant pr\u00e8s du village de Salazie. Elle se compose d\u2019une multitude de filets d\u2019eau \u00e0 flanc de montagne, donnant l\u2019illusion d\u2019un voile blanc accroch\u00e9 aux branches des arbres. Si vous aimez les randonn\u00e9es, c\u2019est l\u2019endroit parfait\u00a0! Il est m\u00eame possible de descendre jusqu\u2019au bassin au pied des cascades.<\/p>\n<h3 style=\"text-align: justify;\">L\u2019anse des cascades<\/h3>\n<p style=\"text-align: justify;\">L\u2019anse des cascades est un lieu tr\u00e8s sympathique de La R\u00e9union. On y retrouve un concentr\u00e9 de tout ce qui fait le charme de l\u2019\u00eele\u00a0: une magnifique plage sauvage, un petit port de p\u00eache et des cascades. Prenez le temps de vous promener, empruntez le sentier qui longe l\u2019oc\u00e9an, puis faites une pause sur l\u2019aire de pique-nique am\u00e9nag\u00e9e dans la cocoteraie. Vous aurez peut-\u00eatre la chance de d\u00e9couvrir de nouvelles esp\u00e8ces animales jamais vues auparavant !<\/p>\n<div id=\"attachment_10538\" style=\"width: 2658px\" class=\"wp-caption alignnone\"><a href=\"https:\/\/blog.likibu.com\/fr\/wp-content\/uploads\/2019\/01\/que-faire-ile-de-la-reunion.jpg\"><img aria-describedby=\"caption-attachment-10538\" loading=\"lazy\" class=\"size-full wp-image-10538\" src=\"https:\/\/blog.likibu.com\/fr\/wp-content\/uploads\/2019\/01\/que-faire-ile-de-la-reunion.jpg\" alt=\"D\u00e9couvrir la R\u00e9union\" width=\"2648\" height=\"3968\" srcset=\"\/wp-content\/uploads\/2019\/01\/que-faire-ile-de-la-reunion.jpg 2648w, \/wp-content\/uploads\/2019\/01\/que-faire-ile-de-la-reunion-500x750.jpg 500w, \/wp-content\/uploads\/2019\/01\/que-faire-ile-de-la-reunion-683x1024.jpg 683w\" sizes=\"(max-width: 2648px) 100vw, 2648px\" \/><\/a><p id=\"caption-attachment-10538\" class=\"wp-caption-text\">@jonasducker-unsplash<\/p><\/div>\n<p style=\"text-align: justify;\"><a name=\"restaurantslareunion\"><\/a><\/p>\n<h2 style=\"text-align: justify;\">O\u00f9 manger \u00e0 La R\u00e9union ?<\/h2>\n<h3 style=\"text-align: justify;\">Le Reflet des \u00eeles<\/h3>\n<p style=\"text-align: justify;\">Apr\u00e8s une visite de l\u2019\u00eele de La R\u00e9union, vous aurez certainement envie de vous restaurer. Le Reflet des \u00eeles, un restaurant situ\u00e9 \u00e0 Saint-Denis, sera l\u2019endroit parfait pour cela\u00a0! Il s\u2019agit de l\u2019un des \u00e9tablissements les plus anciens de la ville. On y sert des sp\u00e9cialit\u00e9s cr\u00e9oles comme du carry, du massal\u00e9 ou encore de la rougail de saucisse de La R\u00e9union. De quoi vous r\u00e9galer\u00a0! Les plats sont divers et les tarifs raisonnables, \u00e0 partir de 12 \u20ac. Pensez \u00e0 r\u00e9server.<\/p>\n<h3 style=\"text-align: justify;\">La D\u00e9tente \u00ab\u00a0Chez Gros Louis\u00a0\u00bb<\/h3>\n<p style=\"text-align: justify;\">Situ\u00e9 dans la ville de Saint-Pierre, La D\u00e9tente est un restaurant tr\u00e8s sympathique qui sert principalement une cuisine cr\u00e9ole traditionnelle. Bien qu\u2019il s\u2019agisse d\u2019une v\u00e9ritable institution r\u00e9unionnaise, l\u2019ambiance reste d\u00e9tendue et les prix plus que raisonnables (\u00e0 partir de 10 \u20ac). L\u00e0 aussi, pensez \u00e0 r\u00e9server, mais sachez qu\u2019il est \u00e9galement possible de prendre \u00e0 emporter.<\/p>\n<h3 style=\"text-align: justify;\">La Marmite<\/h3>\n<p style=\"text-align: justify;\">La Marmite est un incontournable si vous passez par Saint-Gilles. Ici, la sp\u00e9cialit\u00e9 c\u2019est le carry\u00a0! Avec une dizaine de recettes diff\u00e9rentes \u00e0 la carte, vous trouverez forc\u00e9ment votre bonheur. L\u2019ambiance y est tr\u00e8s agr\u00e9able et vous pourrez m\u00eame profiter d\u2019un superbe concert cr\u00e9ole si vous venez le jeudi soir. Les prix sont un peu plus chers avec des formules entre 37 \u20ac et 47 \u20ac.<\/p>\n<div id=\"attachment_10539\" style=\"width: 970px\" class=\"wp-caption alignnone\"><a href=\"https:\/\/blog.likibu.com\/fr\/wp-content\/uploads\/2019\/01\/la-marmite-restaurant-lareunion.jpg\"><img aria-describedby=\"caption-attachment-10539\" loading=\"lazy\" class=\"size-full wp-image-10539\" src=\"https:\/\/blog.likibu.com\/fr\/wp-content\/uploads\/2019\/01\/la-marmite-restaurant-lareunion.jpg\" alt=\"O\u00f9 manger sur l'\u00eele de la R\u00e9union ?\" width=\"960\" height=\"720\" srcset=\"\/wp-content\/uploads\/2019\/01\/la-marmite-restaurant-lareunion.jpg 960w, \/wp-content\/uploads\/2019\/01\/la-marmite-restaurant-lareunion-750x562.jpg 750w\" sizes=\"(max-width: 960px) 100vw, 960px\" \/><\/a><p id=\"caption-attachment-10539\" class=\"wp-caption-text\">@La Marmite &#8211; Facebook<\/p><\/div>\n<h3 style=\"text-align: justify;\">Le Joyau des laves<\/h3>\n<p style=\"text-align: justify;\">Derni\u00e8re adresse de notre liste, Le Joyau des laves est un restaurant situ\u00e9 \u00e0 Sainte-Rose. Avec son magnifique cadre au bord de l\u2019oc\u00e9an, c\u2019est l\u2019\u00e9tablissement parfait si vous souhaitez go\u00fbter des sp\u00e9cialit\u00e9s r\u00e9unionnaises \u00e0 base de palmiste. Nous vous conseillons d\u2019ailleurs vivement le gratin de palmiste. Les prix des plats sont \u00e0 partir de 20 \u20ac.<\/p>\n<p style=\"text-align: justify;\">Visiter les autres \u00eeles fran\u00e7aises et partez \u00e0 la d\u00e9couverte de la <a href=\"https:\/\/blog.likibu.com\/fr\/martinique-lile-aux-fleurs\/\" target=\"_blank\">Martinique<\/a> et consultez nos conseils pour vos <a href=\"https:\/\/blog.likibu.com\/fr\/8-conseils-vacances-guadeloupe\/\" target=\"_blank\">vacances en\u00a0Guadeloupe<\/a> !<\/p>\n<p style=\"text-align: justify;\"><strong>Recommandations :<\/strong><\/p>\n<p style=\"text-align: justify;\"><strong>Stella Mus\u00e9e<\/strong><\/p>\n<p style=\"text-align: justify;\">Lors de votre voyage \u00e0 La R\u00e9union, venez visiter les mus\u00e9es incontournables de l&rsquo;\u00eele, il y a de quoi combler votre curiosit\u00e9 ! D\u00e9couvrez l&rsquo;histoire g\u00e9ologique de la R\u00e9union avec la cit\u00e9 du volcan, visitez le monument Historique de la Maison Rouge, la derni\u00e8re terre caf\u00e9ier en territoire outre mer fran\u00e7ais. Si l&rsquo;Histoire de l&rsquo;\u00eele Bourbon vous int\u00e9resse, rendez-vous alors au mus\u00e9e Stella Matutina.<\/p>\n","protected":false},"excerpt":{"rendered":"<p>La R\u00e9union est une \u00eele qui en fait r\u00eaver plus d\u2019un avec ses paysages incroyables. Entre volcans, for\u00eats tropicales et plages, elle offre un panorama unique \u00e0 ses visiteurs. Bonne nouvelle\u00a0: ce sera bient\u00f4t votre tour\u00a0! Vous \u00eates d\u00e9cid\u00e9s \u00e0 partir, il nous vous reste  <a class=\"read-more\" href=\"https:\/\/blog.likibu.com\/fr\/visiter-la-reunion\/\">Suite &rarr;<\/a><\/p>\n","protected":false},"author":86,"featured_media":10545,"parent":0,"menu_order":0,"comment_status":"closed","ping_status":"open","template":"","meta":[],"_links":{"self":[{"href":"https:\/\/blog.likibu.com\/fr\/wp-json\/wp\/v2\/pages\/10544"}],"collection":[{"href":"https:\/\/blog.likibu.com\/fr\/wp-json\/wp\/v2\/pages"}],"about":[{"href":"https:\/\/blog.likibu.com\/fr\/wp-json\/wp\/v2\/types\/page"}],"author":[{"embeddable":true,"href":"https:\/\/blog.likibu.com\/fr\/wp-json\/wp\/v2\/users\/86"}],"replies":[{"embeddable":true,"href":"https:\/\/blog.likibu.com\/fr\/wp-json\/wp\/v2\/comments?post=10544"}],"version-history":[{"count":35,"href":"https:\/\/blog.likibu.com\/fr\/wp-json\/wp\/v2\/pages\/10544\/revisions"}],"predecessor-version":[{"id":11620,"href":"https:\/\/blog.likibu.com\/fr\/wp-json\/wp\/v2\/pages\/10544\/revisions\/11620"}],"wp:featuredmedia":[{"embeddable":true,"href":"https:\/\/blog.likibu.com\/fr\/wp-json\/wp\/v2\/media\/10545"}],"wp:attachment":[{"href":"https:\/\/blog.likibu.com\/fr\/wp-json\/wp\/v2\/media?parent=10544"}],"curies":[{"name":"wp","href":"https:\/\/api.w.org\/{rel}","templated":true}]}}