{"id":11177,"date":"2019-09-16T10:55:02","date_gmt":"2019-09-16T09:55:02","guid":{"rendered":"https:\/\/blog.likibu.com\/fr\/?page_id=11177"},"modified":"2020-05-25T15:04:40","modified_gmt":"2020-05-25T14:04:40","slug":"visite-sagrada-familia","status":"publish","type":"page","link":"https:\/\/blog.likibu.com\/fr\/visite-sagrada-familia\/","title":{"rendered":"Visite de la Sagrada Familia : prix, horaires, conseils"},"content":{"rendered":"<p>\u00c7a y est, vous avez trouv\u00e9 votre <a href=\"https:\/\/www.likibu.com\/fr\/location-appartement-vacances\/barcelone\" target=\"_blank\">Location d&rsquo;appartement &amp; logement de vacances \u00e0 <strong>Barcelone<\/strong><\/a>, en <strong>Espagne\u00a0<\/strong>? Visitez la<strong> Sagrada Familia<\/strong>. Con\u00e7ue par Gaud\u00ed, cette basilique accueille chaque ann\u00e9e <strong>plusieurs millions<\/strong> de visiteurs\u00a0!<\/p>\n<div id=\"attachment_11178\" style=\"width: 1371px\" class=\"wp-caption aligncenter\"><a href=\"https:\/\/blog.likibu.com\/fr\/wp-content\/uploads\/2019\/09\/sagrada-familia-fredrik-rubensson.jpg\"><img aria-describedby=\"caption-attachment-11178\" loading=\"lazy\" class=\"size-full wp-image-11178\" src=\"https:\/\/blog.likibu.com\/fr\/wp-content\/uploads\/2019\/09\/sagrada-familia-fredrik-rubensson.jpg\" alt=\"@fredrikrubensson-Flickr\" width=\"1361\" height=\"2048\" srcset=\"\/wp-content\/uploads\/2019\/09\/sagrada-familia-fredrik-rubensson.jpg 1361w, \/wp-content\/uploads\/2019\/09\/sagrada-familia-fredrik-rubensson-498x750.jpg 498w, \/wp-content\/uploads\/2019\/09\/sagrada-familia-fredrik-rubensson-680x1024.jpg 680w\" sizes=\"(max-width: 1361px) 100vw, 1361px\" \/><\/a><p id=\"caption-attachment-11178\" class=\"wp-caption-text\">@fredrikrubensson-Flickr<\/p><\/div>\n<h2>Rejoignez facilement la Sagrada Familia<\/h2>\n<p>La basilique se trouve\u00a0<strong>Carrer de Mallorca, 401<\/strong>, 08013 Barcelone. Pour vous y rendre depuis l&rsquo;a\u00e9roport Barcelone El Prat, montez dans<strong>\u00a0l&rsquo;Aerobus terminaux 1 ou 2<\/strong>. Il vous m\u00e8nera \u00e0 la Plaza Catalunya, en centre-ville. Vous pourrez alors monter dans le\u00a0<strong>bus 50<\/strong>, jusqu\u2019\u00e0 l&rsquo;arr\u00eat \u00ab\u00a0Val\u00e8ncia \u2013 Lepant\u00a0\u00bb, d\u2019o\u00f9 vous rejoindrez la Sagrada Familia en\u00a05 minutes.<\/p>\n<p>Vous partez de la gare de Sants\u00a0? Empruntez la\u00a0<strong>ligne L5<\/strong>\u00a0et descendez \u00e0 la station \u00ab\u00a0Sagrada Fam\u00edlia\u00a0\u00bb.<\/p>\n<div id=\"attachment_11181\" style=\"width: 1546px\" class=\"wp-caption aligncenter\"><a href=\"https:\/\/blog.likibu.com\/fr\/wp-content\/uploads\/2019\/09\/sagrada-familia-neusitas.jpg\"><img aria-describedby=\"caption-attachment-11181\" loading=\"lazy\" class=\"size-full wp-image-11181\" src=\"https:\/\/blog.likibu.com\/fr\/wp-content\/uploads\/2019\/09\/sagrada-familia-neusitas.jpg\" alt=\"@neusitas-Flickr\" width=\"1536\" height=\"2048\" srcset=\"\/wp-content\/uploads\/2019\/09\/sagrada-familia-neusitas.jpg 1536w, \/wp-content\/uploads\/2019\/09\/sagrada-familia-neusitas-562x750.jpg 562w, \/wp-content\/uploads\/2019\/09\/sagrada-familia-neusitas-768x1024.jpg 768w\" sizes=\"(max-width: 1536px) 100vw, 1536px\" \/><\/a><p id=\"caption-attachment-11181\" class=\"wp-caption-text\">@neusitas-Flickr<\/p><\/div>\n<h2>Evitez la foule<\/h2>\n<p>Bonne nouvelle\u00a0: la Sagrada Familia est\u00a0<strong>ouverte toute l&rsquo;ann\u00e9e<\/strong>, m\u00eame les jours f\u00e9ri\u00e9s ! Vous pourrez la visiter, d\u2019avril \u00e0 septembre, de\u00a0<strong>9 heures \u00e0 20 heures<\/strong>. Le reste du temps, le public peut y entrer de\u00a0<strong>9 heures \u00e0 18 heures<\/strong>.<\/p>\n<p>Le meilleur moment pour visiter la Sagrada Familia est d\u2019<strong>octobre \u00e0 mars<\/strong>, en basse saison. Evitez aussi les weekends et les vendredis. Les visiteurs sont alors moins nombreux et vous serez plus \u00e0 l\u2019aise pour visiter\u00a0!<\/p>\n<h2>Ne faites pas la queue<\/h2>\n<p>Achetez un\u00a0<strong>billet coupe-file<\/strong>\u00a0sur internet. En choisissant un cr\u00e9neau de\u00a0<strong>15 minutes<\/strong>, vous \u00e9viterez la file d\u2019attente.<\/p>\n<p>Si vous n\u2019avez pas de connexion internet, vous pouvez toujours acheter votre billet sur place, \u00e0\u00a0<strong>17\u20ac<\/strong>\u00a0pour une\u00a0<strong>visite simple<\/strong>. Pour\u00a0<strong>26\u20ac environ<\/strong>, vous aurez aussi le droit \u00e0 un\u00a0<strong>audioguide ou \u00e0 une visite guid\u00e9e<\/strong>, au choix.<\/p>\n<p>Enfin, les 11-30 ans, les \u00e9tudiants et les plus de 65 ans ont une r\u00e9duction de 2\u20ac &#8211; soit 15\u20ac la visite simple. Jusqu\u2019\u00e0 10 ans, l\u2019entr\u00e9e est gratuite.<\/p>\n<div id=\"attachment_11182\" style=\"width: 1546px\" class=\"wp-caption aligncenter\"><a href=\"https:\/\/blog.likibu.com\/fr\/wp-content\/uploads\/2019\/09\/sagrada-familia-alper-cugun-2.jpg\"><img aria-describedby=\"caption-attachment-11182\" loading=\"lazy\" class=\"size-full wp-image-11182\" src=\"https:\/\/blog.likibu.com\/fr\/wp-content\/uploads\/2019\/09\/sagrada-familia-alper-cugun-2.jpg\" alt=\"@alpercugun-Flickr\" width=\"1536\" height=\"2048\" srcset=\"\/wp-content\/uploads\/2019\/09\/sagrada-familia-alper-cugun-2.jpg 1536w, \/wp-content\/uploads\/2019\/09\/sagrada-familia-alper-cugun-2-562x750.jpg 562w, \/wp-content\/uploads\/2019\/09\/sagrada-familia-alper-cugun-2-768x1024.jpg 768w\" sizes=\"(max-width: 1536px) 100vw, 1536px\" \/><\/a><p id=\"caption-attachment-11182\" class=\"wp-caption-text\">@alpercugun-Flickr<\/p><\/div>\n<h2>Optimisez votre s\u00e9jour dans la capitale catalane<\/h2>\n<p>D\u00e9couvrez notre guide complet pour\u00a0<a href=\"https:\/\/blog.likibu.com\/fr\/visiter-barcelone\/\" target=\"_blank\">visiter Barcelone<\/a>, r\u00e9put\u00e9e pour son architecture et ses festivit\u00e9s ! Vous saurez comment vous d\u00e9placer dans la ville et quels sont les meilleurs quartiers o\u00f9 s\u00e9journer et\u00a0les\u00a0<a href=\"https:\/\/blog.likibu.com\/fr\/sortir-barcelone-les-meilleurs-clubs-boites-nuit\/\" target=\"_blank\">clubs o\u00f9 sortir \u00e0 Barcelone<\/a>.<\/p>\n<h2>D\u00e9couvrez l\u2019\u0153uvre majeure de Gaud\u00ed<\/h2>\n<h3>Une basilique de style\u00a0moderniste catalan<\/h3>\n<p>Ce magnifique b\u00e2timent de <strong>172 m\u00e8tres de hauteur<\/strong> est con\u00e7u dans le style moderniste catalan de l\u2019architecte Gaud\u00ed. A mi-chemin entre le baroque et l&rsquo;Art nouveau, vous y verrez de nombreuses volutes, en pierres, briques et c\u00e9ramiques.<\/p>\n<p>Sur les trois fa\u00e7ades de la basilique, vous pourrez aussi admirer les sc\u00e8nes de <strong>la Nativit\u00e9, la Passion<\/strong> et <strong>la R\u00e9surrection<\/strong>.<\/p>\n<p>Les<strong> lignes courbes<\/strong>, \u00e0 l\u2019int\u00e9rieur du b\u00e2timent, imitent la nature. Les colonnes rappellent les arbres d\u2019une for\u00eat, tandis que la lumi\u00e8re color\u00e9e des vitraux, fait \u00e9cho \u00e0 la lumi\u00e8re qui filtre \u00e0 travers les feuilles des arbres. En levant la t\u00eate dans l&rsquo;abside de la crypte, vous pourrez aussi apercevoir des t\u00eates d&rsquo;anges.<\/p>\n<div id=\"attachment_11180\" style=\"width: 1546px\" class=\"wp-caption aligncenter\"><a href=\"https:\/\/blog.likibu.com\/fr\/wp-content\/uploads\/2019\/09\/sagrada-familia-teddani-percival.jpg\"><img aria-describedby=\"caption-attachment-11180\" loading=\"lazy\" class=\"size-full wp-image-11180\" src=\"https:\/\/blog.likibu.com\/fr\/wp-content\/uploads\/2019\/09\/sagrada-familia-teddani-percival.jpg\" alt=\"@ted&amp;danipercival-Flickr\" width=\"1536\" height=\"2048\" srcset=\"\/wp-content\/uploads\/2019\/09\/sagrada-familia-teddani-percival.jpg 1536w, \/wp-content\/uploads\/2019\/09\/sagrada-familia-teddani-percival-562x750.jpg 562w, \/wp-content\/uploads\/2019\/09\/sagrada-familia-teddani-percival-768x1024.jpg 768w\" sizes=\"(max-width: 1536px) 100vw, 1536px\" \/><\/a><p id=\"caption-attachment-11180\" class=\"wp-caption-text\">@ted&amp;danipercival-Flickr<\/p><\/div>\n<h3>43 ans de r\u00e9flexion pour b\u00e2tir ce \u00ab\u00a0temple parfait\u00a0\u00bb<\/h3>\n<p>C\u2019est d\u2019abord l\u2019architecte <strong>Francisco de Paula de Villar<\/strong> qui est charg\u00e9 de construire la Sagrada Familia &#8211; \u00e0 la fin du XIX\u00e8me si\u00e8cle. L\u2019Espagnol con\u00e7oit un b\u00e2timent de style n\u00e9o-gothique, avec des contreforts, des rosaces et des vo\u00fbtes d\u2019inspiration m\u00e9di\u00e9vale. Le chantier d\u00e9bute en <strong>1882<\/strong>, par la construction de la crypte, mais s\u2019arr\u00eate un an plus tard, suite \u00e0 un diff\u00e9rent entre l\u2019architecte et son bras-droit.<\/p>\n<p><strong>Gaud\u00ed<\/strong> reprend alors le projet. Il n\u2019a que 31 ans et travaille d\u2019arrache-pied \u00e0 construire un \u00ab\u00a0temple parfait\u00a0\u00bb, r\u00e9sumant tout son \u0153uvre. Pendant 43 ans, il transforme les plans de Villar, agrandit consid\u00e9rablement la basilique et transperce les clochers de fl\u00e8ches.<\/p>\n<p>Mais Gaud\u00ed ne voit pas la fin de son chantier. Il meurt renvers\u00e9 par un tramway, en\u00a0<strong>1926<\/strong>. Seule la fa\u00e7ade de la Nativit\u00e9 existe alors.<\/p>\n<h3>Une\u00a0construction qui dure depuis\u2026 134 ans\u00a0!<\/h3>\n<p>Gr\u00e2ce aux plan d\u00e9taill\u00e9s laiss\u00e9s par Gaud\u00ed, les travaux se poursuivent apr\u00e8s sa mort. Ils continuent toujours et devraient se terminer en <strong>2026<\/strong>.<\/p>\n<div id=\"attachment_11179\" style=\"width: 1034px\" class=\"wp-caption aligncenter\"><a href=\"https:\/\/blog.likibu.com\/fr\/wp-content\/uploads\/2019\/09\/sagrada-familia-andrew-eland.jpg\"><img aria-describedby=\"caption-attachment-11179\" loading=\"lazy\" class=\"size-full wp-image-11179\" src=\"https:\/\/blog.likibu.com\/fr\/wp-content\/uploads\/2019\/09\/sagrada-familia-andrew-eland.jpg\" alt=\"@andreweland-Flickr\" width=\"1024\" height=\"677\" srcset=\"\/wp-content\/uploads\/2019\/09\/sagrada-familia-andrew-eland.jpg 1024w, \/wp-content\/uploads\/2019\/09\/sagrada-familia-andrew-eland-750x495.jpg 750w\" sizes=\"(max-width: 1024px) 100vw, 1024px\" \/><\/a><p id=\"caption-attachment-11179\" class=\"wp-caption-text\">@andreweland-Flickr<\/p><\/div>\n","protected":false},"excerpt":{"rendered":"<p>\u00c7a y est, vous avez trouv\u00e9 votre Location d&rsquo;appartement &amp; logement de vacances \u00e0 Barcelone, en Espagne\u00a0? Visitez la Sagrada Familia. Con\u00e7ue par Gaud\u00ed, cette basilique accueille chaque ann\u00e9e plusieurs millions de visiteurs\u00a0! Rejoignez facilement la Sagrada Familia La basilique se trouve\u00a0Carrer de Mallorca, 401,  <a class=\"read-more\" href=\"https:\/\/blog.likibu.com\/fr\/visite-sagrada-familia\/\">Suite &rarr;<\/a><\/p>\n","protected":false},"author":81,"featured_media":11184,"parent":0,"menu_order":0,"comment_status":"closed","ping_status":"open","template":"","meta":[],"_links":{"self":[{"href":"https:\/\/blog.likibu.com\/fr\/wp-json\/wp\/v2\/pages\/11177"}],"collection":[{"href":"https:\/\/blog.likibu.com\/fr\/wp-json\/wp\/v2\/pages"}],"about":[{"href":"https:\/\/blog.likibu.com\/fr\/wp-json\/wp\/v2\/types\/page"}],"author":[{"embeddable":true,"href":"https:\/\/blog.likibu.com\/fr\/wp-json\/wp\/v2\/users\/81"}],"replies":[{"embeddable":true,"href":"https:\/\/blog.likibu.com\/fr\/wp-json\/wp\/v2\/comments?post=11177"}],"version-history":[{"count":19,"href":"https:\/\/blog.likibu.com\/fr\/wp-json\/wp\/v2\/pages\/11177\/revisions"}],"predecessor-version":[{"id":11835,"href":"https:\/\/blog.likibu.com\/fr\/wp-json\/wp\/v2\/pages\/11177\/revisions\/11835"}],"wp:featuredmedia":[{"embeddable":true,"href":"https:\/\/blog.likibu.com\/fr\/wp-json\/wp\/v2\/media\/11184"}],"wp:attachment":[{"href":"https:\/\/blog.likibu.com\/fr\/wp-json\/wp\/v2\/media?parent=11177"}],"curies":[{"name":"wp","href":"https:\/\/api.w.org\/{rel}","templated":true}]}}