{"id":8428,"date":"2018-07-12T11:04:30","date_gmt":"2018-07-12T10:04:30","guid":{"rendered":"https:\/\/blog.likibu.com\/fr\/?page_id=8428"},"modified":"2020-05-27T10:34:22","modified_gmt":"2020-05-27T09:34:22","slug":"visiter-bordeaux","status":"publish","type":"page","link":"https:\/\/blog.likibu.com\/fr\/visiter-bordeaux\/","title":{"rendered":"Visiter Bordeaux"},"content":{"rendered":"<p style=\"text-align: justify;\">Votre prochaine destination de vacances sera Bordeaux, une ville connue pour la beaut\u00e9 de son architecture, son cadre de vie parfait et surtout ses vins et vignobles. Une balade en bateau, un plan shopping, un \u00e9v\u00e9nement culturel&#8230; Les choses \u00e0 faire ne manquent pas \u00e0 Bordeaux. Retrouvez dans notre mini-guide des id\u00e9es d\u2019activit\u00e9s afin de bien organiser vos vacances \u00e0 Bordeaux !<\/p>\n<ul style=\"text-align: justify;\">\n<li style=\"text-align: justify;\"><a href=\"#histoirebordeaux\">Histoire et culture de Bordeaux<\/a><\/li>\n<li style=\"text-align: justify;\"><a href=\"#meteobordeaux\">Quand partir \u00e0 Bordeaux ?<\/a><\/li>\n<li style=\"text-align: justify;\"><a href=\"#venirabordeaux\">Comment aller \u00e0 Bordeaux ?<\/a><\/li>\n<li style=\"text-align: justify;\"><a href=\"#sedeplacerabordeaux\">Se d\u00e9placer dans Bordeaux<\/a><\/li>\n<li style=\"text-align: justify;\"><a href=\"#quartiersbordeaux\">O\u00f9 dormir \u00e0 Bordeaux ?<\/a><\/li>\n<li style=\"text-align: justify;\"><a href=\"#visitesbordeaux\">Que visiter \u00e0 Bordeaux ?<\/a><\/li>\n<li style=\"text-align: justify;\"><a href=\"#restaurantsbordeaux\">Que et o\u00f9 manger \u00e0 Bordeaux ?<\/a><\/li>\n<li style=\"text-align: justify;\"><a href=\"#sortiesbordeaux\">La vie nocturne \u00e0 Bordeaux<\/a><\/li>\n<\/ul>\n<p style=\"text-align: justify;\"><a name=\"histoirebordeaux\"><\/a><a href=\"https:\/\/blog.likibu.com\/fr\/wp-content\/uploads\/2018\/03\/Bordeaux_France_Mirroir-deau_Place-de-la-Bourse-in-Bordeaux_173845742.jpg\"><img loading=\"lazy\" class=\"alignnone size-full wp-image-6585\" src=\"https:\/\/blog.likibu.com\/fr\/wp-content\/uploads\/2018\/03\/Bordeaux_France_Mirroir-deau_Place-de-la-Bourse-in-Bordeaux_173845742.jpg\" alt=\"Place de la Bourse in Bordeaux\" width=\"1500\" height=\"1000\" srcset=\"\/wp-content\/uploads\/2018\/03\/Bordeaux_France_Mirroir-deau_Place-de-la-Bourse-in-Bordeaux_173845742.jpg 1500w, \/wp-content\/uploads\/2018\/03\/Bordeaux_France_Mirroir-deau_Place-de-la-Bourse-in-Bordeaux_173845742-300x200.jpg 300w, \/wp-content\/uploads\/2018\/03\/Bordeaux_France_Mirroir-deau_Place-de-la-Bourse-in-Bordeaux_173845742-1024x682.jpg 1024w\" sizes=\"(max-width: 1500px) 100vw, 1500px\" \/><\/a><\/p>\n<h2 style=\"text-align: justify;\">Histoire et culture de Bordeaux<\/h2>\n<p style=\"text-align: justify;\">Bordeaux est une <strong>ville portuaire<\/strong> du sud-ouest de la France au patrimoine historique et culturel tr\u00e8s riche. Fond\u00e9e au VI<sup>e<\/sup> si\u00e8cle av. J.-C., Bordeaux ne commence vraiment \u00e0 se d\u00e9velopper que sous l&rsquo;<strong>Empire romain<\/strong>. Elle devient une <strong>place commerciale<\/strong> importante et s&rsquo;enrichit gr\u00e2ce \u00e0 son port. En 1453, elle passe de la domination anglaise \u00e0 la domination fran\u00e7aise et, au XVI<sup>e<\/sup> si\u00e8cle, elle devient un <strong>centre n\u00e9grier<\/strong>. Bordeaux \u00e9tait pourtant \u00e0 l&rsquo;\u00e9poque un des bastions de la <strong>pens\u00e9e humaniste<\/strong> et <strong>anti-esclavagiste<\/strong>. Au XVIII<sup>e<\/sup> si\u00e8cle, Bordeaux est l&rsquo;une des capitales europ\u00e9ennes des <strong>Lumi\u00e8res<\/strong>.<\/p>\n<p style=\"text-align: justify;\">Rassemblant <strong>28\u00a0communes<\/strong>, Bordeaux a accueilli en 2017 plus de <strong>7\u00a0millions de touristes<\/strong> venus d\u00e9couvrir ses richesses. La cath\u00e9drale gothique de Saint-Andr\u00e9,\u00a0le\u00a0mus\u00e9e et la galerie des Beaux-Arts, la place des Quinconces ou encore la\u00a0fameuse \u00ab\u00a0pierre de Bordeaux \u00bb : il y en a des choses \u00e0 voir ! Allez contempler le reflet de la place de la Bourse sur le c\u00e9l\u00e8bre miroir d&rsquo;eau,<a name=\"meteobordeaux\"><\/a> puis embarquez pour une\u00a0croisi\u00e8re sur la <strong>Garonne<\/strong> pour aller voir les <strong>vignobles<\/strong> du M\u00e9doc et du Blayais ou les \u00e9paves de navires de la Seconde Guerre mondiale \u00e0 mar\u00e9e basse. Avec tout ce qu&rsquo;elle a \u00e0 offrir, Bordeaux est une ville surprenante o\u00f9 il fait bon vivre.<\/p>\n<h2 style=\"text-align: justify;\">Quand partir \u00e0 Bordeaux\u00a0?<\/h2>\n<p style=\"text-align: justify;\">La ville de Bordeaux b\u00e9n\u00e9ficie du m\u00eame climat que toute la Gironde, de type <strong>oc\u00e9anique aquitain<\/strong>, caract\u00e9ris\u00e9 par des <strong>\u00e9t\u00e9s relativement chauds<\/strong> et des <strong>hivers tr\u00e8s doux<\/strong>. Les temp\u00e9ratures chutent rarement. La temp\u00e9rature minimale varie <strong>de 3 \u00b0C \u00e0 11 \u00b0C<\/strong> (janvier), tandis que la temp\u00e9rature maximale est de <strong>28 \u00b0C<\/strong> (juillet-ao\u00fbt). Les <strong>pr\u00e9cipitations<\/strong> sont cependant fr\u00e9quentes <strong>un tiers de l\u2019ann\u00e9e<\/strong>.<\/p>\n<p style=\"text-align: justify;\">La meilleure p\u00e9riode pour partir \u00e0 Bordeaux se situe <strong>d\u2019avril \u00e0 octobre<\/strong>. Les mois les plus chauds sont <strong>juillet<\/strong>, <strong>ao\u00fbt<\/strong> et <strong>septembre<\/strong>. \u00c0 cette \u00e9poque de l&rsquo;ann\u00e9e, les <strong>touristes sont plus nombreux<\/strong>, \u00e0 vous de voir si cela vous d\u00e9range.\u00a0Pour ceux qui souhaitent se baigner, cette p\u00e9riode de trois mois peut <strong>s&rsquo;\u00e9tendre \u00e0 juin et \u00e0 octobre<\/strong>. Quant aux \u00e9v\u00e9nements bordelais \u00e0 ne pas manquer, peu importe le moment o\u00f9 vous partez, vous trouverez forc\u00e9ment quelque chose \u00e0 faire, une\u00a0multitude de manifestations se d\u00e9roulent \u00e0 Bordeaux tout au long de l\u2019ann\u00e9e.<\/p>\n<p style=\"text-align: justify;\"><a name=\"venirabordeaux\"><\/a><a href=\"https:\/\/blog.likibu.com\/fr\/wp-content\/uploads\/2018\/07\/cathedral-1826113_640.jpg\"><img loading=\"lazy\" class=\"alignnone size-full wp-image-8446\" src=\"https:\/\/blog.likibu.com\/fr\/wp-content\/uploads\/2018\/07\/cathedral-1826113_640.jpg\" alt=\"cathedral-1826113_640\" width=\"640\" height=\"480\" \/><\/a><\/p>\n<h2 style=\"text-align: justify;\">Comment aller \u00e0 Bordeaux\u00a0?<\/h2>\n<h3 style=\"text-align: justify;\">En avion<\/h3>\n<p style=\"text-align: justify;\">Si vous souhaitez prendre l&rsquo;<strong>avion<\/strong> pour vous rendre \u00e0 Bordeaux, l\u2019<strong>a\u00e9roport de Bordeaux-M\u00e9rignac <\/strong>accueille <strong>32\u00a0liaisons r\u00e9guli\u00e8res<\/strong> et plus de 60 vols charters de et vers des r\u00e9gions fran\u00e7aises et des m\u00e9tropoles europ\u00e9ennes. Des vols r\u00e9guliers desservent <strong>24\u00a0destinations internationales<\/strong>. Comptez <strong>environ 96 \u20ac<\/strong> pour un vol au d\u00e9part de<strong> Paris<\/strong>.<\/p>\n<h3 style=\"text-align: justify;\">En train<\/h3>\n<p style=\"text-align: justify;\">La <strong>gare de Bordeaux Saint-Jean<\/strong> est la plus grande gare de la r\u00e9gion Aquitaine. Situ\u00e9e \u00e0 seulement 10\u00a0minutes en tramway du centre historique, elle accueille <strong>260\u00a0trains par jour<\/strong> venant de grandes villes fran\u00e7aises telles que Paris, Lille et Strasbourg, ainsi que <strong>200\u00a0TER<\/strong> reliant Bordeaux aux autres villes d\u2019Aquitaine.<\/p>\n<h3 style=\"text-align: justify;\">En voiture<\/h3>\n<p style=\"text-align: justify;\">Vous pouvez \u00e9galement prendre la <strong>voiture<\/strong> pour vous rendre \u00e0 Bordeaux. Il est possible d\u2019acc\u00e9der facilement \u00e0 la ville gr\u00e2ce au n\u0153ud d\u2019interconnexion autoroutier <strong>A10\/A62\/A63\/A89\/A65<\/strong>.<\/p>\n<h3 style=\"text-align: justify;\">En bateau<\/h3>\n<p style=\"text-align: justify;\"><a name=\"sedeplacerabordeaux\"><\/a>Cependant, l\u2019option d\u2019une arriv\u00e9e par la mer n\u2019est pas \u00e0 \u00e9carter. Bordeaux dispose en effet du deuxi\u00e8me port d\u2019escale de la fa\u00e7ade atlantique (appel\u00e9 le <strong>grand port maritime<\/strong>) et du c\u00e9l\u00e8bre <strong>port de la Lune<\/strong>, alors pourquoi ne pas en profiter ?<\/p>\n<h2 style=\"text-align: justify;\">Se d\u00e9placer dans Bordeaux<\/h2>\n<p style=\"text-align: justify;\">Le <strong>Bordeaux CityPass<\/strong> vous permet de <strong>voyager librement<\/strong> sur tout le r\u00e9seau de transports en commun de Bordeaux. Il vous donne \u00e9galement acc\u00e8s \u00e0 la Cit\u00e9 du Vin, \u00e0 des visites guid\u00e9es, ainsi qu&rsquo;\u00e0 plus de 20 mus\u00e9es et monuments. D&rsquo;autres avantages sont encore \u00e0 d\u00e9couvrir. Il existe trois formules : le <strong>CityPass 24h<\/strong> pour <strong>29\u00a0\u20ac<\/strong>, le <strong>CityPass 48h<\/strong> pour <strong>39\u00a0\u20ac<\/strong>, et le <strong>CityPass 72h<\/strong> pour <strong>46\u00a0\u20ac<\/strong>.<\/p>\n<h3 style=\"text-align: justify;\">En bus<\/h3>\n<p style=\"text-align: justify;\">La ville de Bordeaux compte <strong>78\u00a0lignes de bus<\/strong> qui circulent <strong>de 5h du matin jusqu&rsquo;\u00e0 21h<\/strong> pour certaines, et <strong>de 5h du matin jusqu&rsquo;\u00e0 minuit<\/strong> pour d&rsquo;autres (jusqu&rsquo;\u00e0 <strong>1h du matin<\/strong> les jeudis, vendredis et samedis). Plusieurs types de tickets sont \u00e0 votre disposition : le <strong>ticket 1 voyage<\/strong> \u00e0 <strong>1,60\u00a0\u20ac<\/strong>, le <strong>ticket 5 voyages<\/strong> \u00e0 <strong>6,70\u00a0\u20ac<\/strong> et le <strong>ticket 10 voyages<\/strong> \u00e0 <strong>12,90\u00a0\u20ac<\/strong>.\u00a0\u00c0 savoir que ces tickets sont valables pendant <strong>1h<\/strong> apr\u00e8s la premi\u00e8re validation et que vous pouvez les <strong>partager<\/strong> avec les personnes qui voyagent avec vous.<\/p>\n<h3 style=\"text-align: justify;\">En tramway<\/h3>\n<p style=\"text-align: justify;\">Le <strong>tramway<\/strong> est \u00e9galement un moyen de transport tr\u00e8s usit\u00e9 des Bordelais. Il existe <strong>3\u00a0lignes<\/strong> de tramway (A, B et C) qui desservent <strong>117 stations<\/strong> en centre-ville et en p\u00e9riph\u00e9rie de Bordeaux. Elles fonctionnent <strong>de 5h du matin jusqu&rsquo;\u00e0 minuit<\/strong> (<strong>1h du matin<\/strong> les jeudis, vendredis et samedis). Les prix des tickets sont les m\u00eames que pour le bus.<\/p>\n<h3 style=\"text-align: justify;\">En bateau<\/h3>\n<p style=\"text-align: justify;\">Si vous voulez tenter une exp\u00e9rience pas comme les autres, optez pour le <strong>bateau<\/strong>. Rejoignez les quais de la Garonne et montez \u00e0 bord des navettes fluviales <strong>Bat<sup>3<\/sup><\/strong>\u00a0(prononcer BatCub). Ces deux catamarans assurent une liaison r\u00e9guli\u00e8re entre les deux rives et font en tout <strong>5 arr\u00eats<\/strong>. Les prix des tickets sont les m\u00eames que pour le bus et le tramway (\u00e0 savoir qu&rsquo;il est possible de payer par carte \u00e0 bord du bateau).<\/p>\n<h3 style=\"text-align: justify;\">En v\u00e9lo<\/h3>\n<p style=\"text-align: justify;\">Bordeaux met aussi \u00e0 disposition des riverains un r\u00e9seau de <strong>v\u00e9los en libre-service<\/strong> : <strong>V<sup>3<\/sup><\/strong> (prononcer VCub). Celui-ci compte <strong>1800\u00a0v\u00e9los<\/strong> diss\u00e9min\u00e9s sur <strong>175\u00a0stations<\/strong> \u00e0 travers toute la ville. Les v\u00e9los V<sup>3<\/sup> sont disponibles\u00a0<strong>\u00e0 toute heure<\/strong> et les emplacements strat\u00e9giques des stations vous permettront de facilement emprunter d&rsquo;autres moyens de transport si n\u00e9cessaire. Comptez <strong>1,60\u00a0\u20ac pour une journ\u00e9e<\/strong> et <strong>7\u00a0\u20ac pour une semaine<\/strong>. Lors de votre achat, un <strong>code d&rsquo;acc\u00e8s<\/strong> vous sera d\u00e9livr\u00e9.<\/p>\n<p style=\"text-align: justify;\"><a name=\"quartiersbordeaux\"><\/a><a href=\"https:\/\/blog.likibu.com\/fr\/wp-content\/uploads\/2018\/07\/Bordeaux_France_Fountain-in-Bordeauxs-Place-de-la-Bourse_115014236-min.jpeg\"><img loading=\"lazy\" class=\"alignnone size-full wp-image-8433\" src=\"https:\/\/blog.likibu.com\/fr\/wp-content\/uploads\/2018\/07\/Bordeaux_France_Fountain-in-Bordeauxs-Place-de-la-Bourse_115014236-min.jpeg\" alt=\"Bordeaux_France_Fountain in Bordeaux's Place de la Bourse_115014236-min\" width=\"4660\" height=\"3107\" srcset=\"\/wp-content\/uploads\/2018\/07\/Bordeaux_France_Fountain-in-Bordeauxs-Place-de-la-Bourse_115014236-min.jpeg 4660w, \/wp-content\/uploads\/2018\/07\/Bordeaux_France_Fountain-in-Bordeauxs-Place-de-la-Bourse_115014236-min-750x500.jpeg 750w, \/wp-content\/uploads\/2018\/07\/Bordeaux_France_Fountain-in-Bordeauxs-Place-de-la-Bourse_115014236-min-1024x682.jpeg 1024w\" sizes=\"(max-width: 4660px) 100vw, 4660px\" \/><\/a><\/p>\n<h2 style=\"text-align: justify;\">Dans quel quartier s\u00e9journer \u00e0 Bordeaux ?<\/h2>\n<p style=\"text-align: justify;\">Bordeaux est une ville tr\u00e8s \u00e9tendue avec de nombreux quartiers o\u00f9 il vous sera possible de loger. Vous trouverez \u00e9galement tout type d&rsquo;h\u00e9bergement. Que vous souhaitiez louer une maison ou un appartement, vous trouverez ce qu&rsquo;il faut pour contenter \u00e0 la fois vos envies et votre budget. Pour en savoir plus, d\u00e9couvrez nos conseils sur\u00a0<a href=\"https:\/\/blog.likibu.com\/fr\/ou-dormir-bordeaux\/\">o\u00f9 dormir \u00e0 Bordeaux<\/a>.<\/p>\n<h3 style=\"text-align: justify;\">Le Triangle d\u2019or<\/h3>\n<p style=\"text-align: justify;\">Le <strong>Triangle d&rsquo;or<\/strong> est le quartier le plus <strong>\u00e9l\u00e9gant<\/strong> de Bordeaux. Il abrite des boutiques de luxe et des h\u00f4tels 5 \u00e9toiles. C&rsquo;est un quartier <strong>central<\/strong>, en logeant dans le Triangle d&rsquo;or, vous pourrez acc\u00e9der facilement \u00e0 toutes les parties de la ville, et notamment au c\u0153ur historique (seulement quelques minutes \u00e0 pied).<\/p>\n<p style=\"text-align: justify;\"><strong>Budget :<\/strong> assez \u00e9lev\u00e9.<\/p>\n<h3 style=\"text-align: justify;\">Le centre-ville<\/h3>\n<p style=\"text-align: justify;\">Le <strong>centre-ville<\/strong> est le <strong>c\u0153ur de Bordeaux<\/strong>, et \u00e9galement son quartier <strong>le plus touristique<\/strong>. Ici, vous pourrez admirer les monuments les plus connus de la ville et trouver facilement un h\u00e9bergement car l&rsquo;offre est tr\u00e8s importante.<\/p>\n<p style=\"text-align: justify;\"><strong>Budget :<\/strong> entre 100 et 200 \u20ac la nuit.<\/p>\n<h3 style=\"text-align: justify;\">M\u00e9riadeck<\/h3>\n<p style=\"text-align: justify;\">Situ\u00e9 \u00e0 l&rsquo;ouest du centre-ville, <strong>M\u00e9riadeck<\/strong> est le <strong>quartier d&rsquo;affaires<\/strong> de Bordeaux. Les b\u00e2timents <strong>modernistes<\/strong> et les grands immeubles de bureaux c\u00f4toient les constructions <strong>gothiques<\/strong> comme la cath\u00e9drale Saint-Andr\u00e9 et la tour Pey Berland. Les appartements y sont moins chers que dans le centre historique.<\/p>\n<p style=\"text-align: justify;\"><strong>Budget :<\/strong> entre 50 et 60\u00a0\u20ac la nuit.<\/p>\n<h3 style=\"text-align: justify;\">Le quartier des Chartrons<\/h3>\n<p style=\"text-align: justify;\">Le<strong> quartier des Chartrons<\/strong> est situ\u00e9 au nord du centre-ville, au bord de la Garonne. C&rsquo;est un quartier <strong>bobo<\/strong> et <strong>d\u00e9contract\u00e9<\/strong>, mais aussi le centre du <strong>commerce vinicole<\/strong> de la ville. Ici, vous trouverez toujours un endroit o\u00f9 vous arr\u00eater<a name=\"visitesbordeaux\"><\/a> si vous souhaitez d\u00eener au restaurant avant de rentrer \u00e0 votre h\u00f4tel ou bien \u00e0 votre appartement de location.<\/p>\n<p style=\"text-align: justify;\"><strong>Budget :<\/strong> entre 50 et 100 \u20ac la nuit.<\/p>\n<h2 style=\"text-align: justify;\">Que visiter \u00e0 Bordeaux\u00a0?<\/h2>\n<p style=\"text-align: justify;\">En plus d\u2019\u00eatre agr\u00e9able, la ville de Bordeaux est aussi tr\u00e8s riche historiquement et culturellement parlant. Les monuments incontournables n\u2019y manquent pas ! Voici une petite liste non exhaustive des lieux que vous pourrez visiter durant votre s\u00e9jour :<\/p>\n<ul style=\"text-align: justify;\">\n<li>Appr\u00e9ciez les reflets de la<strong> place de la Bourse<\/strong> et des quais sur le<strong> miroir d\u2019eau<\/strong>\u00a0de Bordeaux, le plus grand du monde ! Si vous venez \u00e0 Bordeaux en hiver, vous ne pourrez malheureusement pas profiter de ce spectacle car l&rsquo;arriv\u00e9e d&rsquo;eau est coup\u00e9e.<\/li>\n<\/ul>\n<ul style=\"text-align: justify;\">\n<li>Visitez la <strong>cath\u00e9drale Saint-Andr\u00e9<\/strong>, l&rsquo;\u00e9difice religieux le plus important de Bordeaux. D&rsquo;architecture gothique, la cath\u00e9drale a accueilli de nombreux personnages historiques c\u00e9l\u00e8bres comme les rois Louis VII et Louis XIII. Prenez \u00e9galement le temps de visiter la <strong>tour Pey Berland<\/strong>, le clocher s\u00e9par\u00e9 de la cath\u00e9drale.<\/li>\n<\/ul>\n<ul style=\"text-align: justify;\">\n<li>Faites un tour \u00e0 la <strong>basilique Saint-Michel<\/strong>, autre lieu de culte important de Bordeaux. Avec ses 17 chapelles contenant des \u0153uvres d&rsquo;art, il y a beaucoup \u00e0 voir. La basilique partage la m\u00eame particularit\u00e9 que la cath\u00e9drale Saint-Andr\u00e9, son clocher se situe \u00e0 part. Prenez tout de m\u00eame la peine de monter tout en haut de la <strong>fl\u00e8che Saint-Michel<\/strong> pour profiter de la vue.<\/li>\n<\/ul>\n<ul style=\"text-align: justify;\">\n<li>D\u00e9couvrez la c\u00e9l\u00e8bre <strong>Cit\u00e9 du Vin<\/strong>, un lieu d&rsquo;exposition d\u00e9di\u00e9 au vin. Au programme, 3000 m\u00b2 de parcours distribu\u00e9s en 19 espaces th\u00e9matiques et 120 productions audiovisuelles.<\/li>\n<\/ul>\n<p style=\"text-align: justify;\">Vous pouvez \u00e9galement parcourir la ville avec un guide gr\u00e2ce au <strong>Bordeaux Authentic Tour<\/strong>. Durant une heure, \u00e0 bord d\u2019un bus cabriolet, vous aurez l\u2019opportunit\u00e9 de faire une <strong>visite panoramique et audio-guid\u00e9e<\/strong> de Bordeaux. Vous d\u00e9couvrirez entre autres la place de la Bourse, l&rsquo;esplanade des Quinconces, la grosse cloche, et le Grand Th\u00e9\u00e2tre. Vous pourrez en profiter pour seulement <strong>11,50 \u20ac<\/strong>.<\/p>\n<p><a name=\"restaurantsbordeaux\"><\/a><a href=\"https:\/\/blog.likibu.com\/fr\/wp-content\/uploads\/2018\/07\/bordeaux-2252559_640.jpg\"><img loading=\"lazy\" class=\"alignnone size-full wp-image-8445\" src=\"https:\/\/blog.likibu.com\/fr\/wp-content\/uploads\/2018\/07\/bordeaux-2252559_640.jpg\" alt=\"bordeaux-2252559_640\" width=\"640\" height=\"480\" \/><\/a><\/p>\n<h2 style=\"text-align: justify;\">Que et o\u00f9 manger \u00e0 Bordeaux\u00a0?<\/h2>\n<p style=\"text-align: justify;\">Mis \u00e0 part la route des vins, il vous faudra \u00e9galement vous laisser tenter par la gastronomie bordelaise. Voici les\u00a0<a href=\"https:\/\/blog.likibu.com\/fr\/specialites-vins-bordeaux\/\" target=\"_blank\">sp\u00e9cialit\u00e9s\u00a0et vins de Bordeaux<\/a>\u00a0\u00e0 tester absolument, et quelques bonnes adresses o\u00f9 se restaurer en prime !<\/p>\n<p style=\"text-align: justify;\">Pour les plus gourmands, d\u00e9couvrez vite notre article sur les <a href=\"https:\/\/blog.likibu.com\/fr\/specialite-culinaire-manger-bordeaux-sud-ouest\/\">sp\u00e9cialit\u00e9s culinaires du Sud-Ouest<\/a> !<\/p>\n<h3 style=\"text-align: justify;\">Quelques sp\u00e9cialit\u00e9s bordelaises<\/h3>\n<ul style=\"text-align: justify;\">\n<li>Les <strong>grands crus<\/strong> repr\u00e9sentant le terroir tels que le bordeaux, le m\u00e9doc, le pomerol, le c\u00f4tes-de-bordeaux, le saint-\u00e9milion, le saint-julien ou encore le pauillac.<\/li>\n<\/ul>\n<ul style=\"text-align: justify;\">\n<li>La <strong>lamproie \u00e0 la bordelaise<\/strong>\u00a0est un plat traditionnel \u00e0 base de lamproie coup\u00e9e en tranches et cuite avec des poireaux dans une sauce au vin rouge.<\/li>\n<\/ul>\n<ul style=\"text-align: justify;\">\n<li>L\u2019<strong>entrec\u00f4te \u00e0 la bordelaise<\/strong>, grill\u00e9e \u00e0 la po\u00eale ou cuite sur des sarments de vigne, servie avec des \u00e9chalotes et une sauce au vin rouge et \u00e0 la moelle de b\u0153uf.<\/li>\n<\/ul>\n<ul style=\"text-align: justify;\">\n<li>Les <strong>canel\u00e9s<\/strong>\u00a0sont de petits g\u00e2teaux sucr\u00e9s qui fondent dans la bouche. Ils sont parfum\u00e9s au rhum et \u00e0 la vanille et recouvert d&rsquo;une fine cro\u00fbte caram\u00e9lis\u00e9e.<\/li>\n<\/ul>\n<h3>Quelques bons restaurants<\/h3>\n<ul style=\"text-align: justify;\">\n<li><strong>La Taupini\u00e8re<\/strong> est\u00a0une brasserie conviviale o\u00f9 tous les plats sont faits maison. \u00c0 la carte, beaucoup de viande, mais des options v\u00e9g\u00e9tariennes sont \u00e9galement disponibles. Laissez-vous tenter par le steak tartare Taup&rsquo;n sauces et ses frites ! La Taupini\u00e8re se trouve au 9 quai de la Monnaie.<\/li>\n<\/ul>\n<ul style=\"text-align: justify;\">\n<li><strong>Cantine Gourmande<\/strong>\u00a0offre un v\u00e9ritable plaisir gourmand, et \u00e7a pour pas cher ! Le cadre est tr\u00e8s sympa et le personnel accueillant. Venez d\u00e9guster de bons burgers, hot-dogs, salades et m\u00eame des tapas ! Cantine Gourmande se situe au 2 rue Flornoy.<\/li>\n<\/ul>\n<ul style=\"text-align: justify;\">\n<li><strong>Peponne<\/strong> est une pizzeria parfaite\u00a0pour ceux qui veulent d\u00e9guster une cuisine italienne de haute qualit\u00e9 pour un prix raisonnable (dans les 20 \u20ac). Petit plus : vous allez choisir vous-m\u00eame votre vin \u00e0 la cave ! Peponne se trouve au 31 cours Georges Clemenceau.<\/li>\n<\/ul>\n<ul style=\"text-align: justify;\">\n<li><strong>Restaurant Influences<\/strong>\u00a0vous propose un menu surprise dont les plats changent selon les saisons et les envies des chefs. Les prix varient entre 23 \u20ac et 50 \u20ac (sans les accords mets et vins). Restaurant Influences se situe au 36 Rue Saint Sernin,\u00a0pr\u00e8s du parc Gambetta.<a name=\"sortiesbordeaux\"><\/a><\/li>\n<\/ul>\n<ul style=\"text-align: justify;\">\n<li><strong>H\u00e2 Restaurant<\/strong>\u00a0et son chef Gr\u00e9goire Rousseau vous propose une cuisine internationale et \u00e9clectique pour des prix entre 25 et 60 \u20ac. H\u00e2 Restaurant est situ\u00e9 en centre-ville, au 50 rue du H\u00e2.<\/li>\n<\/ul>\n<h2 style=\"text-align: justify;\">La vie nocturne \u00e0 Bordeaux<\/h2>\n<p style=\"text-align: justify;\">La vie nocturne \u00e0 Bordeaux est tr\u00e8s riche, surtout dans les quartiers <strong>Saint-Pierre<\/strong>, <strong>Notre-Dame<\/strong>, <strong>Bacalan<\/strong>, <strong>Chartrons<\/strong> et <strong>la Bastide<\/strong> qui sont les meilleurs pour sortir. Que vous soyez un amateur de soir\u00e9es festives, de spectacles, ou que vous souhaitiez simplement boire un verre, Bordeaux a ce qu&rsquo;il vous faut avec ses 20\u00a0salles de spectacle, ses 25\u00a0bo\u00eetes de nuits et discoth\u00e8ques, ses nombreux bars, et son casino. Pour en savoir plus, jetez un \u0153il \u00e0 notre article sur\u00a0<a href=\"https:\/\/blog.likibu.com\/fr\/sortir-bordeaux\/\">o\u00f9 sortir \u00e0 Bordeaux<\/a>.<\/p>\n<h3 style=\"text-align: justify;\">Mama Shelter<\/h3>\n<p style=\"text-align: justify;\">Le <strong>Mama Shelter<\/strong> est un <strong>h\u00f4tel-restaurant<\/strong> qui dispose \u00e9galement d&rsquo;un <em><strong>rooftop<\/strong><\/em> o\u00f9 vous pourrez tranquillement siroter un verre. Des <strong>DJ<\/strong> sont \u00e9galement r\u00e9guli\u00e8rement invit\u00e9s \u00e0 se produire, du jeudi au samedi soir.<\/p>\n<h3 style=\"text-align: justify;\">La Vie Moderne<\/h3>\n<p style=\"text-align: justify;\"><strong>La Vie Moderne<\/strong> est un <strong>bar<\/strong> cosy o\u00f9 vous pourrez passer une soir\u00e9e agr\u00e9able avec vos amis. Installez-vous \u00e0\u00a0l&rsquo;\u00e9tage pour profiter de l&rsquo;<strong>ambiance feu de chemin\u00e9e<\/strong>, ou bien restez au rez-de-chauss\u00e9e et m\u00ealez-vous \u00e0 la <strong>joyeuse foule<\/strong>\u00a0qui se presse autour du bar. Si vous souhaitez avoir une <strong>place assise<\/strong>, pr\u00e9voyez de <strong>venir un peu plus t\u00f4t<\/strong> car La Vie Moderne est un \u00e9tablissement tr\u00e8s fr\u00e9quent\u00e9 !<\/p>\n<h3 style=\"text-align: justify;\">Le 21<\/h3>\n<p style=\"text-align: justify;\"><strong>Le 21<\/strong> est une <strong>bo\u00eete de nuit<\/strong> situ\u00e9e pr\u00e8s de la galerie des Grands Hommes. Vous pourrez y danser sur de la <strong>musique actuelle<\/strong> et go\u00fbter les <strong>cocktails<\/strong> du barman. La client\u00e8le commence \u00e0 affluer vers <strong>2h du matin<\/strong> et le club ferme \u00e0 <strong>5h<\/strong>.<\/p>\n<h3 style=\"text-align: justify;\">IBOAT<\/h3>\n<p style=\"text-align: justify;\">Pourquoi ne pas faire la f\u00eate sur l&rsquo;eau ? Le <strong>IBOAT<\/strong> est un <strong>ferry de trois \u00e9tages<\/strong> qui vous accueille pour vos soir\u00e9es.\u00a0\u00c0 l&rsquo;int\u00e9rieur, une <strong>salle de concert-bo\u00eete de nuit<\/strong>. Venez \u00e9couter des artistes jouer <strong>de 19h \u00e0 23h<\/strong>, puis vous d\u00e9hancher sur la piste <strong>de 23h30 \u00e0 6h du matin<\/strong>. Il est \u00e9galement possible de profiter de la <strong>terrasse chauff\u00e9e<\/strong> qui accueille des <strong>concerts acoustiques<\/strong> et des <strong>DJ<\/strong>.<\/p>\n<p style=\"text-align: justify;\">Cet article sur Bordeaux vous a plu ? N&rsquo;h\u00e9sitez pas \u00e0 d\u00e9couvrir nos conseils pour bien pr\u00e9parer votre s\u00e9jour \u00e0 <a href=\"https:\/\/blog.likibu.com\/fr\/visiter-paris\/\">Paris<\/a> !<\/p>\n","protected":false},"excerpt":{"rendered":"<p>Votre prochaine destination de vacances sera Bordeaux, une ville connue pour la beaut\u00e9 de son architecture, son cadre de vie parfait et surtout ses vins et vignobles. Une balade en bateau, un plan shopping, un \u00e9v\u00e9nement culturel&#8230; Les choses \u00e0 faire ne manquent pas \u00e0  <a class=\"read-more\" href=\"https:\/\/blog.likibu.com\/fr\/visiter-bordeaux\/\">Suite &rarr;<\/a><\/p>\n","protected":false},"author":81,"featured_media":0,"parent":0,"menu_order":0,"comment_status":"closed","ping_status":"open","template":"","meta":[],"_links":{"self":[{"href":"https:\/\/blog.likibu.com\/fr\/wp-json\/wp\/v2\/pages\/8428"}],"collection":[{"href":"https:\/\/blog.likibu.com\/fr\/wp-json\/wp\/v2\/pages"}],"about":[{"href":"https:\/\/blog.likibu.com\/fr\/wp-json\/wp\/v2\/types\/page"}],"author":[{"embeddable":true,"href":"https:\/\/blog.likibu.com\/fr\/wp-json\/wp\/v2\/users\/81"}],"replies":[{"embeddable":true,"href":"https:\/\/blog.likibu.com\/fr\/wp-json\/wp\/v2\/comments?post=8428"}],"version-history":[{"count":32,"href":"https:\/\/blog.likibu.com\/fr\/wp-json\/wp\/v2\/pages\/8428\/revisions"}],"predecessor-version":[{"id":11874,"href":"https:\/\/blog.likibu.com\/fr\/wp-json\/wp\/v2\/pages\/8428\/revisions\/11874"}],"wp:attachment":[{"href":"https:\/\/blog.likibu.com\/fr\/wp-json\/wp\/v2\/media?parent=8428"}],"curies":[{"name":"wp","href":"https:\/\/api.w.org\/{rel}","templated":true}]}}