{"id":8556,"date":"2018-07-17T10:13:20","date_gmt":"2018-07-17T09:13:20","guid":{"rendered":"https:\/\/blog.likibu.com\/fr\/?page_id=8556"},"modified":"2018-08-07T13:53:02","modified_gmt":"2018-08-07T12:53:02","slug":"visiter-marseille","status":"publish","type":"page","link":"https:\/\/blog.likibu.com\/fr\/visiter-marseille\/","title":{"rendered":"Visiter Marseille"},"content":{"rendered":"<p style=\"text-align: justify;\">Pour vos prochaines vacances, partez \u00e0 la d\u00e9couverte du Vieux-Port, du ch\u00e2teau d\u2019If, des magnifiques calanques et des eaux turquoises de Marseille. Situ\u00e9e dans le sud de la France, aux abords de la mer M\u00e9diterran\u00e9e, la cit\u00e9 de Marseille est une destination parfaite pour profiter du soleil. Afin de vivre une exp\u00e9rience inoubliable, d\u00e9couvrez quelques bons plans sur les meilleurs quartiers, les restaurants \u00e0 essayer et les lieux d\u2019int\u00e9r\u00eat de la magnifique ville de Marseille !<\/p>\n<ul style=\"text-align: justify;\">\n<li style=\"text-align: justify;\"><a href=\"#histoiremarseille\">Histoire et culture de Marseille<\/a><\/li>\n<li style=\"text-align: justify;\"><a href=\"#meteomarseille\">Quand partir \u00e0 Marseille ?<\/a><\/li>\n<li style=\"text-align: justify;\"><a href=\"#veniramarseille\">Comment aller \u00e0 Marseille ?<\/a><\/li>\n<li style=\"text-align: justify;\"><a href=\"#sedeplaceramarseille\">Se d\u00e9placer dans Marseille<\/a><\/li>\n<li style=\"text-align: justify;\"><a href=\"#quartiersmarseille\">O\u00f9 dormir \u00e0 Marseille ?<\/a><\/li>\n<li style=\"text-align: justify;\"><a href=\"#visitesmarseille\">Que visiter \u00e0 Marseille ?<\/a><\/li>\n<li style=\"text-align: justify;\"><a href=\"#restaurantsmarseille\">O\u00f9 manger \u00e0 Marseille ?<\/a><\/li>\n<li style=\"text-align: justify;\"><a href=\"#sortiesmarseille\">La vie nocturne \u00e0 Marseille<\/a><\/li>\n<li style=\"text-align: justify;\"><a href=\"#itinerairesmarseille\">Les visites guid\u00e9es \u00e0 Marseille<\/a><\/li>\n<\/ul>\n<p style=\"text-align: justify;\"><a name=\"histoiremarseille\"><\/a><a href=\"https:\/\/blog.likibu.com\/fr\/wp-content\/uploads\/2018\/04\/Marseille_France_Notre-Dame-de-la-Garde-and-olf-port-in-Marseille-France_94726032.jpg\"><img loading=\"lazy\" class=\"alignnone size-full wp-image-7096\" src=\"https:\/\/blog.likibu.com\/fr\/wp-content\/uploads\/2018\/04\/Marseille_France_Notre-Dame-de-la-Garde-and-olf-port-in-Marseille-France_94726032.jpg\" alt=\"Notre Dame de la Garde and olf port in Marseille, France\" width=\"2000\" height=\"1333\" srcset=\"\/wp-content\/uploads\/2018\/04\/Marseille_France_Notre-Dame-de-la-Garde-and-olf-port-in-Marseille-France_94726032.jpg 2000w, \/wp-content\/uploads\/2018\/04\/Marseille_France_Notre-Dame-de-la-Garde-and-olf-port-in-Marseille-France_94726032-750x499.jpg 750w, \/wp-content\/uploads\/2018\/04\/Marseille_France_Notre-Dame-de-la-Garde-and-olf-port-in-Marseille-France_94726032-1024x682.jpg 1024w\" sizes=\"(max-width: 2000px) 100vw, 2000px\" \/><\/a><\/p>\n<h2 style=\"text-align: justify;\">Histoire et culture de Marseille<\/h2>\n<p style=\"text-align: justify;\">Cr\u00e9\u00e9e en 600 av. J.-C. par les marins grecs de Phoc\u00e9e, d\u2019o\u00f9 son appellation de <strong>cit\u00e9 phoc\u00e9enne<\/strong>, Marseille est une <strong>ville portuaire<\/strong> et un <strong>carrefour de l\u2019immigration<\/strong>. C\u2019est la plus ancienne ville de France et la deuxi\u00e8me ville la plus peupl\u00e9e.<\/p>\n<p style=\"text-align: justify;\">Riche en vestiges de 26\u00a0si\u00e8cles d\u2019histoire, la ville de Marseille a su s\u2019imposer en tant que <strong>destination touristique incontournable<\/strong> en Europe et dans le monde en offrant aux vacanciers <strong>300 jours par an sous le soleil<\/strong>. Le magazine\u00a0<em>National Geographic<\/em>\u00a0l&rsquo;a class\u00e9e <strong>5<sup>e<\/sup><\/strong>\u00a0dans sa liste des plus belles villes c\u00f4ti\u00e8res du monde et, en 2014, <strong>plus de 5\u00a0millions de visiteurs<\/strong> y ont pass\u00e9 leurs vacances. Un s\u00e9jour \u00e0 Marseille vous promet une belle promenade sur la Canebi\u00e8re, la visite de l\u2019\u00e9glise des R\u00e9form\u00e9s, une vir\u00e9e en bateau, ou bien la d\u00e9couverte du march\u00e9 aux poissons du Vieux-Port. Vous pourrez \u00e9galement profiter d\u2019un paysage exceptionnel avec vue sur la mer\u00a0: la fa\u00e7ade maritime de Marseille s\u2019\u00e9tend sur 57\u00a0km dont <strong>20\u00a0km de calanques<\/strong>. Marseille abrite d&rsquo;ailleurs le premier parc national des Calanques et dispose encore de <strong>larges espaces naturels<\/strong> sur 100\u00a0km<sup>2<\/sup>.<\/p>\n<p style=\"text-align: justify;\"><a name=\"meteomarseille\"><\/a>C&rsquo;est \u00e9galement \u00e0 Marseille que se trouvent la premi\u00e8re a\u00e9rogare low cost d&rsquo;Europe et le premier port de croisi\u00e8re et de fret de France, qui a accueilli\u00a0plus de 1,4\u00a0million de passagers en 2015.<\/p>\n<h2 style=\"text-align: justify;\">Quand partir \u00e0 Marseille\u00a0?<\/h2>\n<p style=\"text-align: justify;\">Marseille dispose d\u2019un <strong>climat m\u00e9diterran\u00e9en<\/strong> aux temp\u00e9ratures agr\u00e9ables. Elle profite d\u2019une dur\u00e9e d\u2019ensoleillement exceptionnelle (<strong>300\u00a0jours\/an<\/strong>), du fait de la pr\u00e9sence du vent de secteur nord, froid et sec, d\u00e9nomm\u00e9 \u00ab <strong>mistral<\/strong>\u00a0\u00bb. En moyenne, la temp\u00e9rature est de <strong>8 \u00b0C<\/strong>\u00a0en hiver, <strong>19 \u00b0C<\/strong>\u00a0au printemps, <strong>25 \u00b0C<\/strong>\u00a0en \u00e9t\u00e9 et <strong>14 \u00b0C<\/strong>\u00a0en automne.<\/p>\n<p style=\"text-align: justify;\">Les mois les plus chauds sont donc <strong>juillet<\/strong> et <strong>ao\u00fbt<\/strong>. La saison estivale est tr\u00e8s s\u00e8che et la chaleur peut atteindre la barre des <strong>30 \u00b0C<\/strong>, m\u00eame si le mistral apaise parfois l\u2019atmosph\u00e8re. Les temp\u00e9ratures sont plus cl\u00e9mentes en <strong>avril<\/strong> et <strong>mai<\/strong>, mais le meilleur moment pour visiter Marseille s\u2019\u00e9tend du mois d\u2019<strong>avril<\/strong> au mois d\u2019<strong>octobre<\/strong>, de pr\u00e9f\u00e9rence avant ou apr\u00e8s l\u2019\u00e9t\u00e9 pour ne pas souffrir de la <strong>canicule<\/strong>.<\/p>\n<p style=\"text-align: justify;\">N\u00e9anmoins, le <strong>printemps<\/strong> ou la <strong>fin de l\u2019\u00e9t\u00e9<\/strong> permettent de rejoindre Marseille pour pas cher\u00a0car les <strong>tarifs sont en baisse<\/strong>. De plus, la m\u00e9t\u00e9o est plus cl\u00e9mente et les touristes un peu moins nombreux \u00e0 cette \u00e9poque de l&rsquo;ann\u00e9e.<\/p>\n<p style=\"text-align: justify;\"><a name=\"veniramarseille\"><\/a><a href=\"https:\/\/blog.likibu.com\/fr\/wp-content\/uploads\/2016\/09\/Marseille-kbxxus.jpg\"><img loading=\"lazy\" class=\"alignnone size-full wp-image-3104\" src=\"https:\/\/blog.likibu.com\/fr\/wp-content\/uploads\/2016\/09\/Marseille-kbxxus.jpg\" alt=\"Marseille - kbxxus\" width=\"640\" height=\"480\" \/><\/a><\/p>\n<h2 style=\"text-align: justify;\">Comment aller \u00e0 Marseille\u00a0?<\/h2>\n<h3 style=\"text-align: justify;\">En avion<\/h3>\n<p style=\"text-align: justify;\">Pour aller \u00e0 Marseille, plusieurs moyens s\u2019offrent \u00e0 vous, mais l\u2019option la plus rapide est l&rsquo;<strong>avion<\/strong>. L\u2019<strong>a\u00e9roport Marseille-Provence<\/strong> (MRS) se trouve \u00e0 25\u00a0km du centre-ville, \u00e0 Marignane. Il s\u2019agit du 5<sup>e<\/sup> a\u00e9roport fran\u00e7ais, il dessert <strong>plus de 100\u00a0destinations<\/strong> et accueille une <strong>trentaine de compagnies<\/strong>. Chaque ann\u00e9e, un peu moins de 10\u00a0millions de voyageurs passent par l\u2019a\u00e9roport Marseille-Provence. Comptez dans les\u00a0<strong>80 \u20ac<\/strong> pour un vol depuis<strong> Paris<\/strong>. En haute saison, le mois d\u2019<strong>avril<\/strong> est le plus pris\u00e9. Une hausse de <strong>20\u00a0%<\/strong> des prix est estim\u00e9e. Pensez \u00e0 r\u00e9server <strong>\u00e0 l\u2019avance<\/strong> pour voyager de mani\u00e8re s\u00fbre.<\/p>\n<h3 style=\"text-align: justify;\">En train<\/h3>\n<p style=\"text-align: justify;\">Pour aller \u00e0 Marseille en <strong>train<\/strong>, la <strong>gare de Marseille-Saint-Charles<\/strong> est la plus importante de la ville. Form\u00e9e de seize voies \u00e0 quai en impasse, elle est l\u2019aboutissement de la ligne venant de <strong>Paris<\/strong> et de <strong>Lyon<\/strong>. Toutes les liaisons principales passent par cette gare. Tel est le cas des nombreuses lignes TGV, Ouigo, Intercit\u00e9s et TER de la SNCF, mais \u00e9galement des lignes Thalys (Belgique, Allemagne, Pays-Bas), Eurostar (Angleterre), Thello (Italie), Lyria (Suisse) ou encore Renfe (Espagne). Le voyage en train depuis <strong>Paris<\/strong> \u00e0 bord d\u2019un TGV dure environ <strong>3h15<\/strong> pour un tarif variant<strong> de 57 \u20ac \u00e0 116 \u20ac<\/strong> selon la p\u00e9riode.<\/p>\n<h3 style=\"text-align: justify;\">En bus<\/h3>\n<p style=\"text-align: justify;\">Le <strong>bus<\/strong> peut \u00e9galement \u00eatre un solution pour aller \u00e0 Marseille. Plusieurs compagnies comme Ouibus, Isilines, FlixBus, BlaBlaCar et Eurolines desservent la ville de Marseille en passant par la <strong>gare routi\u00e8re Saint-Charles<\/strong>. Les prix des billets vont <strong>de 20 \u20ac \u00e0 60 \u20ac<\/strong> depuis <strong>Paris<\/strong> (660\u00a0km).<\/p>\n<h3 style=\"text-align: justify;\">En voiture<\/h3>\n<p style=\"text-align: justify;\">Il est possible d\u2019acc\u00e9der \u00e0 Marseille avec votre propre <strong>voiture<\/strong> via <strong>trois autoroutes<\/strong> : l\u2019autoroute du soleil (A7), l\u2019autoroute du littoral (A55) et l\u2019autoroute Est (A50). Pensez cependant qu&rsquo;il vous faudra payer le <strong>p\u00e9age<\/strong>, et peut-\u00eatre le <strong>parking<\/strong> une fois arriv\u00e9 \u00e0 destination.<a name=\"sedeplaceramarseille\"><\/a><\/p>\n<h3 style=\"text-align: justify;\">En bateau<\/h3>\n<p style=\"text-align: justify;\">La voie maritime n\u2019est pas \u00e0 \u00e9carter non plus. Des <strong>bateaux<\/strong> assurent environ <strong>220\u00a0liaisons r\u00e9guli\u00e8res<\/strong> qui partent du Moyen-Orient et d\u2019Afrique du Nord.<\/p>\n<h2 style=\"text-align: justify;\">Se d\u00e9placer dans Marseille<\/h2>\n<p style=\"text-align: justify;\">Le <strong>pass XL<\/strong> permet de voyager en illimit\u00e9 sur le r\u00e9seau RTM (bus, m\u00e9tro, tramway, ferry-boat), sur le r\u00e9seau TER dans Marseille et Sept\u00e8mes-les-Vallons, et sur le r\u00e9seau Transm\u00e9tropole. Comptez <strong>14,50 \u20ac<\/strong> pour le <strong>pass XL 7\u00a0jours<\/strong>.<\/p>\n<h3 style=\"text-align: justify;\">En bus<\/h3>\n<p style=\"text-align: justify;\">Sur un r\u00e9seau de 950\u00a0km, Marseille dispose de <strong>119\u00a0lignes de bus<\/strong> qui desservent la totalit\u00e9 de la ville ainsi qu\u2019Allauch, Plan-de-Cuques et Sept\u00e8mes-les-Vallons. Un ticket vous co\u00fbtera <strong>1,80\u00a0\u20ac<\/strong>.<\/p>\n<h3 style=\"text-align: justify;\">En m\u00e9tro<\/h3>\n<p style=\"text-align: justify;\"><strong>Deux lignes de m\u00e9tro<\/strong> assurent la liaison entre les <strong>30\u00a0stations<\/strong> existantes. Le r\u00e9seau de m\u00e9tro fait 21,5\u00a0km de longueur. Un ticket vous co\u00fbtera <strong>1,50\u00a0\u20ac<\/strong>.<\/p>\n<h3 style=\"text-align: justify;\">En tramway<\/h3>\n<p style=\"text-align: justify;\">Le <strong>tramway<\/strong> comporte <strong>trois lignes<\/strong> totalisant environ 15,8\u00a0km et <strong>40 stations<\/strong>. Comme pour le m\u00e9tro, un ticket vous co\u00fbtera <strong>1,50 \u20ac<\/strong>.<\/p>\n<h3 style=\"text-align: justify;\">En navette maritime<\/h3>\n<p style=\"text-align: justify;\">Un trajet en <strong>navette maritime<\/strong> vous co\u00fbtera <strong>5\u00a0\u20ac<\/strong>. Vous pouvez l&#8217;emprunter seulement entre mars et septembre. Elle relie le Vieux-Port, la Pointe-Rouge et les Goudes, ainsi que le Vieux-Port et l\u2019Estaque.<\/p>\n<h3 style=\"text-align: justify;\">En ferry-boat<\/h3>\n<p style=\"text-align: justify;\">Tr\u00e8s pris\u00e9 par les touristes, le <strong>ferry-boat<\/strong> assure la travers\u00e9e du Vieux-Port, de l\u2019h\u00f4tel de ville \u00e0 la place aux Huiles.<\/p>\n<h3 style=\"text-align: justify;\">En v\u00e9lo<\/h3>\n<p style=\"text-align: justify;\">Une autre option pour se d\u00e9placer dans Marseille est le syst\u00e8me de <strong>v\u00e9lopartage<\/strong> \u00ab <strong>le v\u00e9lo<\/strong>\u00a0\u00bb. Fonctionnant 24h\/24, il comporte <strong>130\u00a0stations<\/strong> et <strong>1000\u00a0v\u00e9los<\/strong>, r\u00e9partis principalement en centre-ville et au sud-ouest de la ville. Pour louer un v\u00e9lo, vous devrez payer <strong>1 \u20ac<\/strong>. La premi\u00e8re demi-heure est <strong>gratuite<\/strong>, puis vous devrez payer <strong>1 \u20ac<\/strong> par heure suppl\u00e9mentaire.<\/p>\n<p style=\"text-align: justify;\"><a name=\"quartiersmarseille\"><\/a><a href=\"https:\/\/blog.likibu.com\/fr\/wp-content\/uploads\/2016\/09\/Marseille-decar66.jpg\"><img loading=\"lazy\" class=\"alignnone size-full wp-image-3103\" src=\"https:\/\/blog.likibu.com\/fr\/wp-content\/uploads\/2016\/09\/Marseille-decar66.jpg\" alt=\"Marseille - decar66\" width=\"640\" height=\"424\" \/><\/a><\/p>\n<h2 style=\"text-align: justify;\">Dans quel quartier s\u00e9journer \u00e0 Marseille\u00a0?<\/h2>\n<p style=\"text-align: justify;\">En qu\u00eate d\u2019un endroit\u00a0 <a href=\"https:\/\/blog.likibu.com\/fr\/ou-dormir-marseille\/\">o\u00f9 dormir \u00e0\u00a0Marseille<\/a>\u00a0? Le choix est immense. Que vous souhaitiez un appartement ou une auberge conviviale, face \u00e0 la mer pour admirer le Vieux-Port, pr\u00e8s des plages, dans les hauteurs de la ville ou dans le centre historique, notre liste des meilleurs quartiers va vous aider \u00e0 trouver ce qui conviendra \u00e0 vos attentes et \u00e0 votre budget.<\/p>\n<h3 style=\"text-align: justify;\">Le Vieux-Port<\/h3>\n<p style=\"text-align: justify;\">Le <strong>Vieux-Port<\/strong>, c&rsquo;est le centre de Marseille et son <strong>c\u0153ur historique<\/strong>. C\u2019est l\u2019endroit parfait si vous souhaitez dormir pr\u00e8s des diff\u00e9rents lieux d\u2019int\u00e9r\u00eat, commerces, restaurants, activit\u00e9s culturelles, etc. Cela facilitera certainement vos d\u00e9placements. Les tarifs des logements y sont tr\u00e8s vari\u00e9s. Que vous souhaitiez une chambre basique \u00e0 <strong>20 \u20ac<\/strong> ou un endroit luxueux pour plus de <strong>220 \u20ac<\/strong>, il y en a pour tous les go\u00fbts et tous les porte-monnaie.<\/p>\n<h3 style=\"text-align: justify;\">Le Panier<\/h3>\n<p style=\"text-align: justify;\"><strong>Le Panier<\/strong> est le <strong>plus ancien quartier<\/strong> de Marseille et il se trouve pr\u00e8s du Vieux-Port. <strong>Populaire<\/strong> et <strong>convivial<\/strong>, il abrite plusieurs ateliers d\u2019artistes, des bars, des restaurants, des monuments historiques, etc. C\u2019est un endroit parfait pour un s\u00e9jour pittoresque, historique et dans le <strong>calme<\/strong>.<\/p>\n<h3 style=\"text-align: justify;\">La Canebi\u00e8re<\/h3>\n<p style=\"text-align: justify;\">Un peu <strong>bruyante<\/strong>, la <strong>Canebi\u00e8re<\/strong>, avec son march\u00e9 et ses commerces, convient n\u00e9anmoins \u00e0 tous ceux qui recherchent un lieu <strong>dynamique<\/strong> et <strong>toujours en mouvement<\/strong>. \u00c0 fuir si vous n\u2019aimez pas le bruit\u00a0! Le tarif des h\u00e9bergements tourne <strong>aux environs de 90 \u20ac<\/strong>.<\/p>\n<h3 style=\"text-align: justify;\">L\u2019Estaque<\/h3>\n<p style=\"text-align: justify;\">Pour trouver un\u00a0h\u00e9bergement<strong> pas cher<\/strong>, orientez-vous vers le quartier de<strong> l\u2019Estaque<\/strong>. Cet endroit vous impressionnera par ses airs de <strong>village<\/strong> avec son port de p\u00eache et ses toits de tuiles rouges. Il est parfait pour admirer le port et c&rsquo;est l\u00e0 que se concentre la plupart des mus\u00e9es de Marseille.<\/p>\n<p style=\"text-align: justify;\"><a name=\"visitesmarseille\"><\/a><a href=\"https:\/\/blog.likibu.com\/fr\/wp-content\/uploads\/2016\/09\/Marseille-Mickael-T..jpg\"><img loading=\"lazy\" class=\"alignnone size-full wp-image-3101\" src=\"https:\/\/blog.likibu.com\/fr\/wp-content\/uploads\/2016\/09\/Marseille-Mickael-T..jpg\" alt=\"Marseille - Mickael T.\" width=\"640\" height=\"360\" \/><\/a><\/p>\n<h2 style=\"text-align: justify;\">Que visiter \u00e0 Marseille\u00a0?<\/h2>\n<p style=\"text-align: justify;\">La ville de Marseille compte plusieurs sites et monuments, d\u2019innombrables mus\u00e9es comme le mus\u00e9e Grobet-Labadi\u00e9, le mus\u00e9e d\u2019art contemporain, l&rsquo;abbaye Saint-Victor et la cath\u00e9drale de la Major. Difficile de choisir <a href=\"https:\/\/blog.likibu.com\/fr\/que-visiter-marseille\/\">quoi visiter \u00e0 Marseille<\/a> ! N\u00e9anmoins, certains lieux et monuments sont des <a href=\"https:\/\/blog.likibu.com\/fr\/marseille-les-incontournables-ville\/\">incontournables d&rsquo;une visite de la cit\u00e9 phoc\u00e9enne<\/a>&#8230;<\/p>\n<ul style=\"text-align: justify;\">\n<li>La<strong> Canebi\u00e8re<\/strong>\u00a0est la plus c\u00e9l\u00e8bre avenue de Marseille. Traversant le centre-ville sur 1 km, elle relie l&rsquo;\u00e9glise des R\u00e9form\u00e9s et le Vieux-Port.<\/li>\n<\/ul>\n<ul style=\"text-align: justify;\">\n<li>Le <strong>palais du Pharo<\/strong>\u00a0est un monument embl\u00e9matique de Marseille. \u00c9difi\u00e9 sous Napol\u00e9lon\u00a0III, il surplombe la mer M\u00e9diterran\u00e9e et offre une vue imprenable sur l\u2019horizon.<\/li>\n<\/ul>\n<ul style=\"text-align: justify;\">\n<li>La <strong>Cit\u00e9 radieuse<\/strong>\u00a0est un r\u00e9sidence imagin\u00e9e par l&rsquo;architecte Le Corbusier. C&rsquo;est un v\u00e9ritable chef-d\u2019\u0153uvre architectural qui compte 337 appartements, un h\u00f4tel de 21 chambres et le MaMo, une fondation artistique.<\/li>\n<\/ul>\n<ul style=\"text-align: justify;\">\n<li>La <strong>basilique Notre-Dame-de-la-Garde<\/strong>\u00a0est un \u00e9difice religieux de style romano-byzantin. Au sommet se dresse une statue monumentale de la Vierge \u00e0 l&rsquo;Enfant. Une fois \u00e0 l&rsquo;int\u00e9rieur, il vous faudra admirer avec attention les mosa\u00efques que l&rsquo;on trouve dans l&rsquo;\u00e9glise haute (en comparaison avec l&rsquo;\u00e9glise basse ou crypte).<\/li>\n<\/ul>\n<ul style=\"text-align: justify;\">\n<li>La <strong>Vieille Charit\u00e9<\/strong>, un ancien h\u00f4pital g\u00e9n\u00e9ral devenu un important centre culturel abritant le mus\u00e9e d\u2019arch\u00e9ologie m\u00e9diterran\u00e9enne, le mus\u00e9e des arts africains, oc\u00e9aniens et am\u00e9rindiens, le cin\u00e9ma Le Miroir et le Centre international de po\u00e9sie <em>Marseille<\/em>.<\/li>\n<\/ul>\n<ul style=\"text-align: justify;\">\n<li>Le <strong>palais Longchamp<\/strong>\u00a0et ses magnifiques jardins \u00e0 la fran\u00e7aise. Il renferme le mus\u00e9um d\u2019histoire naturelle, le mus\u00e9e des Beaux-Arts, ainsi que l\u2019observatoire de Marseille.<a name=\"restaurantsmarseille\"><\/a><\/li>\n<\/ul>\n<ul style=\"text-align: justify;\">\n<li>Le <strong>Mucem<\/strong>\u00a0(mus\u00e9e des Civilisations de l\u2019Europe et de la M\u00e9diterran\u00e9e), un mus\u00e9e pluridisciplinaire ouvert toute l\u2019ann\u00e9e.<\/li>\n<\/ul>\n<h2 style=\"text-align: justify;\">O\u00f9 manger \u00e0 Marseille ?<\/h2>\n<p style=\"text-align: justify;\">Pour bien profiter de votre s\u00e9jour, d\u00e9couvrez <a href=\"https:\/\/blog.likibu.com\/fr\/specialite-culinaire-manger-marseille\/\">o\u00f9 et que manger \u00e0 Marseille<\/a>.<\/p>\n<ul>\n<li style=\"text-align: justify;\">La <strong>Maison des Raviolis<\/strong>\u00a0est un restaurant chinois \u00e0 la d\u00e9coration moderne qui propose des raviolis bouillis ou grill\u00e9s et des nouilles faites maison \u00e0 base de produits frais. Il se trouve dans le centre-ville, 14 rue d\u2019Italie.<\/li>\n<\/ul>\n<ul>\n<li style=\"text-align: justify;\"><strong>Chez Tamar<\/strong>\u00a0est un bon petit restaurant libanais qui propose de d\u00e9licieux plats faits maison \u00e0 partir de 12,5 \u20ac seulement. Il se situe au 56 rue de l\u2019\u00c9v\u00each\u00e9.<\/li>\n<\/ul>\n<ul>\n<li style=\"text-align: justify;\"><strong>L&rsquo;espla\u00ef du\u00a0Grand Bar des Goudes<\/strong> dispose d\u2019un cadre parfait, d\u2019un accueil convivial et d\u2019une \u00e9quipe professionnelle. Cet endroit propose des recettes locales \u00e0 base de produits frais, dont la fameuse bouillabaisse, ainsi que de nombreux plats fran\u00e7ais et m\u00e9diterran\u00e9ens. Il se trouve au 29 rue D\u00e9sir\u00e9 Pelaprat.<\/li>\n<\/ul>\n<ul>\n<li style=\"text-align: justify;\"><strong>La Table du 12\u00e8me<\/strong> offre un service impeccable dans un cadre color\u00e9, avec une belle terrasse couverte. Vous pourrez y d\u00e9guster diverses sp\u00e9cialit\u00e9s de saison \u00e0 partir de 17 \u20ac. Ce restaurant se situe au 66 rue Saint-Jean du D\u00e9sert.<\/li>\n<\/ul>\n<ul>\n<li style=\"text-align: justify;\"><strong>Restaurant Saisons<\/strong> vous accueille du lundi au vendredi avec ses sp\u00e9cialit\u00e9s de cuisine m\u00e9diterran\u00e9enne, fran\u00e7aise et europ\u00e9enne comme le cappelletti de langouste. Il se trouve au 8 rue Sainte-Victoire.<\/li>\n<\/ul>\n<ul>\n<li style=\"text-align: justify;\"><strong>AM par Alexandre Mazzia<\/strong>\u00a0propose une cuisine originale et raffin\u00e9e dans un cadre minimaliste. Si vous voulez tenter l&rsquo;exp\u00e9rience mais ne souhaitez pas trop d\u00e9penser, r\u00e9servez un table pour le d\u00e9jeuner plut\u00f4t que pour le d\u00eener. Ce restaurant se situe au 9 rue Fran\u00e7ois Rocca.<\/li>\n<\/ul>\n<p><a name=\"sortiesmarseille\"><\/a><a href=\"https:\/\/blog.likibu.com\/fr\/wp-content\/uploads\/2017\/08\/4487442578_8560764495_z.jpg\"><img loading=\"lazy\" class=\"alignnone size-full wp-image-5097\" src=\"https:\/\/blog.likibu.com\/fr\/wp-content\/uploads\/2017\/08\/4487442578_8560764495_z.jpg\" alt=\"Marseille, le long de la corniche Kennedy-269020100314\" width=\"640\" height=\"425\" srcset=\"\/wp-content\/uploads\/2017\/08\/4487442578_8560764495_z.jpg 640w, \/wp-content\/uploads\/2017\/08\/4487442578_8560764495_z-300x199.jpg 300w\" sizes=\"(max-width: 640px) 100vw, 640px\" \/><\/a><\/p>\n<h2 style=\"text-align: justify;\">La vie nocturne \u00e0 Marseille<\/h2>\n<p style=\"text-align: justify;\">La vie nocturne \u00e0 Marseille est souvent tr\u00e8s anim\u00e9e. Que vous souhaitiez danser, profiter de la musique, ou simplement faire une petite balade, les nuits de Marseille n&rsquo;attendent que vous ! La cit\u00e9 phoc\u00e9enne s&rsquo;est \u00e9galement laiss\u00e9e charmer par la tendance des bars <em>rooftops<\/em>. Am\u00e9nag\u00e9s sur les toits, ces bars sp\u00e9ciaux offrent la possibilit\u00e9 de boire un cocktail tout en contemplant la ville. Voici nos recommandations pour sortir \u00e0 Marseille :<\/p>\n<ul style=\"text-align: justify;\">\n<li><strong>Le Rooftop R2<\/strong><\/li>\n<li><strong>La Palmeraie<\/strong><\/li>\n<li><strong>Baby Club<\/strong><\/li>\n<li><strong>Cabaret Al\u00e9atoire<\/strong><\/li>\n<li><strong>La dame Noir VII<\/strong><\/li>\n<li><strong>La dame Noir Dancing<\/strong><\/li>\n<li><strong>Dock Des Suds<\/strong><a name=\"itinerairesmarseille\"><\/a><\/li>\n<\/ul>\n<p style=\"text-align: justify;\">Il est aussi possible d\u2019aller dans le <strong>quartier de la plaine<\/strong> pour assister \u00e0 des spectacles, d&rsquo;aller au cin\u00e9ma, ou bien d&rsquo;aller passer la soir\u00e9e sur la plage. Tr\u00e8s appr\u00e9ci\u00e9 par les touristes, le <strong>quartier de l\u2019Escale Bor\u00e9ly<\/strong> est parfait pour profiter d\u2019une agr\u00e9able soir\u00e9e \u00e0 la plage, notamment au <strong>SportBeach<\/strong>, un bar-restaurant branch\u00e9 avec piscine.<\/p>\n<h2 style=\"text-align: justify;\">Les visites guid\u00e9es \u00e0 Marseille<\/h2>\n<p style=\"text-align: justify;\">En achetant le <strong>City Pass<\/strong>, vous profiterez de croisi\u00e8res, de visites guid\u00e9es \u00e0 pied et en petit train, ainsi que de nombreux autres avantages. Cela vous co\u00fbtera <strong>26 \u20ac<\/strong> pour un jour et <strong>33 \u20ac<\/strong> pour deux jours. Il est \u00e9galement possible de r\u00e9server des <strong>visites guid\u00e9es dans Marseille avec un local<\/strong> (<strong>30 \u20ac<\/strong>), ou bien de <strong>partir en croisi\u00e8re une journ\u00e9e<\/strong> pour d\u00e9couvrir <strong>Marseille<\/strong> depuis la mer, mais \u00e9galement la ville voisine de <strong>Cassis<\/strong> et ses magnifiques <strong>calanques<\/strong> (<strong>98 \u20ac<\/strong>). Des <strong>visites de groupes<\/strong> sont \u00e9galement possibles. Les prix tournent autour de <strong>200 \u20ac<\/strong>.<\/p>\n<p style=\"text-align: justify;\">Ces conseils vous ont \u00e9t\u00e9 utiles ? Pourquoi ne pas d\u00e9couvrir nos articles similaires sur <a href=\"https:\/\/blog.likibu.com\/fr\/visiter-toulouse\/\">Toulouse<\/a> et <a href=\"https:\/\/blog.likibu.com\/fr\/visiter-lyon\/\">Lyon<\/a> ?<\/p>\n","protected":false},"excerpt":{"rendered":"<p>Pour vos prochaines vacances, partez \u00e0 la d\u00e9couverte du Vieux-Port, du ch\u00e2teau d\u2019If, des magnifiques calanques et des eaux turquoises de Marseille. Situ\u00e9e dans le sud de la France, aux abords de la mer M\u00e9diterran\u00e9e, la cit\u00e9 de Marseille est une destination parfaite pour profiter  <a class=\"read-more\" href=\"https:\/\/blog.likibu.com\/fr\/visiter-marseille\/\">Suite &rarr;<\/a><\/p>\n","protected":false},"author":81,"featured_media":0,"parent":0,"menu_order":0,"comment_status":"closed","ping_status":"open","template":"","meta":[],"_links":{"self":[{"href":"https:\/\/blog.likibu.com\/fr\/wp-json\/wp\/v2\/pages\/8556"}],"collection":[{"href":"https:\/\/blog.likibu.com\/fr\/wp-json\/wp\/v2\/pages"}],"about":[{"href":"https:\/\/blog.likibu.com\/fr\/wp-json\/wp\/v2\/types\/page"}],"author":[{"embeddable":true,"href":"https:\/\/blog.likibu.com\/fr\/wp-json\/wp\/v2\/users\/81"}],"replies":[{"embeddable":true,"href":"https:\/\/blog.likibu.com\/fr\/wp-json\/wp\/v2\/comments?post=8556"}],"version-history":[{"count":31,"href":"https:\/\/blog.likibu.com\/fr\/wp-json\/wp\/v2\/pages\/8556\/revisions"}],"predecessor-version":[{"id":9084,"href":"https:\/\/blog.likibu.com\/fr\/wp-json\/wp\/v2\/pages\/8556\/revisions\/9084"}],"wp:attachment":[{"href":"https:\/\/blog.likibu.com\/fr\/wp-json\/wp\/v2\/media?parent=8556"}],"curies":[{"name":"wp","href":"https:\/\/api.w.org\/{rel}","templated":true}]}}