{"id":8602,"date":"2018-07-18T11:39:24","date_gmt":"2018-07-18T10:39:24","guid":{"rendered":"https:\/\/blog.likibu.com\/fr\/?page_id=8602"},"modified":"2018-07-24T15:08:48","modified_gmt":"2018-07-24T14:08:48","slug":"visiter-toulouse","status":"publish","type":"page","link":"https:\/\/blog.likibu.com\/fr\/visiter-toulouse\/","title":{"rendered":"Visiter Toulouse"},"content":{"rendered":"<p style=\"text-align: justify;\">Situ\u00e9e dans le sud de la France, entre la mer M\u00e9diterran\u00e9e et l&rsquo;oc\u00e9an Atlantique, tout pr\u00e8s de la cha\u00eene des Pyr\u00e9n\u00e9es, Toulouse est la capitale de la r\u00e9gion Occitanie. Surnomm\u00e9e \u00ab\u00a0la ville rose\u00a0\u00bb en raison de ses nombreuses b\u00e2tisses construites avec des briques en terre cuite, elle est aussi tr\u00e8s connue gr\u00e2ce aux sites d\u2019Airbus et au rugby \u00e0 XV, le sport embl\u00e9matique de la m\u00e9tropole. Si vous avez envie de partir d\u00e9couvrir Toulouse, notre mini-guide rempli d&rsquo;infos et de bons plans est fait pour vous !<\/p>\n<ul style=\"text-align: justify;\">\n<li style=\"text-align: justify;\"><a href=\"#histoiretoulouse\">Histoire et culture de Toulouse<\/a><\/li>\n<li style=\"text-align: justify;\"><a href=\"#meteotoulouse\">Quand partir \u00e0 Toulouse ?<\/a><\/li>\n<li style=\"text-align: justify;\"><a href=\"#veniratoulouse\">Comment aller \u00e0 Toulouse ?<\/a><\/li>\n<li style=\"text-align: justify;\"><a href=\"#sedeplaceratoulouse\">Se d\u00e9placer dans Toulouse<\/a><\/li>\n<li style=\"text-align: justify;\"><a href=\"#quartierstoulouse\">O\u00f9 dormir \u00e0 Toulouse ?<\/a><\/li>\n<li style=\"text-align: justify;\"><a href=\"#visitestoulouse\">Que visiter \u00e0 Toulouse ?<\/a><\/li>\n<li style=\"text-align: justify;\"><a href=\"#restaurantstoulouse\">O\u00f9 manger \u00e0 Toulouse ?<\/a><\/li>\n<li style=\"text-align: justify;\"><a href=\"#sortiestoulouse\">O\u00f9 sortir \u00e0 Toulouse ?<\/a><\/li>\n<\/ul>\n<p style=\"text-align: justify;\"><a name=\"histoiretoulouse\"><\/a><\/p>\n<p style=\"text-align: justify;\"><a href=\"https:\/\/blog.likibu.com\/fr\/wp-content\/uploads\/2017\/05\/toulouse-capitole.jpg\"><img loading=\"lazy\" class=\"alignnone size-full wp-image-4560\" src=\"https:\/\/blog.likibu.com\/fr\/wp-content\/uploads\/2017\/05\/toulouse-capitole.jpg\" alt=\"Toulouse_Captiole_Likibu\" width=\"640\" height=\"430\" srcset=\"\/wp-content\/uploads\/2017\/05\/toulouse-capitole.jpg 640w, \/wp-content\/uploads\/2017\/05\/toulouse-capitole-300x201.jpg 300w\" sizes=\"(max-width: 640px) 100vw, 640px\" \/><\/a><\/p>\n<h2 style=\"text-align: justify;\">Histoire et culture de Toulouse<\/h2>\n<p style=\"text-align: justify;\">Appel\u00e9e auparavant la \u00ab\u00a0cit\u00e9 des violettes\u00a0\u00bb gr\u00e2ce au d\u00e9veloppement de la culture de cette fleur au XIX<sup>e<\/sup>\u00a0si\u00e8cle, Toulouse est la quatri\u00e8me commune de France en termes de population. Ayant accueilli plus de <strong>5,2\u00a0millions de touristes en 2017<\/strong>, la ville regorge de sites touristiques, de monuments historiques t\u00e9moignant de ses 2000\u00a0ans d\u2019histoire, de plages, d\u2019attractions, de parcs d\u2019eau&#8230; Le vieux Pont-Neuf, \u00e2g\u00e9 de plus de 300\u00a0ans, est incontournable, mais d\u2019autres sites de la ville m\u00e9ritent aussi une visite comme la basilique Saint-Sernin,<a name=\"meteotoulouse\"><\/a> le canal du Midi ou encore la place du Capitole. De plus, Toulouse est la <strong>capitale europ\u00e9enne de l\u2019industrie a\u00e9ronautique et spatiale<\/strong>. Elle est \u00e9galement tr\u00e8s r\u00e9put\u00e9e dans le monde entier pour le <strong>rugby \u00e0 XV<\/strong>, et pour sa gastronomie. Vous ne vous en irez pas sans avoir d\u00e9gust\u00e9 un cassoulet, le plat embl\u00e9matique de la ville !<\/p>\n<h2 style=\"text-align: justify;\">Quand partir \u00e0 Toulouse\u00a0?<\/h2>\n<p style=\"text-align: justify;\">Toulouse dispose d\u2019un <strong>climat oc\u00e9anique chaud<\/strong>, sans saison s\u00e8che, qui subit diff\u00e9rentes influences : m\u00e9diterran\u00e9enne, oc\u00e9anique et continentale. Relativement douce tout au long de l\u2019ann\u00e9e, la temp\u00e9rature moyenne est de <strong>13,3 \u00b0C<\/strong>. Les mois les plus favorables en termes de m\u00e9t\u00e9o sont avril, mai, juin, juillet, ao\u00fbt, septembre et octobre. Les amateurs de baignade pr\u00e9f\u00e9reront partir en <strong>juillet et\/ou en ao\u00fbt<\/strong> car c\u2019est la p\u00e9riode la plus chaude, mais attention aux temp\u00e9ratures trop \u00e9lev\u00e9es ! La saison estivale \u00e0 Toulouse est en effet parfois marqu\u00e9e par la <strong>canicule<\/strong>, tandis que l\u2019hiver est particuli\u00e8rement <strong>doux<\/strong>.<a name=\"veniratoulouse\"><\/a> Partir au <strong>printemps<\/strong> ou en <strong>automne<\/strong> peut donc \u00eatre une bonne id\u00e9e. C&rsquo;est n\u00e9anmoins durant le mois de <strong>f\u00e9vrier<\/strong> qu&rsquo;il y a le moins d\u2019affluence, les vols pour Toulouse sont donc <strong>moins chers<\/strong> \u00e0 cette p\u00e9riode.<\/p>\n<h2 style=\"text-align: justify;\">Comment aller \u00e0 Toulouse ?<\/h2>\n<p style=\"text-align: justify;\">Pour se rendre \u00e0 Toulouse, plusieurs options sont \u00e0 votre disposition, mais le moyen le plus rapide et pratique est l\u2019<strong>avion<\/strong>. Situ\u00e9 \u00e0 15\u00a0minutes seulement du centre-ville, l\u2019<strong>a\u00e9roport de Toulouse-Blagnac<\/strong> (TLS)\u00a0a accueilli 9,2\u00a0millions de voyageurs en 2017. Actuellement, <strong>60\u00a0compagnies<\/strong> a\u00e9riennes desservent cet a\u00e9roport avec des vols directs vers <strong>74\u00a0villes<\/strong>. Pour rejoindre votre <a href=\"https:\/\/www.likibu.com\/fr\/location-appartement-vacances\/toulouse\">location d\u2019appartement \u00e0\u00a0Toulouse<\/a>, il existe des <strong>navettes Tiss\u00e9o<\/strong> et plusieurs <strong>lignes de bus<\/strong> en correspondance avec les lignes de m\u00e9tro aux arr\u00eats de la navette. Si vous voulez voyager confort, optez pour un <strong>v\u00e9hicule de location<\/strong> ou un <strong>taxi<\/strong>.<\/p>\n<p style=\"text-align: justify;\">Rejoindre Toulouse en <strong>train<\/strong> est aussi possible gr\u00e2ce aux quatre lignes ferroviaires majeures venant des villes importantes aux alentours. La <strong>gare de Toulouse-Matabiau<\/strong> se trouve \u00e0 proximit\u00e9 du centre-ville, \u00e0 10\u00a0minutes \u00e0 pied de la place du Capitole. Il existe d\u2019autres gares secondaires, desservies exclusivement par le <strong>TER Midi-Pyr\u00e9n\u00e9es<\/strong>.<\/p>\n<p style=\"text-align: justify;\">En <strong>bus<\/strong>, la gare routi\u00e8re de Toulouse se trouve pr\u00e8s de la gare de Toulouse-Matabiau. La station Marengo \u2013 SNCF est la station de m\u00e9tro la plus proche. En voiture, Toulouse est accessible depuis les villes de Limoges, Narbonne, Bordeaux, Tarbes et Albi via <strong>six autoroutes<\/strong> (A61, A62, A64, A68, A621, A624).<\/p>\n<p style=\"text-align: justify;\"><a name=\"sedeplaceratoulouse\"><\/a><a href=\"https:\/\/blog.likibu.com\/fr\/wp-content\/uploads\/2017\/05\/Toulouse.jpg\"><img loading=\"lazy\" class=\"alignnone wp-image-4558 size-full\" src=\"https:\/\/blog.likibu.com\/fr\/wp-content\/uploads\/2017\/05\/Toulouse.jpg\" alt=\"\" width=\"640\" height=\"430\" srcset=\"\/wp-content\/uploads\/2017\/05\/Toulouse.jpg 640w, \/wp-content\/uploads\/2017\/05\/Toulouse-300x201.jpg 300w\" sizes=\"(max-width: 640px) 100vw, 640px\" \/><\/a><\/p>\n<h2 style=\"text-align: justify;\">Se d\u00e9placer dans Toulouse<\/h2>\n<p style=\"text-align: justify;\">Se d\u00e9placer dans Toulouse est tr\u00e8s commode gr\u00e2ce \u00e0 l\u2019existence de nombreux moyens de locomotion\u00a0: en m\u00e9tro, \u00e0 v\u00e9lo ou m\u00eame \u00e0 pied. Relativement petit, le centre-ville se parcourt tr\u00e8s bien \u00e0 pied ou \u00e0 v\u00e9lo. Ses sites remarquables sont concentr\u00e9s autour de la place du Capitole. De plus, Toulouse comprend bon nombre de rues pi\u00e9tonnes et de zones vertes.<\/p>\n<h3 style=\"text-align: justify;\">En v\u00e9lo<\/h3>\n<p style=\"text-align: justify;\">Toulouse dispose de <strong>pistes cyclables<\/strong> pour un total d\u2019environ <strong>550\u00a0kilom\u00e8tres<\/strong>. Plus de <strong>280\u00a0stations<\/strong> en libre-service de <strong>V\u00e9l\u00f4Toulouse<\/strong>, ouvertes 24h sur 24, distribuent des v\u00e9los. Plusieurs formules sont propos\u00e9es mais la premi\u00e8re demi-heure d\u2019utilisation est gratuite.<\/p>\n<h3 style=\"text-align: justify;\">En bus<\/h3>\n<p style=\"text-align: justify;\">Pour les distances plus importantes, choisissez la solution bus\/m\u00e9tro. Le r\u00e9seau est tr\u00e8s complet et vous n&rsquo;aurez aucun mal \u00e0 vous rendre o\u00f9 vous le souhaitez. Plus de <strong>160\u00a0lignes de bus Tiss\u00e9o<\/strong> (Lin\u00e9o inclus) circulent dans Toulouse. Le r\u00e9seau est particuli\u00e8rement dense dans les zones urbaines. Des <strong>bus de nuit<\/strong> desservent les grands axes depuis et vers la gare de Toulouse-Matabiau, en compl\u00e9ment de la <strong>ligne A du m\u00e9tro<\/strong>. Un \u00ab\u00a0<strong>pass tourisme<\/strong>\u00a0\u00bb facilitera votre d\u00e9placement (18 \u20ac\/journ\u00e9e, puis tarif d\u00e9gressif).<\/p>\n<h3 style=\"text-align: justify;\">En m\u00e9tro<\/h3>\n<p style=\"text-align: justify;\"><strong>Deux lignes de m\u00e9tro<\/strong> de type VAL assurent la liaison sur 27,5\u00a0kilom\u00e8tres dans la ville rose avec <strong>38\u00a0stations<\/strong>. De grands parkings gratuits sont m\u00eame disponibles dans certaines stations. Le r\u00e9seau bus-m\u00e9tro utilise une seule et <strong>unique zone tarifaire<\/strong> et le m\u00eame ticket sur toute la ville de Toulouse et sa p\u00e9riph\u00e9rie. Un d\u00e9placement unique co\u00fbtera <strong>1,70 \u20ac<\/strong>, un carnet de 10 tickets <strong>13,70 \u20ac<\/strong> et un pass journ\u00e9e <strong>6,10 \u20ac<\/strong>.<\/p>\n<p><a name=\"quartierstoulouse\"><\/a><\/p>\n<h3 style=\"text-align: justify;\">En tram<\/h3>\n<p style=\"text-align: justify;\">Il existe <strong>deux lignes de tramway<\/strong> toulousain et <strong>27\u00a0stations<\/strong> desservies. Un seul d\u00e9placement vous co\u00fbtera <strong>1,60 \u20ac<\/strong>, un carnet de 10\u00a0tickets <strong>13,40 \u20ac<\/strong> et un pass journ\u00e9e <strong>5,50 \u20ac<\/strong>.<\/p>\n<h2 style=\"text-align: justify;\">Dans quel quartier s\u00e9journer \u00e0 Toulouse ?<\/h2>\n<p style=\"text-align: justify;\">Vous recherchez o\u00f9 dormir \u00e0 Toulouse\u00a0? Sachez que c\u2019est une ville tr\u00e8s dynamique, agr\u00e9able \u00e0 vivre. Les h\u00f4tels y sont moins chers au mois de novembre (basse saison), et plus chers au mois de mai (haute saison). Voici quelques informations sur les meilleurs quartiers pour vous donner une id\u00e9e avant de r\u00e9server votre h\u00e9bergement.<\/p>\n<h3 style=\"text-align: justify;\">Saint-Sernin ou la C\u00e9pi\u00e8re<\/h3>\n<p style=\"text-align: justify;\">Ce sont des quartiers <strong>ais\u00e9s<\/strong> mais le co\u00fbt de la vie y est tr\u00e8s <strong>mod\u00e9r\u00e9<\/strong> et vous pourrez y trouver un h\u00e9bergement \u00e0 un prix raisonnable, que ce soit un appartement ou une place dans une auberge de jeunesse. Il est possible de trouver des chambres doubles \u00e0 partir de <strong>26 \u20ac<\/strong>.<\/p>\n<h3 style=\"text-align: justify;\">Saint-Cyprien<\/h3>\n<p style=\"text-align: justify;\"><strong>Saint-Cyprien<\/strong> est un quartier populaire, cosmopolite et attractif, qui permet de profiter directement du <strong>centre-ville<\/strong>.<\/p>\n<h3 style=\"text-align: justify;\">Le centre-ville<\/h3>\n<p style=\"text-align: justify;\">Le <strong>centre-ville<\/strong> s&rsquo;\u00e9tend aux alentours de la place du Capitole. Il est tr\u00e8s r\u00e9put\u00e9 car il poss\u00e8de de nombreux atouts : un patrimoine historique riche, beaucoup de monuments et de commerces\u2026 Les h\u00f4tels de luxe n\u2019y manquent pas, vous garantissant un s\u00e9jour agr\u00e9able \u00e0 Toulouse.<\/p>\n<h3 style=\"text-align: justify;\">Saint-\u00c9tienne<\/h3>\n<p style=\"text-align: justify;\">Parfait pour les amateurs de raffinement, le quartier<strong> Saint-\u00c9tienne<\/strong> est un endroit tr\u00e8s chic. Il est situ\u00e9 entre la Garonne et le canal du Midi et c&rsquo;est ici que vous trouverez la cath\u00e9drale du m\u00eame nom. Saint-\u00c9tienne est un quartier <strong>bourgeois<\/strong> qui abrite de nombreux h\u00f4tels haut de gamme, aux fa\u00e7ades haussmanniennes, et o\u00f9 la nuit\u00e9e peut co\u00fbter <strong>plus de 150 \u20ac<\/strong>.<\/p>\n<p><a name=\"visitestoulouse\"><\/a><\/p>\n<p style=\"text-align: justify;\"><a href=\"https:\/\/blog.likibu.com\/fr\/wp-content\/uploads\/2018\/01\/toulouse-1041320_1920.jpg\"><img loading=\"lazy\" class=\"alignnone size-full wp-image-6163\" src=\"https:\/\/blog.likibu.com\/fr\/wp-content\/uploads\/2018\/01\/toulouse-1041320_1920.jpg\" alt=\"toulouse-1041320_1920\" width=\"1920\" height=\"1271\" srcset=\"\/wp-content\/uploads\/2018\/01\/toulouse-1041320_1920.jpg 1920w, \/wp-content\/uploads\/2018\/01\/toulouse-1041320_1920-300x198.jpg 300w, \/wp-content\/uploads\/2018\/01\/toulouse-1041320_1920-1024x677.jpg 1024w\" sizes=\"(max-width: 1920px) 100vw, 1920px\" \/><\/a><\/p>\n<h2 style=\"text-align: justify;\">Que visiter \u00e0 Toulouse\u00a0?<\/h2>\n<p style=\"text-align: justify;\">La ville de Toulouse est une destination de vacances id\u00e9ale ! Il est agr\u00e9able de fl\u00e2ner dans ses rues et d&rsquo;admirer les fa\u00e7ades de brique rose qui lui donnent son surnom. N\u00e9anmoins, certains lieux sont incontournables et vous vous devez de les visiter durant votre s\u00e9jour \u00e0 Toulouse ! Petite liste concoct\u00e9e par nos soins :<\/p>\n<ul style=\"text-align: justify;\">\n<li>La <strong>place du Capitole<\/strong>, la place embl\u00e9matique avec de nombreuses terrasses de caf\u00e9, un th\u00e9\u00e2tre, la mairie et un orchestre.<\/li>\n<li>Le <strong>mus\u00e9e des Augustins<\/strong>\u00a0et sa riche collection de sculptures et de peintures, dans un cadre somptueux (\u00e0 visiter avec un guide).<\/li>\n<li>Le <strong>mus\u00e9e Saint-Raymond<\/strong>, regorgeant de tr\u00e9sors antiques, gaulois et romains, vous accueille du mardi au dimanche de 10h \u00e0 18h pour 4 \u20ac.<\/li>\n<li>La <strong>basilique Saint-Sernin<\/strong>, un magnifique \u00e9difice religieux situ\u00e9 sur le chemin de Saint-Jacques-de-Compostelle.<\/li>\n<li>La <strong>cit\u00e9 de l\u2019Espace<\/strong>, une excellente attraction toulousaine permettant de tout conna\u00eetre sur l\u2019espace (\u00e0 partir de 21 \u20ac).<\/li>\n<li>Longer en v\u00e9lo ou \u00e0 pied les <strong>bords de la Garonne<\/strong>, am\u00e9nag\u00e9s et illumin\u00e9s \u00e0 la nuit tomb\u00e9e.<\/li>\n<li>Une visite en bateau du <strong>Canal du Midi<\/strong> reliant la Garonne \u00e0 la mer M\u00e9diterran\u00e9e.<\/li>\n<\/ul>\n<p><a name=\"restaurantstoulouse\"><\/a><\/p>\n<p style=\"text-align: justify;\">Privil\u00e9giez l\u2019utilisation d\u2019un <strong>pass tourisme<\/strong> avec la formule qui vous convient le mieux pour optimiser vos visites. Vous b\u00e9n\u00e9ficierez d\u2019un d\u00e9placement illimit\u00e9, d&rsquo;un acc\u00e8s libre \u00e0 certains sites et mus\u00e9es et \u00e9galement de r\u00e9ductions pour des circuits d\u00e9couvertes de la ville.<\/p>\n<h2 style=\"text-align: justify;\">O\u00f9 manger \u00e0 Toulouse ?<\/h2>\n<p style=\"text-align: justify;\">La gastronomie toulousaine est tr\u00e8s riche. Ses plats et ingr\u00e9dients embl\u00e9matiques sont le <strong>cassoulet<\/strong>, la <strong>saucisse<\/strong> et la <strong>violette<\/strong>, accompagn\u00e9s des meilleurs <strong>vins<\/strong> de la r\u00e9gion (Cahors, Gaillac, Fronton, Madiran\u2026). Vous retrouverez \u00e0 cet effet un large choix de restaurants proposant les <a href=\"https:\/\/blog.likibu.com\/fr\/specialite-culinaire-manger-toulouse\/\">sp\u00e9cialit\u00e9s culinaires de Toulouse<\/a>. Voici notre s\u00e9lection :<\/p>\n<ul style=\"text-align: justify;\">\n<li><strong>L\u2019\u00e9cailler des Carmes <\/strong>est un bel endroit pour d\u00e9guster des fruits de mer et des hu\u00eetres dans une ambiance d\u00e9contract\u00e9e \u00e0 partir de 12,5 \u20ac. Il se trouve au 2, place des Carmes.<\/li>\n<li><strong>Au Bon Servant<\/strong> est un bistrot aux tons modernes situ\u00e9 dans une petite rue proche des Carmes, au 22 rue des Couteliers. Il offre une cuisine du march\u00e9 et de saison.<\/li>\n<li><strong>Restaurant Le May<\/strong> sert une cuisine traditionnelle du sud-ouest dans un cadre \u00e9l\u00e9gant avec des briques apparentes. Il se situe dans le centre historique du quartier m\u00e9di\u00e9val de Toulouse, 4 rue du May.<\/li>\n<li><strong>Chez Navarre<\/strong> est un excellent \u00e9tablissement, dot\u00e9 d\u2019un cadre agr\u00e9able et d\u2019une ambiance familiale. Situ\u00e9 dans le centre-ville de Toulouse, au 49 Grande Rue Nazareth, il vous invite \u00e0 d\u00e9guster de savoureux plats traditionnels.<\/li>\n<li><strong>Le Pyr\u00e9n\u00e9en<\/strong> est une brasserie haut de gamme de 1925 avec banquettes en cuir et peintures murales. Ce bel endroit vous propose des viandes et des fruits de mer dans une ambiance purement bistrot. Il se trouve au 14 All\u00e9es du Pr\u00e9sident Franklin Roosevelt.<\/li>\n<li><strong>Restaurant Chez Yannick<\/strong>\u00a0vous sert une cuisine traditionnelle fran\u00e7aise tr\u00e8s raffin\u00e9e dans un d\u00e9cor de bistrot chic. Venez-y appr\u00e9cier ses sp\u00e9cialit\u00e9s de poissons, \u00e0 partir de 16 \u20ac. Ce restaurant se situe au 3 rue Delacroix.<\/li>\n<li><strong>Restaurant Michel Sarran<\/strong>, en l\u00e9ger retrait du centre-ville, est une r\u00e9f\u00e9rence en mati\u00e8re de fine cuisine \u00e0 Toulouse. Situ\u00e9 21 Boulevard Armand Duportal, il propose des classiques revisit\u00e9s de la gastronomie fran\u00e7aise, dans une ambiance calme avec un jardin int\u00e9rieur priv\u00e9. Les prix ne sont pas accessibles \u00e0 toutes les bourses, comptez entre 60 et 195 \u20ac pour un repas.<\/li>\n<\/ul>\n<p><a name=\"sortiestoulouse\"><\/a> <a href=\"https:\/\/blog.likibu.com\/fr\/wp-content\/uploads\/2018\/07\/Toulouse_France_Rue-de-Toulouse-Haute-Garonne-Midi-Pyr\u00e9n\u00e9es-Occitanie-France_80862060-min.jpeg\"><img loading=\"lazy\" class=\"alignnone size-full wp-image-8623\" src=\"https:\/\/blog.likibu.com\/fr\/wp-content\/uploads\/2018\/07\/Toulouse_France_Rue-de-Toulouse-Haute-Garonne-Midi-Pyr\u00e9n\u00e9es-Occitanie-France_80862060-min.jpeg\" alt=\"Toulouse_France_Rue de Toulouse, Haute-Garonne, Midi Pyr\u00e9n\u00e9es, Occitanie, France_80862060-min\" width=\"7077\" height=\"4912\" srcset=\"\/wp-content\/uploads\/2018\/07\/Toulouse_France_Rue-de-Toulouse-Haute-Garonne-Midi-Pyr\u00e9n\u00e9es-Occitanie-France_80862060-min.jpeg 7077w, \/wp-content\/uploads\/2018\/07\/Toulouse_France_Rue-de-Toulouse-Haute-Garonne-Midi-Pyr\u00e9n\u00e9es-Occitanie-France_80862060-min-750x520.jpeg 750w, \/wp-content\/uploads\/2018\/07\/Toulouse_France_Rue-de-Toulouse-Haute-Garonne-Midi-Pyr\u00e9n\u00e9es-Occitanie-France_80862060-min-1024x710.jpeg 1024w\" sizes=\"(max-width: 7077px) 100vw, 7077px\" \/><\/a><\/p>\n<h2 style=\"text-align: justify;\">O\u00f9 sortir \u00e0 Toulouse ?<\/h2>\n<p style=\"text-align: justify;\">Pour ceux qui souhaitent faire la f\u00eate \u00e0 Toulouse, sachez que <strong>Victor Hugo<\/strong> ou <strong>les Carmes<\/strong> sont des quartiers o\u00f9 il fait bon boire un verre ou simplement fl\u00e2ner. Entre pubs, clubs, bars \u00e0 cocktail et salles de concert, les activit\u00e9s nocturnes ne manquent pas dans la cit\u00e9 rose !<\/p>\n<p style=\"text-align: justify;\">Pour ceux qui veulent danser et faire la f\u00eate toute la nuit, voici notre s\u00e9lection personnelle :<\/p>\n<ul style=\"text-align: justify;\">\n<li><strong>Puerto Habana<\/strong>, un bar-restaurant au d\u00e9cor cubain.<\/li>\n<li><strong>Le Bikini<\/strong>, parfait pour les amateurs de bonne musique rock.<\/li>\n<li><strong>Connexion Live<\/strong>, un bar \u00e0 cocktail qui propose des expositions et des concerts.<\/li>\n<li><strong>Breughel l&rsquo;ancien<\/strong>\u00a0pour des bi\u00e8res et des concerts dans un d\u00e9cor sombre.<\/li>\n<li><strong>\u00d4 Juice Bar<\/strong>, un bar \u00e9lectro anim\u00e9 tous les soirs par des DJ venus du monde entier.<\/li>\n<li><strong>Reggae Pub<\/strong> vous invite \u00e0 siroter un cocktail tout en dansant dans une ambiance purement reggae.<\/li>\n<\/ul>\n<p style=\"text-align: justify;\">Si vous \u00eates passionn\u00e9 de cin\u00e9ma d\u2019art, filez directement vers l\u2019<strong>American Cosmograph<\/strong>. Cet endroit propose des films en VO \u00e0 petits prix.<\/p>\n<p style=\"text-align: justify;\">Les m\u00e9lomanes pourront eux aller du c\u00f4t\u00e9 du <strong>Z\u00e9nith Toulouse M\u00e9tropole<\/strong> pour des concerts de vari\u00e9t\u00e9, des com\u00e9dies musicales et des spectacles de danse, ou bien faire un tour \u00e0 la <strong>Halle aux Grains<\/strong>, une salle de concert symphonique. Enfin, les passionn\u00e9s des classiques seront ravis d&rsquo;assister \u00e0 un concert \u00e0 l\u2019<strong>auditorium Saint-Pierre des Cuisines<\/strong>.<\/p>\n<p style=\"text-align: justify;\">Ce mini-guide sur Toulouse vous a plu ? N&rsquo;h\u00e9sitez pas \u00e0 jeter un \u0153il \u00e0 nos articles similaires sur d&rsquo;autres grandes villes fran\u00e7aises comme <a href=\"https:\/\/blog.likibu.com\/fr\/visiter-paris\/\">Paris<\/a> ou <a href=\"https:\/\/blog.likibu.com\/fr\/visiter-marseille\/\">Marseille<\/a> !<\/p>\n","protected":false},"excerpt":{"rendered":"<p>Situ\u00e9e dans le sud de la France, entre la mer M\u00e9diterran\u00e9e et l&rsquo;oc\u00e9an Atlantique, tout pr\u00e8s de la cha\u00eene des Pyr\u00e9n\u00e9es, Toulouse est la capitale de la r\u00e9gion Occitanie. Surnomm\u00e9e \u00ab\u00a0la ville rose\u00a0\u00bb en raison de ses nombreuses b\u00e2tisses construites avec des briques en terre  <a class=\"read-more\" href=\"https:\/\/blog.likibu.com\/fr\/visiter-toulouse\/\">Suite &rarr;<\/a><\/p>\n","protected":false},"author":81,"featured_media":0,"parent":0,"menu_order":0,"comment_status":"closed","ping_status":"closed","template":"","meta":[],"_links":{"self":[{"href":"https:\/\/blog.likibu.com\/fr\/wp-json\/wp\/v2\/pages\/8602"}],"collection":[{"href":"https:\/\/blog.likibu.com\/fr\/wp-json\/wp\/v2\/pages"}],"about":[{"href":"https:\/\/blog.likibu.com\/fr\/wp-json\/wp\/v2\/types\/page"}],"author":[{"embeddable":true,"href":"https:\/\/blog.likibu.com\/fr\/wp-json\/wp\/v2\/users\/81"}],"replies":[{"embeddable":true,"href":"https:\/\/blog.likibu.com\/fr\/wp-json\/wp\/v2\/comments?post=8602"}],"version-history":[{"count":19,"href":"https:\/\/blog.likibu.com\/fr\/wp-json\/wp\/v2\/pages\/8602\/revisions"}],"predecessor-version":[{"id":8840,"href":"https:\/\/blog.likibu.com\/fr\/wp-json\/wp\/v2\/pages\/8602\/revisions\/8840"}],"wp:attachment":[{"href":"https:\/\/blog.likibu.com\/fr\/wp-json\/wp\/v2\/media?parent=8602"}],"curies":[{"name":"wp","href":"https:\/\/api.w.org\/{rel}","templated":true}]}}