{"id":8891,"date":"2018-07-27T10:49:21","date_gmt":"2018-07-27T09:49:21","guid":{"rendered":"https:\/\/blog.likibu.com\/fr\/?page_id=8891"},"modified":"2018-08-10T10:51:19","modified_gmt":"2018-08-10T09:51:19","slug":"visiter-nice","status":"publish","type":"page","link":"https:\/\/blog.likibu.com\/fr\/visiter-nice\/","title":{"rendered":"Visiter Nice"},"content":{"rendered":"<p style=\"text-align: justify;\">Vous voil\u00e0 parti pour visiter Nice durant vos prochaines vacances. Vous allez pouvoir d\u00e9couvrir les ruelles du Vieux-Nice, admirer les fa\u00e7ades color\u00e9es de la ville et vous pr\u00e9lasser sur les plages ni\u00e7oises. Que du bonheur ! Pour vous aider \u00e0 pr\u00e9parer ce <a href=\"https:\/\/blog.likibu.com\/fr\/visiter-cote-azur\/\">voyage sur la C\u00f4te d&rsquo;Azur<\/a>, nous vous donnons au travers de ce guide tous nos conseils et bons plans sur Nice\u00a0: les meilleurs moments pour y aller, les quartiers o\u00f9 loger, les bonnes adresses pour se restaurer, les sorties \u00e0 faire, etc.<\/p>\n<ul style=\"text-align: justify;\">\n<li style=\"text-align: justify;\"><a href=\"#histoirenice\">Histoire et culture de Nice<\/a><\/li>\n<li style=\"text-align: justify;\"><a href=\"#meteonice\">Quand partir \u00e0 Nice ?<\/a><\/li>\n<li style=\"text-align: justify;\"><a href=\"#veniranice\">Comment aller \u00e0 Nice ?<\/a><\/li>\n<li style=\"text-align: justify;\"><a href=\"#sedeplaceranice\">Se d\u00e9placer dans Nice<\/a><\/li>\n<li style=\"text-align: justify;\"><a href=\"#quartiersnice\">O\u00f9 dormir \u00e0 Nice ?<\/a><\/li>\n<li style=\"text-align: justify;\"><a href=\"#visitesnice\">Que visiter \u00e0 Nice ?<\/a><\/li>\n<li style=\"text-align: justify;\"><a href=\"#restaurantsnice\">O\u00f9 manger \u00e0 Nice ?<\/a><\/li>\n<li style=\"text-align: justify;\"><a href=\"#sortiesnice\">La vie nocturne \u00e0 Nice<\/a><\/li>\n<\/ul>\n<p><a name=\"histoirenice\"><\/a><\/p>\n<p style=\"text-align: justify;\"><a href=\"https:\/\/blog.likibu.com\/fr\/wp-content\/uploads\/2018\/07\/nice-1503257_640-min.jpg\"><img loading=\"lazy\" class=\"alignnone size-full wp-image-8925\" src=\"https:\/\/blog.likibu.com\/fr\/wp-content\/uploads\/2018\/07\/nice-1503257_640-min.jpg\" alt=\"nice-1503257_640-min\" width=\"640\" height=\"426\" \/><\/a><\/p>\n<h2 style=\"text-align: justify;\">Histoire et culture de Nice<\/h2>\n<p style=\"text-align: justify;\">La ville de Nice va vous \u00e9tonner, aussi bien par sa diversit\u00e9 sociale que par son dynamisme et son ambiance toujours festive. Visiter Nice, c&rsquo;est d\u00e9couvrir un charme tout particulier, fruit d&rsquo;une <strong>histoire multiculturelle<\/strong>. Fond\u00e9e par les Grecs venus de Phoc\u00e9e, Nice fut tr\u00e8s appr\u00e9ci\u00e9e de l\u2019\u00e9lite fran\u00e7aise, italienne et britannique au XIX<sup>e<\/sup>\u00a0si\u00e8cle, et l&rsquo;influence de ces diff\u00e9rents peuples se ressent fortement encore aujourd&rsquo;hui. Nice a aussi \u00e9t\u00e9 une <strong>ville d&rsquo;art<\/strong>.<a name=\"meteonice\"><\/a> Beaucoup d\u2019artistes ont \u00e9t\u00e9 attir\u00e9s par sa beaut\u00e9 au fil des si\u00e8cles, et elle compte de nombreux mus\u00e9es dont le mus\u00e9e Matisse ou le mus\u00e9e Marc-Chagall.<\/p>\n<p style=\"text-align: justify;\">Nice b\u00e9n\u00e9ficie d\u2019une situation g\u00e9ographique privil\u00e9gi\u00e9e, <strong>entre mer et montagne<\/strong>, face \u00e0 la <strong>baie des Anges<\/strong>. De ce fait, elle est devenue une destination touristique incontournable qui accueille <strong>4\u00a0millions de visiteurs par an<\/strong>.<\/p>\n<h2 style=\"text-align: justify;\">Quand partir \u00e0 Nice\u00a0?<\/h2>\n<p style=\"text-align: justify;\">Ouverte sur la mer, Nice profite d&rsquo;un <strong>climat m\u00e9diterran\u00e9en<\/strong>, caract\u00e9ris\u00e9 par des <strong>hivers doux<\/strong> et des <strong>\u00e9t\u00e9s chauds et secs<\/strong>, avec \u00e9galement une <strong>influence subtropicale<\/strong> durant les mois d&rsquo;\u00e9t\u00e9. En hiver, la temp\u00e9rature peut descendre jusqu&rsquo;\u00e0 <strong>-2 \u00b0C<\/strong>, tandis qu&rsquo;en \u00e9t\u00e9, elle peut monter jusqu&rsquo;aux <strong>38 \u00b0C<\/strong> (bien que les soir\u00e9es soient souvent plus douces). Si vous aspirez \u00e0 la tranquillit\u00e9 durant vos vacances, partez au printemps, <strong>de mars \u00e0 mai<\/strong>, ou bien en automne, <strong>de septembre \u00e0 novembre<\/strong>. Les adeptes de la baignade, eux, pourront partir <strong>de mai \u00e0 octobre<\/strong>. Enfin, si vous ne voulez pas manquer le carnaval de Nice, partez <strong>de mi-f\u00e9vrier jusque d\u00e9but mars<\/strong>.<\/p>\n<p><a name=\"veniranice\"><\/a><\/p>\n<p style=\"text-align: justify;\"><a href=\"https:\/\/blog.likibu.com\/fr\/wp-content\/uploads\/2018\/07\/nice-190464_640-min.jpg\"><img loading=\"lazy\" class=\"alignnone size-full wp-image-8933\" src=\"https:\/\/blog.likibu.com\/fr\/wp-content\/uploads\/2018\/07\/nice-190464_640-min.jpg\" alt=\"nice-190464_640-min\" width=\"640\" height=\"426\" \/><\/a><\/p>\n<h2 style=\"text-align: justify;\">Comment aller \u00e0 Nice\u00a0?<\/h2>\n<h3 style=\"text-align: justify;\">En avion<\/h3>\n<p style=\"text-align: justify;\">Un des moyens pour se rendre \u00e0 Nice est de prendre l&rsquo;<strong>avion<\/strong>. Nice dispose d&rsquo;un seul a\u00e9roport : l&rsquo;<strong>a\u00e9roport de Nice-C\u00f4te d&rsquo;Azur<\/strong>. Celui-ci se trouve \u00e0 3\u00a0kilom\u00e8tres au sud-ouest de la ville et fait la liaison avec <strong>plus de 100 destinations<\/strong> r\u00e9parties dans 32 pays. Comptez <strong>minimum 101 \u20ac<\/strong> pour un aller-retour <strong>Paris-Nice<\/strong> en basse saison, et <strong>minimum 140 \u20ac<\/strong> en haute saison. N\u2019h\u00e9sitez pas \u00e0 r\u00e9server vos billets des semaines \u00e0 l\u2019avance pour profiter des meilleurs tarifs.<\/p>\n<h3 style=\"text-align: justify;\">En train<\/h3>\n<p style=\"text-align: justify;\">Il est \u00e9galement possible de se rendre \u00e0 Nice en <strong>train<\/strong>. La <strong>gare de Nice-Ville<\/strong>, situ\u00e9e pr\u00e8s du centre-ville, est la plus importante des gares de la ville et elle fait la liaison avec d&rsquo;autres grandes villes fran\u00e7aises et des villes plus petites de la C\u00f4te d&rsquo;Azur. Au d\u00e9part de <strong>Paris<\/strong>, un trajet en train vous co\u00fbtera <strong>entre 60 et 80\u00a0\u20ac<\/strong> et durera <strong>5h47<\/strong> (sans correspondance).<\/p>\n<h3 style=\"text-align: justify;\">En bus<\/h3>\n<p style=\"text-align: justify;\">Un autre moyen pour vous rendre \u00e0 Nice est d&#8217;emprunter les <strong>bus<\/strong> de compagnies comme FlixBus, Ouibus et Isilines qui proposent des trajets jusqu&rsquo;\u00e0 Nice. Au d\u00e9part de <strong>Lyon<\/strong>, le trajet durera <strong>au minimum 7h30<\/strong> et vous co\u00fbtera <strong>entre 25 et 35\u00a0\u20ac<\/strong>.<\/p>\n<h3 style=\"text-align: justify;\">En voiture<\/h3>\n<p style=\"text-align: justify;\">En <strong>voiture<\/strong>, <strong>la Proven\u00e7ale<\/strong> (A8) passe juste \u00e0 quelques kilom\u00e8tres au nord de Nice et <strong>cinq sorties<\/strong> vous permettront de rejoindre la ville. N&rsquo;oubliez cependant pas qu&rsquo;il vous faudra payer l&rsquo;<strong>essence<\/strong>, le <strong>p\u00e9age<\/strong> et peut-\u00eatre le <strong>parking<\/strong> une fois arriv\u00e9 sur place.<\/p>\n<h3 style=\"text-align: justify;\">En bateau<\/h3>\n<p style=\"text-align: justify;\">Vous pouvez \u00e9galement prendre le <strong>bateau<\/strong> pour rejoindre Nice. Le <strong>port de Nice<\/strong> est l&rsquo;un des plus importants de la C\u00f4te d&rsquo;Azur et il accueille des <strong>navettes maritimes<\/strong>, des <strong>ferrys<\/strong> et des <strong>bateaux de croisi\u00e8re<\/strong> venus de diff\u00e9rentes destinations comme d&rsquo;autres villes c\u00f4ti\u00e8res de France, la Corse ou encore l&rsquo;Italie.<\/p>\n<p><a name=\"sedeplaceranice\"><\/a><\/p>\n<p style=\"text-align: justify;\"><a href=\"https:\/\/blog.likibu.com\/fr\/wp-content\/uploads\/2018\/07\/nice-1797345_640-min.jpg\"><img loading=\"lazy\" class=\"alignnone size-full wp-image-8927\" src=\"https:\/\/blog.likibu.com\/fr\/wp-content\/uploads\/2018\/07\/nice-1797345_640-min.jpg\" alt=\"nice-1797345_640-min\" width=\"640\" height=\"425\" \/><\/a><\/p>\n<h2 style=\"text-align: justify;\">Se d\u00e9placer dans Nice<\/h2>\n<h3 style=\"text-align: justify;\">En bus<\/h3>\n<p style=\"text-align: justify;\">Le <strong>bus<\/strong> est certainement le meilleur moyen de se d\u00e9placer dans Nice et son agglom\u00e9ration. Avec ses <strong>130 lignes<\/strong>, le r\u00e9seau de bus ni\u00e7ois dessert <strong>49\u00a0communes<\/strong> de la M\u00e9tropole Nice C\u00f4te d\u2019Azur. Il existe \u00e9galement <strong>cinq lignes<\/strong> de bus de nuit, les <strong>Noctambus<\/strong>, qui circulent <strong>de 21h10 \u00e0 1h10 du matin<\/strong>. Il existe plusieurs types de tickets qui pourront vous servir durant votre s\u00e9jour :<\/p>\n<ul style=\"text-align: justify;\">\n<li>Ticket <strong>Solo<\/strong> pour un voyage : <strong>1,50 \u20ac<\/strong><\/li>\n<li><strong>Pass 1 jour<\/strong>\u00a0pour voyager librement durant 24h\u00a0: <strong>5 \u20ac<\/strong><\/li>\n<li><strong>Pass 7 jours<\/strong>\u00a0pour voyager librement durant 7 jours cons\u00e9cutifs\u00a0: <strong>15 \u20ac<\/strong><\/li>\n<li><strong>Multi 10 voyages<\/strong>\u00a0pour 10\u00a0voyages (peut se partager) : <strong>10 \u20ac<\/strong><\/li>\n<\/ul>\n<h3 style=\"text-align: justify;\">En tramway<\/h3>\n<p style=\"text-align: justify;\">Le <strong>tramway<\/strong> est un autre bon moyen de se d\u00e9placer dans Nice. Le r\u00e9seau de tramway ni\u00e7ois compte <strong>2 lignes<\/strong> qui fonctionnent <strong>du lundi au dimanche de 4h25 du matin \u00e0 1h35 du matin<\/strong>. La <strong>ligne 1<\/strong> assure une liaison nord-est via le centre-ville, tandis que la <strong>ligne 2<\/strong> relie la partie ouest de la ville \u00e0 la partie est. Les prix des tickets sont les <strong>m\u00eames que pour le bus<\/strong>.<\/p>\n<h3 style=\"text-align: justify;\">En v\u00e9lo<\/h3>\n<p style=\"text-align: justify;\">Pour vous d\u00e9placer, vous pouvez \u00e9galement utiliser les <strong>V\u00e9lobleus<\/strong>, les\u00a0<strong>v\u00e9los en libre-service<\/strong>\u00a0mis \u00e0 votre disposition par la m\u00e9tropole de Nice. Avec <strong>175 stations<\/strong> et <strong>1 750 v\u00e9los<\/strong>, le terrain couvert par le r\u00e9seau est cons\u00e9quent.\u00a0La location d&rsquo;un v\u00e9lobleu est <strong>gratuite<\/strong> pour <strong>moins de 30 minutes<\/strong>, elle vous co\u00fbtera <strong>1 \u20ac<\/strong> pour <strong>plus d&rsquo;une demi-heure mais moins d\u2019une heure<\/strong>, puis <strong>2 \u20ac par heure suppl\u00e9mentaire<\/strong>. Si vous souhaitez louer un V\u00e9lobleu \u00e0 la <strong>journ\u00e9e<\/strong> ou \u00e0 la <strong>semaine<\/strong>, cela vous co\u00fbtera respectivement <strong>1,50\u00a0\u20ac<\/strong> et <strong>5\u00a0\u20ac<\/strong>.<\/p>\n<h3 style=\"text-align: justify;\">En voiture \u00e9lectrique<\/h3>\n<p style=\"text-align: justify;\">La m\u00e9tropole de Nice a \u00e9galement mis en place un <strong>service de location de voitures \u00e9lectriques<\/strong> : <strong>Autobleue<\/strong>. Le r\u00e9seau compte environ <strong>60 stations<\/strong> et <strong>200 voitures<\/strong> qui vont de l&rsquo;utilitaire deux places \u00e0 la voiture familiale cinq places. Deux formules existent. La premi\u00e8re, la <strong>formule Zen<\/strong>, vous oblige \u00e0 r\u00e9server la voiture \u00e0 l&rsquo;avance et \u00e0 la ramener dans la station o\u00f9 vous l&rsquo;avez r\u00e9cup\u00e9r\u00e9. En contrepartie, vous ne payez que <strong>8,50\u00a0\u20ac de l&rsquo;heure<\/strong>. La deuxi\u00e8me, la <strong>formule Flex<\/strong>, vous permet de rendre la voiture dans n&rsquo;importe quelle station, ou bien de la laisser proche d&rsquo;une station pour un autre utilisateur. Il n&rsquo;est pas possible de r\u00e9server \u00e0 l&rsquo;avance et le prix est plus \u00e9lev\u00e9 : <strong>18\u00a0\u20ac de l&rsquo;heure<\/strong>.<\/p>\n<p><a name=\"quartiersnice\"><\/a><\/p>\n<p style=\"text-align: justify;\"><a href=\"https:\/\/blog.likibu.com\/fr\/wp-content\/uploads\/2018\/07\/concourse-1528052_640-min.jpg\"><img loading=\"lazy\" class=\"alignnone size-full wp-image-8932\" src=\"https:\/\/blog.likibu.com\/fr\/wp-content\/uploads\/2018\/07\/concourse-1528052_640-min.jpg\" alt=\"concourse-1528052_640-min\" width=\"640\" height=\"480\" \/><\/a><\/p>\n<h2 style=\"text-align: justify;\">Dans quel quartier s\u00e9journer \u00e0 Nice\u00a0?<\/h2>\n<p style=\"text-align: justify;\">Vous \u00eates \u00e0 la recherche d\u2019un endroit o\u00f9 dormir \u00e0 Nice\u00a0? D\u00e9couvrez notre liste des meilleurs quartiers o\u00f9 s\u00e9journer \u00e0 Nice et lesquels conviendront le mieux \u00e0 vos attentes ! Les quartiers de Nice les plus int\u00e9ressants pour les touristes se trouvent \u00e0 proximit\u00e9 du front de mer, de la c\u00e9l\u00e8bre promenade des Anglais et de la vieille ville.<\/p>\n<h3 style=\"text-align: justify;\">Vieux-Nice<\/h3>\n<p style=\"text-align: justify;\">Le\u00a0<strong>Vieux-Nice<\/strong> est le quartier parfait pour profiter du <strong>charme pittoresque<\/strong> de Nice ! Vous pourrez fl\u00e2ner \u00e0 travers le d\u00e9dale de ruelles \u00e9troites aux maisons bariol\u00e9es, puis vous arr\u00eater pour d\u00eener \u00e0 la terrasse d&rsquo;un restaurant typiquement proven\u00e7al.\u00a0\u00c0 la fois <strong>anim\u00e9<\/strong> et <strong>paisible<\/strong>, le Vieux-Nice garde son <strong>esprit village<\/strong>, c&rsquo;est un quartier vraiment agr\u00e9able pour loger durant votre s\u00e9jour. Les prix des logements sont en g\u00e9n\u00e9ral assez \u00e9lev\u00e9s mais il est possible de trouver un h\u00e9bergement \u00e0 un prix abordable.<\/p>\n<h3 style=\"text-align: justify;\">Place Mass\u00e9na<\/h3>\n<p style=\"text-align: justify;\">Le quartier de la\u00a0<strong>place Mass\u00e9na<\/strong>\u00a0se trouve en plein <strong>centre-ville<\/strong>. La place Mass\u00e9na, qui donne son nom au quartier, est le centre n\u00e9vralgique de Nice. En logeant dans le quartier de la place Mass\u00e9na, vous serez proches du Vieux-Nice et de son patrimoine historique, mais \u00e9galement de la plage et du tramway. C&rsquo;est le <strong>point de d\u00e9part id\u00e9al pour une visite de la ville<\/strong>. De plus, c&rsquo;est un quartier \u00e9l\u00e9gant, <strong>tr\u00e8s appr\u00e9ci\u00e9 des Ni\u00e7ois<\/strong>.<\/p>\n<h3 style=\"text-align: justify;\">Promenade des Anglais<\/h3>\n<p style=\"text-align: justify;\">La <strong>promenade des Anglais<\/strong> est l\u2019une des plus c\u00e9l\u00e8bres avenues du monde. Elle longe la baie des Anges sur 7 kilom\u00e8tres et vous promet une belle balade. Vous y trouverez surtout des palaces de renom, des h\u00f4tels luxueux, des r\u00e9sidences priv\u00e9es et des casinos. Les logements ne sont pas donn\u00e9s mais l&rsquo;exp\u00e9rience vaut le coup ! De plus, vous serez \u00e0 <strong>seulement quelques pas de la plage et des grandes art\u00e8res commer\u00e7antes<\/strong> de Nice.<\/p>\n<h3 style=\"text-align: justify;\">Le Port<\/h3>\n<p style=\"text-align: justify;\">Le <strong>quartier du port<\/strong> est un endroit agr\u00e9able pour loger \u00e0 Nice. Vous pourrez vous immerger dans une <strong>ambiance typiquement proven\u00e7ale<\/strong> et vous installer \u00e0 la terrasse d&rsquo;un caf\u00e9 tout en ayant vu sur le port et les bateaux. De plus, le quartier du port est <strong>tr\u00e8s bien desservi par les transports en commun<\/strong> et vous pourrez vous d\u00e9placer facilement dans tout Nice.<\/p>\n<p><a name=\"visitesnice\"><\/a><\/p>\n<p style=\"text-align: justify;\"><a href=\"https:\/\/blog.likibu.com\/fr\/wp-content\/uploads\/2018\/07\/villa-rothschild-238505_640-min.jpg\"><img loading=\"lazy\" class=\"alignnone size-full wp-image-8929\" src=\"https:\/\/blog.likibu.com\/fr\/wp-content\/uploads\/2018\/07\/villa-rothschild-238505_640-min.jpg\" alt=\"villa-rothschild-238505_640-min\" width=\"640\" height=\"480\" \/><\/a><\/p>\n<h2 style=\"text-align: justify;\">Que visiter \u00e0 Nice\u00a0?<\/h2>\n<h3 style=\"text-align: justify;\">Le Vieux-Nice<\/h3>\n<p style=\"text-align: justify;\">Le <strong>Vieux-Nice<\/strong>, le <strong>centre historique<\/strong> de la ville,\u00a0accueille tout autant touristes que locaux. C&rsquo;est un quartier qui ressemble \u00e0 un <strong>petit village<\/strong> \u00e0 part du Nice moderne. On y trouve des boutiques artisanales, de petits commerces alimentaires, des restaurants, des caf\u00e9s, des bars \u00e0 vin, des boutiques d\u2019artistes, etc. Profitez de votre passage dans le Vieux-Nice pour visiter la <strong>cath\u00e9drale Sainte-R\u00e9parate<\/strong>, le <strong>palais de la Pr\u00e9fecture<\/strong> (aussi appel\u00e9 palais des ducs de Savoie) et le <strong>palais communal<\/strong>.<\/p>\n<h3 style=\"text-align: justify;\">La promenade des Anglais<\/h3>\n<p style=\"text-align: justify;\">Rien ne vaut la <strong>promenade des Anglais<\/strong>, une belle balade le long de la c\u00f4te ni\u00e7oise ! Si vous \u00eates \u00e0 pied et que vous ne disposez pas d&rsquo;assez de temps, assurez-vous d&rsquo;au moins faire la partie de la promenade qui va <strong>du Vieux-Nice jusqu&rsquo;au c\u00e9l\u00e8bre h\u00f4tel Le Negresco<\/strong>. Si vous souhaitez parcourir la promenade enti\u00e8re, il sera peut-\u00eatre mieux de le faire en <strong>v\u00e9lo<\/strong> ou bien en <strong>rollers<\/strong> ! Vous vous rendrez d&rsquo;ailleurs vite compte que beaucoup de personnes appr\u00e9cient de parcourir la promenade en v\u00e9lo, en rollers ou bien encore en skateboard. La promenade des Anglais est bord\u00e9e de palaces luxueux d&rsquo;un c\u00f4t\u00e9 et de la mer de l&rsquo;autre. De quoi en prendre plein les yeux !<\/p>\n<h3 style=\"text-align: justify;\">La cath\u00e9drale Saint-Nicolas<\/h3>\n<p style=\"text-align: justify;\">La <strong>cath\u00e9drale Saint-Nicolas<\/strong>\u00a0s&rsquo;\u00e9l\u00e8ve au centre de Nice, \u00e0 l&rsquo;extr\u00e9mit\u00e9 de l&rsquo;avenue Nicolas II. Vous ne pourrez pas la manquer ! Il s&rsquo;agit d&rsquo;un <strong>\u00e9difice religieux orthodoxe russe<\/strong> et c&rsquo;est l&rsquo;un des plus importants hors de Russie. Inaugur\u00e9e en 1912, la cath\u00e9drale Saint-Nicolas est <strong>class\u00e9e Monument Historique<\/strong> depuis 1983.<\/p>\n<h3 style=\"text-align: justify;\">La colline du ch\u00e2teau<\/h3>\n<p style=\"text-align: justify;\">La <strong>colline du ch\u00e2teau<\/strong> est le poumon vert de Nice. C&rsquo;est un <strong>parc<\/strong> tr\u00e8s appr\u00e9ci\u00e9 des Ni\u00e7ois qui viennent souvent s&rsquo;y promener. C&rsquo;est ici que se trouvent les <strong>ruines de l\u2019ancien ch\u00e2teau de Nice<\/strong>, une citadelle construite au XI<sup>e<\/sup> si\u00e8cle, puis d\u00e9truite en 1706 sur ordre de Louis XIV. Du haut de la colline, auquel vous pouvez acc\u00e9der gr\u00e2ce \u00e0 l&rsquo;<strong>ascenseur du ch\u00e2teau<\/strong>, vous profiterez d\u2019une <strong>superbe vue<\/strong> sur Nice et la baie des Anges. Une aire de jeux permet aux enfants de s&rsquo;amuser et il est \u00e9galement possible de pique-niquer.<\/p>\n<h3 style=\"text-align: justify;\">Le mus\u00e9e Matisse<\/h3>\n<p style=\"text-align: justify;\">D\u00e9di\u00e9 \u00e0 <strong>Henri Matisse<\/strong>, le <strong>mus\u00e9e Matisse<\/strong>\u00a0rassemble l&rsquo;une des collections les plus importantes au monde d&rsquo;\u0153uvres du peintre fran\u00e7ais. Cette collection se compose d&rsquo;<strong>environ 900 objets d&rsquo;art<\/strong> dont 68 peintures, quelques 200 dessins, des gravures, des sculptures, des photographies ou encore des livres illustr\u00e9s par Matisse lui-m\u00eame.<\/p>\n<h3 style=\"text-align: justify;\">Le MAMAC<\/h3>\n<p style=\"text-align: justify;\">Le <strong>MAMAC<\/strong> est le\u00a0<strong>mus\u00e9e d\u2019art moderne et d\u2019art contemporain<\/strong>\u00a0de Nice. La collection du mus\u00e9e se compose de <strong>1 331 \u0153uvres<\/strong> qui retracent les diff\u00e9rents mouvements de la fin des ann\u00e9es 1950 jusqu&rsquo;\u00e0 nos jours. Le MAMAC expose des \u0153uvres d\u2019artistes comme Francis Bacon, Yves Klein et Ai Weiwei.<\/p>\n<p><a name=\"restaurantsnice\"><\/a> <a href=\"https:\/\/blog.likibu.com\/fr\/wp-content\/uploads\/2018\/07\/nice-2209823_640-min.jpg\"><img loading=\"lazy\" class=\"alignnone size-full wp-image-8928\" src=\"https:\/\/blog.likibu.com\/fr\/wp-content\/uploads\/2018\/07\/nice-2209823_640-min.jpg\" alt=\"nice-2209823_640-min\" width=\"640\" height=\"426\" \/><\/a><\/p>\n<h2 style=\"text-align: justify;\">O\u00f9 manger \u00e0 Nice ?<\/h2>\n<p style=\"text-align: justify;\">C\u2019est impensable de visiter Nice sans go\u00fbter au moins une fois \u00e0 la salade ni\u00e7oise ou au pan bagnat ! La cuisine ni\u00e7oise est riche de sp\u00e9cialit\u00e9s qu&rsquo;il vous faut tester. Pour cela, nous avons r\u00e9uni cinq bonnes adresses que nous vous conseillons.<\/p>\n<h3 style=\"text-align: justify;\">Bistrot d&rsquo;Antoine<\/h3>\n<p style=\"text-align: justify;\">Situ\u00e9 dans le Vieux-Nice, le <strong>Bistrot d\u2019Antoine<\/strong> est une petite <strong>brasserie<\/strong> \u00e0 l&rsquo;ambiance chaleureuse et conviviale qui vous propose une <strong>cuisine familiale<\/strong> mais toujours pr\u00e9sent\u00e9e avec soin. La <strong>salle \u00e0 l&rsquo;\u00e9tage<\/strong> est tr\u00e8s agr\u00e9able pour un repas au calme, mais vous pr\u00e9f\u00e9rerez peut-\u00eatre vous installer sur la <strong>terrasse<\/strong> qui donne sur la rue anim\u00e9e. Laissez-vous tenter par la perugine (type de saucisse) aux lentilles, les p\u00e2tes au pistou ou encore le magret de canard.<\/p>\n<h3 style=\"text-align: justify;\">Chez Palmyre<\/h3>\n<p style=\"text-align: justify;\"><strong>Chez Palmyre<\/strong>\u00a0est un restaurant lui aussi situ\u00e9 dans le Vieux-Nice. On y sert une <strong>cuisine familiale<\/strong> dans une ambiance cosy. Le menu est \u00e0 <strong>18 \u20ac<\/strong>, un prix raisonnable compte tenu de la <strong>qualit\u00e9 des plats<\/strong> et de la situation du restaurant. Nous vous conseillons d&rsquo;essayer les beignets de sardines ou encore les tripes \u00e0 la ni\u00e7oise, des sp\u00e9cialit\u00e9s de la r\u00e9gion.<\/p>\n<h3 style=\"text-align: justify;\">Peixes<\/h3>\n<p style=\"text-align: justify;\"><strong>Peixes<\/strong> est un restaurant tr\u00e8s sympathique qui sert de la nourriture sous forme de <em><strong>tapas<\/strong><\/em>. Au menu, beaucoup de <strong>poisson<\/strong> et des plats aux influences d&rsquo;<strong>Am\u00e9rique latine<\/strong> et d&rsquo;<strong>Asie<\/strong>. Laissez-vous tenter par la friture de seiche \u00e0 la polenta, le tartare de thon \u00e0 la mayo wasabi ou encore le ceviche de saint-jacques.<\/p>\n<h3 style=\"text-align: justify;\">Keisuke Matsushima<\/h3>\n<p style=\"text-align: justify;\">Le <strong>Keisuke Matsushima<\/strong>, l&rsquo;une des adresses les plus prestigieuses de Nice, propose des plats m\u00ealant les <strong>saveurs du Japon<\/strong> \u00e0 la <strong>cuisine fran\u00e7aise<\/strong>. Au menu, des plats comme la dorade royale et ses tempuras de fleur de courgette, ou encore le mille-feuilles de b\u0153uf juste saisi au wasabi. Un d\u00e9lice !<\/p>\n<h3 style=\"text-align: justify;\">Le Caf\u00e9 de Turin<\/h3>\n<p style=\"text-align: justify;\"><strong>Le Caf\u00e9 de Turin<\/strong> est une <strong>institution centenaire<\/strong> de Nice. Ce <strong>restaurant \u00e0 l&rsquo;ambiance brasserie<\/strong> propose une cuisine \u00e0 base de <strong>produits de la mer<\/strong> et le menu change <strong>chaque semaine<\/strong> pour plus de fra\u00eecheur et surtout plus de d\u00e9couvertes !<\/p>\n<p><a name=\"sortiesnice\"><\/a><a href=\"https:\/\/blog.likibu.com\/fr\/wp-content\/uploads\/2018\/07\/nice-1700751_640-min.jpg\"><img loading=\"lazy\" class=\"alignnone size-full wp-image-8926\" src=\"https:\/\/blog.likibu.com\/fr\/wp-content\/uploads\/2018\/07\/nice-1700751_640-min.jpg\" alt=\"nice-1700751_640-min\" width=\"640\" height=\"423\" \/><\/a><\/p>\n<h2 style=\"text-align: justify;\">O\u00f9 sortir \u00e0 Nice\u00a0?<\/h2>\n<p style=\"text-align: justify;\">Nice est une ville dynamique, tr\u00e8s anim\u00e9e de jour comme de nuit. Pourquoi ne pas d\u00eener dans un restaurant du Vieux-Nice, puis aller prendre un ap\u00e9ritif sur le port ? Si le c\u0153ur vous en dit, vous pouvez ensuite vous rendre dans un club branch\u00e9 de Nice pour danser jusqu\u2019au bout de la nuit, ou bien faire un tour au cabaret ou au casino. Les endroits les plus fr\u00e9quent\u00e9s par les f\u00eatards la nuit sont le <strong>Cours Saleya<\/strong>, le <strong>Vieux Nice<\/strong>, le <strong>port<\/strong>, la <strong>zone pi\u00e9tonne<\/strong> et le <strong>centre-ville<\/strong>. C&rsquo;est \u00e9galement l\u00e0 que vous trouverez la majorit\u00e9 des bars et bo\u00eetes de nuit. Voici notre s\u00e9lection personnelle :<\/p>\n<ul style=\"text-align: justify;\">\n<li><strong>Le Blue Whales<\/strong><\/li>\n<li><strong>Duke Bar et Lounge Nice<\/strong><\/li>\n<li><strong>Ma Nolan&rsquo;s Irish Pubs<\/strong><\/li>\n<li><strong>Master Home<\/strong><\/li>\n<li><strong>High Club<\/strong><\/li>\n<li><strong>Le Feeling<\/strong><\/li>\n<\/ul>\n<p style=\"text-align: justify;\">Si vous pr\u00e9f\u00e9rez passer votre soir\u00e9e au casino, nous vous conseillons le <strong>casino du Palais de la M\u00e9diterran\u00e9e<\/strong> et le <strong>Casino Barri\u00e8re Le Ruhl-Nice<\/strong>. Vous pouvez \u00e9galement aller \u00e0 l\u2019<strong>op\u00e9ra de Nice<\/strong>, pour voir un op\u00e9ra ou bien un ballet.<\/p>\n<p style=\"text-align: justify;\">Ces conseils sur Nice vous ont plu ? Vous pr\u00e9parez un prochain voyage ? D\u00e9couvrez vite nos articles <a href=\"https:\/\/blog.likibu.com\/fr\/visiter-paris\/\">Visiter Paris<\/a> et <a href=\"https:\/\/blog.likibu.com\/fr\/visiter-bordeaux\/\">Visiter Bordeaux<\/a> !<\/p>\n","protected":false},"excerpt":{"rendered":"<p>Vous voil\u00e0 parti pour visiter Nice durant vos prochaines vacances. Vous allez pouvoir d\u00e9couvrir les ruelles du Vieux-Nice, admirer les fa\u00e7ades color\u00e9es de la ville et vous pr\u00e9lasser sur les plages ni\u00e7oises. Que du bonheur ! Pour vous aider \u00e0 pr\u00e9parer ce voyage sur la  <a class=\"read-more\" href=\"https:\/\/blog.likibu.com\/fr\/visiter-nice\/\">Suite &rarr;<\/a><\/p>\n","protected":false},"author":81,"featured_media":0,"parent":0,"menu_order":0,"comment_status":"closed","ping_status":"open","template":"","meta":[],"_links":{"self":[{"href":"https:\/\/blog.likibu.com\/fr\/wp-json\/wp\/v2\/pages\/8891"}],"collection":[{"href":"https:\/\/blog.likibu.com\/fr\/wp-json\/wp\/v2\/pages"}],"about":[{"href":"https:\/\/blog.likibu.com\/fr\/wp-json\/wp\/v2\/types\/page"}],"author":[{"embeddable":true,"href":"https:\/\/blog.likibu.com\/fr\/wp-json\/wp\/v2\/users\/81"}],"replies":[{"embeddable":true,"href":"https:\/\/blog.likibu.com\/fr\/wp-json\/wp\/v2\/comments?post=8891"}],"version-history":[{"count":14,"href":"https:\/\/blog.likibu.com\/fr\/wp-json\/wp\/v2\/pages\/8891\/revisions"}],"predecessor-version":[{"id":9106,"href":"https:\/\/blog.likibu.com\/fr\/wp-json\/wp\/v2\/pages\/8891\/revisions\/9106"}],"wp:attachment":[{"href":"https:\/\/blog.likibu.com\/fr\/wp-json\/wp\/v2\/media?parent=8891"}],"curies":[{"name":"wp","href":"https:\/\/api.w.org\/{rel}","templated":true}]}}