{"id":8993,"date":"2018-07-31T13:40:36","date_gmt":"2018-07-31T12:40:36","guid":{"rendered":"https:\/\/blog.likibu.com\/fr\/?page_id=8993"},"modified":"2018-08-06T16:47:11","modified_gmt":"2018-08-06T15:47:11","slug":"visiter-corse","status":"publish","type":"page","link":"https:\/\/blog.likibu.com\/fr\/visiter-corse\/","title":{"rendered":"Visiter la Corse"},"content":{"rendered":"<p style=\"text-align: justify;\">De magnifiques c\u00f4tes, des montagnes escarp\u00e9es, des for\u00eats denses&#8230; Vous allez visiter la Corse et ses panoramas magnifiques. Celle que l&rsquo;on appelle \u2014 et \u00e0 raison \u2014 l\u2019\u00eele\u00a0 de Beaut\u00e9 pr\u00e9sente des paysages \u00e0 couper le souffle, dont la moiti\u00e9 est class\u00e9e parc naturel. Elle charme tous ses visiteurs et vous n&rsquo;\u00e9chapperez pas \u00e0 la r\u00e8gle ! Pour que votre s\u00e9jour en Corse se d\u00e9roule dans les meilleures conditions possibles, d\u00e9couvrez d\u00e8s maintenant tous nos conseils pour bien pr\u00e9parer votre voyage en Corse. Ce mini-guide r\u00e9pertorie pour vous les meilleurs quartiers, restaurants, visites et sorties.<\/p>\n<ul style=\"text-align: justify;\">\n<li style=\"text-align: justify;\"><a href=\"#histoirecorse\">Histoire et culture de la Corse<\/a><\/li>\n<li style=\"text-align: justify;\"><a href=\"#meteocorse\">Quand partir en Corse ?<\/a><\/li>\n<li style=\"text-align: justify;\"><a href=\"#venircorse\">Comment aller en Corse ?<\/a><\/li>\n<li style=\"text-align: justify;\"><a href=\"#sedeplacercorse\">Se d\u00e9placer en Corse<\/a><\/li>\n<li style=\"text-align: justify;\"><a href=\"#quartierscorse\">O\u00f9 dormir en Corse ?<\/a><\/li>\n<li style=\"text-align: justify;\"><a href=\"#visitescorse\">Que visiter en Corse ?<\/a><\/li>\n<li style=\"text-align: justify;\"><a href=\"#restaurantscorse\">O\u00f9 manger en Corse ?<\/a><\/li>\n<li style=\"text-align: justify;\"><a href=\"#sortiescorse\">La vie nocturne en Corse<\/a><\/li>\n<\/ul>\n<p><a name=\"histoirecorse\"><\/a><\/p>\n<p style=\"text-align: justify;\"><a href=\"https:\/\/blog.likibu.com\/fr\/wp-content\/uploads\/2018\/07\/Corse_France_\u00eeles-Sanguinaires-Corse_36677407.jpg\"><img loading=\"lazy\" class=\"alignnone size-full wp-image-8250\" src=\"https:\/\/blog.likibu.com\/fr\/wp-content\/uploads\/2018\/07\/Corse_France_\u00eeles-Sanguinaires-Corse_36677407.jpg\" alt=\"\u00eeles Sanguinaires, Corse\" width=\"2000\" height=\"1144\" srcset=\"\/wp-content\/uploads\/2018\/07\/Corse_France_\u00eeles-Sanguinaires-Corse_36677407.jpg 2000w, \/wp-content\/uploads\/2018\/07\/Corse_France_\u00eeles-Sanguinaires-Corse_36677407-750x429.jpg 750w, \/wp-content\/uploads\/2018\/07\/Corse_France_\u00eeles-Sanguinaires-Corse_36677407-1024x585.jpg 1024w\" sizes=\"(max-width: 2000px) 100vw, 2000px\" \/><\/a><\/p>\n<h2 style=\"text-align: justify;\">Histoire et culture de la Corse<\/h2>\n<p style=\"text-align: justify;\">La Corse est une <strong>\u00eele fran\u00e7aise<\/strong> de la mer M\u00e9diterran\u00e9e, situ\u00e9e au sud de la C\u00f4te d\u2019Azur. Elle se compose de deux d\u00e9partements : la Haute-Corse et la Corse-du-Sud, ainsi que de cinq arrondissements : Bastia, Calvi, Corte, Ajaccio et Sart\u00e8ne. D&rsquo;abord rattach\u00e9e \u00e0 la <strong>R\u00e9publique de G\u00eanes<\/strong>, la Corse se d\u00e9clare ensuite <strong>ind\u00e9pendante<\/strong>, mais finit par \u00eatre conquise par la <strong>France<\/strong> en 1769. Aujourd&rsquo;hui, l&rsquo;<strong>identit\u00e9 corse<\/strong> est encore tr\u00e8s forte avec, par exemple, la <strong>langue corse<\/strong> ou encore les mouvements soutenant le <strong>nationalisme corse<\/strong> et demandant l&rsquo;autonomie de l&rsquo;\u00eele.<\/p>\n<p style=\"text-align: justify;\">Le <strong>tourisme<\/strong> est une des activit\u00e9s \u00e9conomiques les plus importantes de Corse. L&rsquo;\u00eele de Beaut\u00e9 attire chaque ann\u00e9e <strong>3 millions de touristes<\/strong> gr\u00e2ce \u00e0 son paysage unique au monde. Entre les plages, les criques cach\u00e9es, les falaises rocheuses, les villages \u00e0 flanc de montagne et les r\u00e9serves naturelles, comment ne pas se laisser s\u00e9duire ?<\/p>\n<p><a name=\"meteocorse\"><\/a><\/p>\n<p style=\"text-align: justify;\"><a href=\"https:\/\/blog.likibu.com\/fr\/wp-content\/uploads\/2016\/10\/Corse_Calvi_Pascal_poggi.jpg\"><img loading=\"lazy\" class=\"alignnone size-full wp-image-3413\" src=\"https:\/\/blog.likibu.com\/fr\/wp-content\/uploads\/2016\/10\/Corse_Calvi_Pascal_poggi.jpg\" alt=\"Corse_Calvi_Pascal_poggi\" width=\"640\" height=\"424\" srcset=\"\/wp-content\/uploads\/2016\/10\/Corse_Calvi_Pascal_poggi.jpg 640w, \/wp-content\/uploads\/2016\/10\/Corse_Calvi_Pascal_poggi-300x198.jpg 300w\" sizes=\"(max-width: 640px) 100vw, 640px\" \/><\/a><\/p>\n<h2 style=\"text-align: justify;\">Quand partir en Corse\u00a0?<\/h2>\n<p style=\"text-align: justify;\">Avec un <strong>climat de type m\u00e9diterran\u00e9en<\/strong>, la Corse est connue pour la douceur de son atmosph\u00e8re tout au long de l\u2019ann\u00e9e. La saison estivale est chaude et s\u00e8che, avec des temp\u00e9ratures avoisinant les <strong>29 \u00b0C<\/strong>, tandis que la saison hivernale est douce et humide, avec des temp\u00e9ratures aux environs de <strong>14 \u00b0C<\/strong>. La Corse se visite donc toute l\u2019ann\u00e9e, mais vous pouvez choisir le meilleur moment selon vos envies.<\/p>\n<p style=\"text-align: justify;\">Ceux qui pr\u00e9f\u00e8rent le farniente au soleil ou la baignade choisiront la p\u00e9riode <strong>de juin \u00e0 septembre<\/strong>. De plus, c&rsquo;est \u00e0 cette \u00e9poque de l&rsquo;ann\u00e9e que diverses <strong>manifestations culturelles<\/strong> ont lieu sur l&rsquo;\u00eele, comme par exemple le Calvi on the Rocks, un festival d\u00e9di\u00e9 \u00e0 la musique \u00e9lectronique, ou encore les Journ\u00e9es napol\u00e9oniennes d&rsquo;Ajaccio. Retenez cependant qu&rsquo;avec la foule de visiteurs qui d\u00e9barquent sur l\u2019\u00eele, les <strong>tarifs augmentent<\/strong> \u00e0 cette p\u00e9riode. Si vous souhaitez profiter de la nature et faire des randonn\u00e9es le long des c\u00f4tes de Corse, privil\u00e9giez le <strong>printemps<\/strong> ou l&rsquo;<strong>automne<\/strong>. Enfin, si vous voulez \u00eatre au calme et vous ressourcer, choisissez de partir durant la <strong>basse saison<\/strong>, en <strong>novembre<\/strong> ou en <strong>mars<\/strong>.<\/p>\n<p><a name=\"venircorse\"><\/a><\/p>\n<p style=\"text-align: justify;\"><a href=\"https:\/\/blog.likibu.com\/fr\/wp-content\/uploads\/2016\/10\/Corse_pascal_poggi2.jpg\"><img loading=\"lazy\" class=\"alignnone size-full wp-image-3414\" src=\"https:\/\/blog.likibu.com\/fr\/wp-content\/uploads\/2016\/10\/Corse_pascal_poggi2.jpg\" alt=\"Corse_pascal_poggi2\" width=\"640\" height=\"424\" srcset=\"\/wp-content\/uploads\/2016\/10\/Corse_pascal_poggi2.jpg 640w, \/wp-content\/uploads\/2016\/10\/Corse_pascal_poggi2-300x198.jpg 300w\" sizes=\"(max-width: 640px) 100vw, 640px\" \/><\/a><\/p>\n<h2 style=\"text-align: justify;\">Comment aller en Corse\u00a0?<\/h2>\n<p style=\"text-align: justify;\">Il est possible d&rsquo;aller en Corse en <strong>bateau<\/strong> ou bien en <strong>avion<\/strong>. Quoi que vous choisissiez, vous trouverez facilement un aller aux dates qui vous conviendront. Il est n\u00e9anmoins n\u00e9cessaire de savoir que la p\u00e9riode \u00e0 laquelle la r\u00e9servation est r\u00e9alis\u00e9e joue beaucoup dans le prix.<\/p>\n<p style=\"text-align: justify;\">Si vous d\u00e9cidez de prendre l&rsquo;avion, sachez qu&rsquo;il existe quatre a\u00e9roports en Corse : l&rsquo;<strong>a\u00e9roport d&rsquo;Ajaccio-Napol\u00e9on-Bonaparte<\/strong> (AJA), l&rsquo;<strong>a\u00e9roport de Bastia-Poretta<\/strong> (BIA), l&rsquo;<strong>a\u00e9roport de Calvi-Sainte-Catherine<\/strong> (CLY) et l&rsquo;<strong>a\u00e9roport de Figari-Sud-Corse<\/strong> (FSC). Ces derniers sont desservis r\u00e9guli\u00e8rement par de nombreuses compagnies. Au d\u00e9part de <strong>Paris<\/strong>, un trajet en avion jusqu&rsquo;\u00e0 la Corse durera <strong>1h30<\/strong> et vous co\u00fbtera <strong>entre 70 et 100 \u20ac<\/strong>.<\/p>\n<p style=\"text-align: justify;\">Si vous souhaitez prendre le ferry pour vous rendre en Corse, sachez que le voyage sera plus long (<strong>entre 6 \u00e0 12h<\/strong> selon la ville o\u00f9 vous vous rendez) mais que c&rsquo;est l&rsquo;option \u00e0 privil\u00e9gier si vous voulez <strong>emmener votre voiture<\/strong>. Les compagnies assurant les liaisons sont SNCM, la M\u00e9ridoniale, Corsica Ferries et Moby Lines. Un trajet simple vaut <strong>environ 50 \u20ac<\/strong>. Avec une voiture familiale, il peut atteindre les <strong>185 \u20ac<\/strong>.<\/p>\n<p><a name=\"sedeplacercorse\"><\/a><\/p>\n<p style=\"text-align: justify;\"><a href=\"https:\/\/blog.likibu.com\/fr\/wp-content\/uploads\/2016\/09\/niall62-Corse-fall.jpg\"><img loading=\"lazy\" class=\"alignnone size-full wp-image-3249\" src=\"https:\/\/blog.likibu.com\/fr\/wp-content\/uploads\/2016\/09\/niall62-Corse-fall.jpg\" alt=\"niall62 Corse fall\" width=\"640\" height=\"444\" srcset=\"\/wp-content\/uploads\/2016\/09\/niall62-Corse-fall.jpg 640w, \/wp-content\/uploads\/2016\/09\/niall62-Corse-fall-300x208.jpg 300w\" sizes=\"(max-width: 640px) 100vw, 640px\" \/><\/a><\/p>\n<h2 style=\"text-align: justify;\">Se d\u00e9placer en Corse<\/h2>\n<p style=\"text-align: justify;\">Le r\u00e9seau de transports en commun n&rsquo;est pas tr\u00e8s d\u00e9velopp\u00e9 en Corse. Il reste cependant plusieurs options pour vous d\u00e9placer \u00e0 travers l&rsquo;\u00eele et rejoindre les villes voisines.<\/p>\n<h3 style=\"text-align: justify;\">En train<\/h3>\n<p style=\"text-align: justify;\">Un voyage en <strong>train<\/strong> pour passer d&rsquo;une ville \u00e0 l&rsquo;autre vous promet une promenade insolite \u00e0 travers des paysages somptueux. Il existe <strong>deux lignes<\/strong>. La premi\u00e8re (la ligne centrale) traverse presque toute l&rsquo;\u00eele et relie <strong>Ajaccio<\/strong> \u00e0 <strong>Bastia<\/strong>. La deuxi\u00e8me (la ligne de la Balagne) fait la liaison entre <strong>Ponte-Leccia<\/strong> et <strong>Calvi<\/strong>, en passant par l&rsquo;<strong>\u00cele-Rousse<\/strong>. Le prix d&rsquo;un billet varie <strong>entre 2 \u20ac et 12,60 \u20ac<\/strong>.<\/p>\n<h3 style=\"text-align: justify;\">En bus<\/h3>\n<p style=\"text-align: justify;\">Les r\u00e9seaux de <strong>bus<\/strong> n&rsquo;existent que dans les villes d&rsquo;<strong>Ajaccio<\/strong> et de <strong>Bastia<\/strong> et sont exploit\u00e9s par des compagnies priv\u00e9es. Un ticket vous co\u00fbtera seulement <strong>1 \u20ac<\/strong>.<\/p>\n<h3 style=\"text-align: justify;\">En voiture<\/h3>\n<p style=\"text-align: justify;\">Pour avoir plus de libert\u00e9 dans vos d\u00e9placements, emmenez votre <strong>voiture<\/strong> avec vous (en prenant le ferry), ou bien <strong>louez-en une<\/strong>. Il vous est \u00e9galement possible d&rsquo;opter pour un <strong>taxi<\/strong>. Il vous sera surtout facile d&rsquo;utiliser la voiture en <strong>Haute-Corse<\/strong>, o\u00f9 le maillage routier est plus dense et permet d&rsquo;effectuer sans probl\u00e8me les liaisons entre Calvi, Bastia et les autres villes du d\u00e9partement.<\/p>\n<h3 style=\"text-align: justify;\">En v\u00e9lo<\/h3>\n<p style=\"text-align: justify;\">Malgr\u00e9 le relief (beaucoup de montagnes et de routes en pente), le <strong>v\u00e9lo<\/strong> est un moyen de locomotion tr\u00e8s appr\u00e9ci\u00e9 en Corse. L&rsquo;\u00eele de Beaut\u00e9 a m\u00eame accueilli pour la premi\u00e8re fois en 2013 le <strong>Tour de France<\/strong> ! Si vous n&rsquo;avez pas emport\u00e9 votre v\u00e9lo, bon nombre de <strong>magasins de location<\/strong> de v\u00e9los ou de VTT vous en loueront \u00e0 un tarif d\u00e9gressif <strong>\u00e0 partir de 20 \u20ac par jour<\/strong>.<\/p>\n<p><a name=\"quartierscorse\"><\/a><\/p>\n<p style=\"text-align: justify;\"><a href=\"https:\/\/blog.likibu.com\/fr\/wp-content\/uploads\/2017\/01\/Likibu_corse_voyage.jpg\"><img loading=\"lazy\" class=\"alignnone size-full wp-image-3623\" src=\"https:\/\/blog.likibu.com\/fr\/wp-content\/uploads\/2017\/01\/Likibu_corse_voyage.jpg\" alt=\"Likibu_corse_voyage\" width=\"640\" height=\"424\" srcset=\"\/wp-content\/uploads\/2017\/01\/Likibu_corse_voyage.jpg 640w, \/wp-content\/uploads\/2017\/01\/Likibu_corse_voyage-300x198.jpg 300w\" sizes=\"(max-width: 640px) 100vw, 640px\" \/><\/a><\/p>\n<h2 style=\"text-align: justify;\">Dans quelle ville s\u00e9journer en Corse\u00a0?<\/h2>\n<p style=\"text-align: justify;\">Vous \u00eates \u00e0 la recherche d\u2019un endroit <a href=\"https:\/\/blog.likibu.com\/fr\/dormir-en-corse\/\">o\u00f9 dormir en Corse<\/a>\u00a0? D\u00e9couvrez vite les meilleures villes o\u00f9 s\u00e9journer et lesquelles conviendront le plus \u00e0 vos attentes !<\/p>\n<h3 style=\"text-align: justify;\">Ajaccio<\/h3>\n<p style=\"text-align: justify;\">Situ\u00e9e \u00e0 l\u2019ouest de la Corse, la ville d\u2019<strong>Ajaccio<\/strong> vous permettra de profiter de l&rsquo;incroyable beaut\u00e9 de l&rsquo;\u00eele et notamment de visiter le c\u00e9l\u00e8bre golfe d&rsquo;Ajaccio et ses quatre \u00eeles Sanguinaires. Mais ce n&rsquo;est pas tout ! Vous pourrez \u00e9galement faire des randonn\u00e9es dans la garrigue, explorer les calanques de Piana et visiter le village pittoresque de Porto. Vous tomberez vite sous le charme d&rsquo;Ajaccio, mais attention, l\u2019affluence touristique fait que les tarifs des h\u00e9bergements y sont plut\u00f4t \u00e9lev\u00e9s.<\/p>\n<h3 style=\"text-align: justify;\">Calvi<\/h3>\n<p style=\"text-align: justify;\">Situ\u00e9e au nord-ouest de la Corse, <strong>Calvi<\/strong> est une station baln\u00e9aire tr\u00e8s appr\u00e9ci\u00e9e des vacanciers. Loger \u00e0 Calvi vous offrira l\u2019opportunit\u00e9 de d\u00e9couvrir sa citadelle, son port, sa plage de sable fin, ainsi que ses pin\u00e8des. De plus, Calvi regorge de multiples monuments historiques qu&rsquo;il vous faudra visiter !<\/p>\n<h3 style=\"text-align: justify;\">Bonifacio<\/h3>\n<p style=\"text-align: justify;\">Perch\u00e9e sur un vertigineux \u00e9peron rocheux de falaises calcaires, au sud de la Corse (NB :\u00a0<a href=\"https:\/\/blog.likibu.com\/fr\/visiter-en-corse-du-sud\/\">visitez la Corse-du-Sud<\/a>), la ville de <strong>Bonifacio<\/strong> offre des paysages \u00e0 couper le souffle. Ici, vous allez pouvoir visiter le port et la citadelle, puis pique-niquer sur les remparts. \u00c0 Bonifacio, vous pourrez \u00e9galement prendre la mer et d\u00e9couvrir les falaises, les grottes marines ou encore les \u00eeles Lavezzi \u00e0 proximit\u00e9.<\/p>\n<h3 style=\"text-align: justify;\">Porto-Vecchio<\/h3>\n<p style=\"text-align: justify;\">La ville de <strong><a href=\"https:\/\/blog.likibu.com\/fr\/4-activites-faire-porto-vecchio\/\">Porto-Vecchio<\/a><\/strong>, surnomm\u00e9e la cit\u00e9 du sel \u00e0 cause de ses marais salants, est une agr\u00e9able station baln\u00e9aire tr\u00e8s appr\u00e9ci\u00e9e des touristes. En logeant \u00e0 Porto-Vecchio, vous aurez l&rsquo;occasion de visiter sa citadelle et de profiter de ses magnifiques plages, comme la plage de Palombaggia qui se situe non loin de la ville. Porto-Vecchio est \u00e9galement un tr\u00e8s bon point de d\u00e9part pour des excursions \u00e0 la d\u00e9couverte de la partie sud-est de la Corse. Certains logements de vacances \u00e0 Porto-Vecchio sont tr\u00e8s luxueux, mais il existe \u00e9galement des h\u00e9bergements \u00e0 des prix bien plus raisonnables.<\/p>\n<h3 style=\"text-align: justify;\">Corte<\/h3>\n<p style=\"text-align: justify;\">La ville de <strong>Corte<\/strong> se trouve au centre de la Corse. Elle est consid\u00e9r\u00e9e comme la capitale historique et culturelle de la Corse, autant dire qu&rsquo;il y a beaucoup \u00e0 voir ! Corte est aussi la destination parfaite pour les passionn\u00e9s d&rsquo;excursions : vous allez en effet pouvoir profiter de nombreux circuits de randonn\u00e9es en montagne, mais \u00e9galement pr\u00e8s des lacs proches de Corte comme le lac de Capitello ou le lac de Nino. Pr\u00e9parez-vous \u00e0 d\u00e9couvrir des paysages fabuleux !<\/p>\n<p><a name=\"visitescorse\"><\/a><\/p>\n<p style=\"text-align: justify;\"><a href=\"https:\/\/blog.likibu.com\/fr\/wp-content\/uploads\/2016\/08\/Corse-du-Sud-Pascal-POGGI.jpg\"><img loading=\"lazy\" class=\"alignnone size-full wp-image-2927\" src=\"https:\/\/blog.likibu.com\/fr\/wp-content\/uploads\/2016\/08\/Corse-du-Sud-Pascal-POGGI.jpg\" alt=\"Corse du Sud - Pascal POGGI\" width=\"640\" height=\"425\" \/><\/a><\/p>\n<h2 style=\"text-align: justify;\">Que visiter en Corse\u00a0?<\/h2>\n<p style=\"text-align: justify;\">Si vous allez visiter Bonifacio, achetez un\u00a0<strong>pass monument<\/strong>\u00a0\u00e0 <strong>3,50 \u20ac<\/strong> pour explorer les monuments historiques de la ville. Si vous souhaitez un pass qui couvre toute l&rsquo;\u00eele, le\u00a0<strong>Pass to Corsica<\/strong> vous permettra de profiter de nombreux bons plans partout en Corse. Durant votre s\u00e9jour, certains sites et monuments sont des incontournables :<\/p>\n<ul style=\"text-align: justify;\">\n<li>\u00c0 Ajaccio, la <strong>maison de naissance de Napol\u00e9on Ier<\/strong>, le\u00a0<strong>monument comm\u00e9moratif de Napol\u00e9on Ier<\/strong>, la <strong>cath\u00e9drale Notre-Dame-de-l\u2019Assomption<\/strong>, le <strong>mus\u00e9e Fesch<\/strong>, la <strong>citadelle<\/strong>\u00a0et les <strong>\u00eeles Sanguinaires<\/strong>.<\/li>\n<li>\u00c0 Bonifacio, le <strong>cimeti\u00e8re marin<\/strong>, puis les\u00a0<strong>falaises de calcaire<\/strong>\u00a0et l\u2019<strong>Escalier du roi d\u2019Aragon<\/strong> taill\u00e9 \u00e0 m\u00eame la falaise, et enfin les <strong>\u00eeles Lavezzi<\/strong>.<\/li>\n<li>\u00c0 Calvi, la\u00a0<strong>citadelle<\/strong>, le <strong>port<\/strong>\u00a0et les paysages somptueux du <strong>massif du Monte Cinto<\/strong>.<\/li>\n<li>\u00c0 Bastia, l\u2019<strong>\u00e9glise Saint-Jean-Baptiste<\/strong>, la plus grande \u00e9glise de Corse.<\/li>\n<li>\u00c0 Corte, la <strong>citadelle<\/strong> juch\u00e9e sur un piton rocheux.<\/li>\n<li>Le <strong>vignoble de Patrimonio<\/strong>\u00a0dont la r\u00e9putation n&rsquo;est plus \u00e0 faire.<\/li>\n<li>Les grandes parois rocheuses \u00e0 l\u2019ar\u00eate d\u00e9chiquet\u00e9e des <strong>aiguilles de Bavella<\/strong>, l\u2019un des paysages sauvages embl\u00e9matiques de la Corse.<\/li>\n<li>Les <strong>gorges de la Restonica<\/strong> et ses falaises formant un d\u00e9cor spectaculaire.<\/li>\n<li>Les <strong>d\u00e9fil\u00e9s de l\u2019Inzecca et des Strette<\/strong>, une vall\u00e9e montagneuse aux allures de canyon situ\u00e9e pr\u00e8s du village de Ghisoni.<\/li>\n<li>La <strong>plage de Palombaggia<\/strong>, la plus belle plage de Corse.<\/li>\n<li>La <strong>r\u00e9serve naturelle de Scandola<\/strong> dans le golfe de Porte, avec ses falaises de porphyre rose et ses for\u00eats de pins.<\/li>\n<li>Les <strong>calanques de Piana<\/strong> et leurs panoramas de toute beaut\u00e9.<\/li>\n<li>Les <strong>pozzines du lac de Nino<\/strong>, d&rsquo;\u00e9tonnantes pelouses \u00e9paisses et spongieuses, travers\u00e9es de petits cours d\u2019eau.<\/li>\n<li>Les <strong>cascades de Purcaraccia<\/strong> et leurs piscines naturelles.<\/li>\n<li>Le paysage hors du commun du <strong>d\u00e9sert des Agriates<\/strong>.<\/li>\n<\/ul>\n<p><a name=\"restaurantscorse\"><\/a> <a href=\"https:\/\/blog.likibu.com\/fr\/wp-content\/uploads\/2016\/10\/Corse_Mane_Sridykhan.jpg\"><img loading=\"lazy\" class=\"alignnone size-full wp-image-3416\" src=\"https:\/\/blog.likibu.com\/fr\/wp-content\/uploads\/2016\/10\/Corse_Mane_Sridykhan.jpg\" alt=\"Corse_Mane_Sridykhan\" width=\"640\" height=\"425\" srcset=\"\/wp-content\/uploads\/2016\/10\/Corse_Mane_Sridykhan.jpg 640w, \/wp-content\/uploads\/2016\/10\/Corse_Mane_Sridykhan-300x199.jpg 300w\" sizes=\"(max-width: 640px) 100vw, 640px\" \/><\/a><\/p>\n<h2 style=\"text-align: justify;\">O\u00f9 manger en Corse ?<\/h2>\n<p style=\"text-align: justify;\">Il n\u2019est pas question de passer \u00e0 c\u00f4t\u00e9 des <a href=\"https:\/\/blog.likibu.com\/fr\/specialite-culinaire-que-manger-en-corse\/\">sp\u00e9cialit\u00e9s culinaires de Corse<\/a> durant votre s\u00e9jour ! Voici donc une petite liste de restaurants \u00e0 tester&#8230;<\/p>\n<h3 style=\"text-align: justify;\">La maison du traiteur<\/h3>\n<p style=\"text-align: justify;\"><strong>La maison du traiteur<\/strong> vous propose de go\u00fbter \u00e0 la <strong>gastronomie corse<\/strong> \u00e0 travers des plats pr\u00e9par\u00e9s avec soin, mais vous permet \u00e9galement d&rsquo;<strong>acheter les produits du terroir<\/strong> comme du vin, de la charcuterie ou des biscuits. La maison du traiteur se situe 3, place Cl\u00e9menceau \u00e0 Propiano.<\/p>\n<h3 style=\"text-align: justify;\">mani<\/h3>\n<p style=\"text-align: justify;\"><strong>mani<\/strong> est un restaurant avec <strong>terrasse<\/strong> o\u00f9 tout est fait maison ! Les ingr\u00e9dients sont soigneusement s\u00e9lectionn\u00e9s et travaill\u00e9s pour une <strong>cuisine de qualit\u00e9<\/strong> qui ravira vos papilles ! Choisissez un plat individuel ou bien un plat \u00e0 partager et r\u00e9galez-vous. N&rsquo;h\u00e9sitez pas \u00e0 go\u00fbter l&rsquo;un des nombreux burgers \u00e0 la carte, comme le <strong>burger de poulpe<\/strong>. mani se trouve au\u00a07, rue du Roi de Rome \u00e0 Ajaccio.<\/p>\n<h3 style=\"text-align: justify;\">La Signoria<\/h3>\n<p style=\"text-align: justify;\"><strong>La Signoria<\/strong> est le <strong>restaurant gastronomique<\/strong> de l&rsquo;h\u00f4tel La Signoria. Vous pourrez d\u00eener dans un d\u00e9cor \u00e9l\u00e9gant du XVIIIe si\u00e8cle ou bien sur la terrasse avec vue sur les montagnes. Les prix sont \u00e9lev\u00e9s : pour un menu entr\u00e9e, plat et dessert, comptez <strong>70\u00a0\u20ac<\/strong> au d\u00e9jeuner et <strong>80\u00a0\u20ac<\/strong> au d\u00eener. La Signoria se situe route de la for\u00eat de Bonifato \u00e0 Calvi.<\/p>\n<h3 style=\"text-align: justify;\">U Capu Biancu<\/h3>\n<p style=\"text-align: justify;\"><strong>U Capu Biancu<\/strong> est le restaurant de l&rsquo;h\u00f4tel U Capu Biancu. On vous y propose une cuisine\u00a0\u00ab identitaire\u00a0\u00bb, comprendre une <strong>cuisine typiquement corse<\/strong>, avec des <strong>produits issus du terroir<\/strong>, qui fait appel aux agriculteurs, \u00e9leveurs et p\u00eacheurs corses. U Capu Biancu propose de vrais plats pour le repas du soir, tandis que de 11h \u00e0 18h, il est seulement possible de\u00a0\u00ab snacker\u00a0\u00bb. Les prix des plats tournent autour des <strong>30\u00a0\u20ac<\/strong>. Le cadre est charmant et offre une magnifique vue sur la baie de Santa Manza. U Capu Biancu se situe au domaine Pozzoniello, lieu-dit Ricetti, \u00e0\u00a0Bonifacio.<\/p>\n<h3 style=\"text-align: justify;\">Le Casadelmar<\/h3>\n<p style=\"text-align: justify;\"><strong>Le Casadelmar<\/strong> est le <strong>restaurant gastronomique<\/strong> de l&rsquo;h\u00f4tel Casadelmar. Avec <strong>deux \u00e9toiles au guide Michelin<\/strong>, le Casadelmar vous propose une cuisine tout en finesse. Laissez-vous tenter par le <strong>menu d\u00e9couverte<\/strong> \u00e0 <strong>140\u00a0\u20ac<\/strong>. Attention, le code vestimentaire du restaurant demande le port de pantalon pour les hommes. Le Casadelmar se situe route de Palombaggia \u00e0\u00a0Porto-Vecchio.<\/p>\n<p><a name=\"sortiescorse\"><\/a> <a href=\"https:\/\/blog.likibu.com\/fr\/wp-content\/uploads\/2016\/03\/1200px-Plage_de_Palombaggia_Corse_du_sud.jpg\"><img loading=\"lazy\" class=\"alignnone size-full wp-image-1492\" src=\"https:\/\/blog.likibu.com\/fr\/wp-content\/uploads\/2016\/03\/1200px-Plage_de_Palombaggia_Corse_du_sud.jpg\" alt=\"1200px-Plage_de_Palombaggia_(Corse_du_sud)\" width=\"1200\" height=\"900\" srcset=\"\/wp-content\/uploads\/2016\/03\/1200px-Plage_de_Palombaggia_Corse_du_sud.jpg 1200w, \/wp-content\/uploads\/2016\/03\/1200px-Plage_de_Palombaggia_Corse_du_sud-300x225.jpg 300w, \/wp-content\/uploads\/2016\/03\/1200px-Plage_de_Palombaggia_Corse_du_sud-1024x768.jpg 1024w\" sizes=\"(max-width: 1200px) 100vw, 1200px\" \/><\/a><\/p>\n<h2 style=\"text-align: justify;\">La vie nocturne en Corse<\/h2>\n<p style=\"text-align: justify;\">L&rsquo;\u00eele de Beaut\u00e9 n&rsquo;est pas seulement une bonne destination de vacances pour ceux qui aiment les visites et les randonn\u00e9es, c&rsquo;est aussi l&rsquo;endroit parfait pour ceux qui aiment sortir boire un verre, faire des rencontres et danser jusqu&rsquo;au petit matin. Voici quelques adresses sympas \u00e0 essayer durant votre s\u00e9jour en Corse :<\/p>\n<ul style=\"text-align: justify;\">\n<li>Le <strong>Via Notte<\/strong>, un club \u00e0 ciel ouvert \u00e0 Porto-Vecchio, qui accueille de c\u00e9l\u00e8bres DJ.<\/li>\n<li>Le <strong>B&rsquo;52<\/strong>, un bar \u00e0 cocktail sur le port de Bonifacio.<\/li>\n<li>L\u2019<strong>Alta Rocca<\/strong>, un excellent bar \u00e0 vin \u00e0 Porticcio.<\/li>\n<li><strong>Le Corsaire<\/strong>, un bar face \u00e0 la mer \u00e0 Propriano.<\/li>\n<li><strong>Le Dubai Caf\u00e9<\/strong>, un bar avec DJ \u00e0 Santa-Maria-Poggio.<\/li>\n<li><strong>La Conca d&rsquo;Oro<\/strong>, un night-club \u00e0 ciel ouvert \u00e0 Oletta.<\/li>\n<\/ul>\n<p style=\"text-align: justify;\">Ces conseils pour pr\u00e9parer votre voyage en Corse vous ont \u00e9t\u00e9 utiles ? N&rsquo;h\u00e9sitez pas \u00e0 d\u00e9couvrir nos bonnes adresses sur la <a href=\"https:\/\/blog.likibu.com\/fr\/visiter-cote-azur\/\">C\u00f4te d&rsquo;Azur<\/a> et nos bons plans \u00e0 <a href=\"https:\/\/blog.likibu.com\/fr\/visiter-paris\/\">Paris<\/a> !<\/p>\n","protected":false},"excerpt":{"rendered":"<p>De magnifiques c\u00f4tes, des montagnes escarp\u00e9es, des for\u00eats denses&#8230; Vous allez visiter la Corse et ses panoramas magnifiques. Celle que l&rsquo;on appelle \u2014 et \u00e0 raison \u2014 l\u2019\u00eele\u00a0 de Beaut\u00e9 pr\u00e9sente des paysages \u00e0 couper le souffle, dont la moiti\u00e9 est class\u00e9e parc naturel. Elle  <a class=\"read-more\" href=\"https:\/\/blog.likibu.com\/fr\/visiter-corse\/\">Suite &rarr;<\/a><\/p>\n","protected":false},"author":81,"featured_media":0,"parent":0,"menu_order":0,"comment_status":"closed","ping_status":"open","template":"","meta":[],"_links":{"self":[{"href":"https:\/\/blog.likibu.com\/fr\/wp-json\/wp\/v2\/pages\/8993"}],"collection":[{"href":"https:\/\/blog.likibu.com\/fr\/wp-json\/wp\/v2\/pages"}],"about":[{"href":"https:\/\/blog.likibu.com\/fr\/wp-json\/wp\/v2\/types\/page"}],"author":[{"embeddable":true,"href":"https:\/\/blog.likibu.com\/fr\/wp-json\/wp\/v2\/users\/81"}],"replies":[{"embeddable":true,"href":"https:\/\/blog.likibu.com\/fr\/wp-json\/wp\/v2\/comments?post=8993"}],"version-history":[{"count":15,"href":"https:\/\/blog.likibu.com\/fr\/wp-json\/wp\/v2\/pages\/8993\/revisions"}],"predecessor-version":[{"id":9081,"href":"https:\/\/blog.likibu.com\/fr\/wp-json\/wp\/v2\/pages\/8993\/revisions\/9081"}],"wp:attachment":[{"href":"https:\/\/blog.likibu.com\/fr\/wp-json\/wp\/v2\/media?parent=8993"}],"curies":[{"name":"wp","href":"https:\/\/api.w.org\/{rel}","templated":true}]}}