{"id":9609,"date":"2018-09-05T09:48:50","date_gmt":"2018-09-05T08:48:50","guid":{"rendered":"https:\/\/blog.likibu.com\/fr\/?page_id=9609"},"modified":"2019-07-08T09:48:47","modified_gmt":"2019-07-08T08:48:47","slug":"visiter-provence","status":"publish","type":"page","link":"https:\/\/blog.likibu.com\/fr\/visiter-provence\/","title":{"rendered":"Visiter la Provence"},"content":{"rendered":"<div id=\"attachment_9620\" style=\"width: 2058px\" class=\"wp-caption alignnone\"><a href=\"https:\/\/blog.likibu.com\/fr\/wp-content\/uploads\/2018\/09\/42997295082_98d5b455bf_k.jpg\"><img aria-describedby=\"caption-attachment-9620\" loading=\"lazy\" class=\"size-full wp-image-9620\" src=\"https:\/\/blog.likibu.com\/fr\/wp-content\/uploads\/2018\/09\/42997295082_98d5b455bf_k.jpg\" alt=\"@patrick girardin\" width=\"2048\" height=\"1141\" srcset=\"\/wp-content\/uploads\/2018\/09\/42997295082_98d5b455bf_k.jpg 2048w, \/wp-content\/uploads\/2018\/09\/42997295082_98d5b455bf_k-750x417.jpg 750w, \/wp-content\/uploads\/2018\/09\/42997295082_98d5b455bf_k-1024x570.jpg 1024w\" sizes=\"(max-width: 2048px) 100vw, 2048px\" \/><\/a><p id=\"caption-attachment-9620\" class=\"wp-caption-text\">@patrick girardin<\/p><\/div>\n<p><a name=\"histoireprovence\"><\/a><\/p>\n<ul style=\"text-align: justify;\">\n<ul style=\"text-align: justify;\">\n<li style=\"text-align: justify;\"><a href=\"#histoireprovence\">Histoire et culture de la Provence<\/a><\/li>\n<li style=\"text-align: justify;\"><a href=\"#meteoprovence\">Quand partir en Provence ?<\/a><\/li>\n<li style=\"text-align: justify;\"><a href=\"#venirenprovence\">Comment aller en Provence ?<\/a><\/li>\n<li style=\"text-align: justify;\"><a href=\"#sedeplacerenprovence\">Se d\u00e9placer en Provence<\/a><\/li>\n<li style=\"text-align: justify;\"><a href=\"#quartiersprovence\">O\u00f9 dormir en Provence ?<\/a><\/li>\n<li style=\"text-align: justify;\"><a href=\"#visitesprovence\">Que visiter en Provence ?<\/a><\/li>\n<li style=\"text-align: justify;\"><a href=\"#restaurantsprovence\">O\u00f9 manger en Provence ?<\/a><\/li>\n<li style=\"text-align: justify;\"><a href=\"#sortiesprovence\">La vie nocturne en Provence<\/a><\/li>\n<li style=\"text-align: justify;\"><a href=\"#itin\u00e9rairesprovence\">Les diff\u00e9rents itin\u00e9raires pour optimiser ses visites <\/a><\/li>\n<\/ul>\n<\/ul>\n<h2>Histoire et culture de la Provence<\/h2>\n<p>La Provence est une magnifique r\u00e9gion du Sud-est de la France bord\u00e9e au sud par la mer M\u00e9diterran\u00e9e et s\u2019\u00e9tendant de la rive gauche du Rh\u00f4ne jusqu\u2019\u00e0 l\u2019est du Var. Elle fait partie de la r\u00e9gion <strong>Provence-Alpes-C\u00f4te d\u2019Azur<\/strong> et regroupe plusieurs d\u00e9partements comme les Bouches-du-Rh\u00f4ne, le Vaucluse, les Alpes-Maritimes, le Var, une partie des Alpes-de-Haute-Provence, des Hautes-Alpes et une partie de la Dr\u00f4me. Le nom de Provence remonte \u00e0 l\u2019Antiquit\u00e9 quand elle a \u00e9t\u00e9 int\u00e9gr\u00e9e \u00e0 la province romaine. C\u2019est ainsi que son nom latin \u00ab\u00a0Provincia\u00a0\u00bb lui est rest\u00e9 tout en se transformant au cours des si\u00e8cles. Parmi les plus grandes villes proven\u00e7ales, on peut noter <strong>Marseille, Toulon, Aix-en-Provence, Cannes, Grasse, Aubagne, Draguignan, Istres, La Ciotat<\/strong>, etc. Aujourd\u2019hui, la Provence est tr\u00e8s touristique car l\u2019ensoleillement est important. Elle est aussi bord\u00e9e par de nombreuses plages de sables et des calanques le long de la mer mais aussi d\u2019un superbe paysage dans l\u2019arri\u00e8re-pays gr\u00e2ce au <strong>massif des Maures<\/strong>, celui de <strong>l\u2019Est\u00e9rel<\/strong>, celui de la<strong> Sainte-Baume<\/strong> ou encore de la montagne <strong>Sainte-Victoire<\/strong> parmi tant d\u2019autres.<br>\n<a name=\"meteoprovence\"><\/a><br>\n<a href=\"https:\/\/blog.likibu.com\/fr\/wp-content\/uploads\/2018\/09\/Calanques.jpg\"><img loading=\"lazy\" class=\"alignnone size-full wp-image-9610\" src=\"https:\/\/blog.likibu.com\/fr\/wp-content\/uploads\/2018\/09\/Calanques.jpg\" alt=\"calanque\" width=\"2000\" height=\"1500\" srcset=\"\/wp-content\/uploads\/2018\/09\/Calanques.jpg 2000w, \/wp-content\/uploads\/2018\/09\/Calanques-750x562.jpg 750w, \/wp-content\/uploads\/2018\/09\/Calanques-1024x768.jpg 1024w\" sizes=\"(max-width: 2000px) 100vw, 2000px\" \/><\/a><\/p>\n<h2><strong>Quand partir\u00a0en Provence ? M\u00e9t\u00e9o &amp; Climat<\/strong><\/h2>\n<p>Partir en vill\u00e9giature en Provence est tr\u00e8s agr\u00e9able car le climat est de type m\u00e9diterran\u00e9en avec des <strong>hivers doux et humides<\/strong> pr\u00e8s de la mer et des \u00e9<strong>t\u00e9s chauds et secs<\/strong>. Pour aller dans cette r\u00e9gion, les mois de juillet et ao\u00fbt sont les plus favorables partout. Pour visiter les grandes villes ou l\u2019arri\u00e8re-pays, il vaut mieux s\u2019y rendre en <strong>avril, mai ou juin<\/strong> mais \u00e9galement en <strong>septembre et octobre<\/strong> o\u00f9 il y fait tr\u00e8s bon. Les mois les plus pluvieux sont ceux de janvier, f\u00e9vrier, avril, octobre, novembre et d\u00e9cembre. Pour les vacanciers d\u00e9sirant se rendre sur la c\u00f4te m\u00e9diterran\u00e9enne pour se baigner, il vaut mieux choisir les mois de juillet et d\u2019ao\u00fbt car l\u2019eau est la plus chaude pendant cette p\u00e9riode.<br>\n<a name=\"venirenprovence\"><\/a><\/p>\n<div id=\"attachment_9611\" style=\"width: 2058px\" class=\"wp-caption alignnone\"><a href=\"https:\/\/blog.likibu.com\/fr\/wp-content\/uploads\/2018\/09\/33865482946_cda06e42e4_k.jpg\"><img aria-describedby=\"caption-attachment-9611\" loading=\"lazy\" class=\"wp-image-9611 size-full\" src=\"https:\/\/blog.likibu.com\/fr\/wp-content\/uploads\/2018\/09\/33865482946_cda06e42e4_k.jpg\" alt=\"\" width=\"2048\" height=\"1363\" srcset=\"\/wp-content\/uploads\/2018\/09\/33865482946_cda06e42e4_k.jpg 2048w, \/wp-content\/uploads\/2018\/09\/33865482946_cda06e42e4_k-750x499.jpg 750w, \/wp-content\/uploads\/2018\/09\/33865482946_cda06e42e4_k-1024x681.jpg 1024w\" sizes=\"(max-width: 2048px) 100vw, 2048px\" \/><\/a><p id=\"caption-attachment-9611\" class=\"wp-caption-text\">@JeanbaptisteM<\/p><\/div>\n<h2><strong>Comment aller en Provence ?<\/strong><\/h2>\n<p>Pour se rendre en Provence, il existe plusieurs moyens de transport. Les deux a\u00e9roports internationaux principaux sont celui de<strong> Marseille-Marignane<\/strong> et celui de <strong>Toulon-Hy\u00e8res<\/strong>. Il existe de nombreuses lignes int\u00e9rieures quotidiennes reliant les grandes villes comme Lyon, Bordeaux, Nantes, Lille, Paris, etc. Plusieurs vols arrivent et partent vers des pays \u00e9trangers. Les personnes se rendant \u00e0 Cannes ou Antibes seront plus pr\u00e8s de l\u2019a\u00e9roport international de Nice.<\/p>\n<p>Il existe aussi plusieurs lignes de <strong>TGV provenant de Paris, Lyon, Bordeaux<\/strong> et autres grandes villes. Les plus grandes gares sont celles de <strong>Marseille Saint-Charles<\/strong> mais aussi de <strong>Toulon, Cannes<\/strong> ou encore <strong>Antibes<\/strong>. Toutes les autres villes sont aussi desservies par des TER ou \u00e0 d\u00e9faut des lignes d\u2019autobus r\u00e9guliers en provenance de Marseille, Nice mais aussi Lyon.<br>\n<a name=\"sedeplacerenprovence\"><\/a><br>\nLes personnes se rendant en Provence en voiture, peuvent arriver par plusieurs autoroutes. Depuis Lyon, Aix-en-Provence est reli\u00e9e par l\u2019A7. La Provence est aussi travers\u00e9e par <strong>l\u2019A8 entre Marseille et Nice<\/strong>. Pour se rendre \u00e0 Toulon, il existe \u00e9galemen<strong>t l\u2019A57 depuis l\u2019A8 ou l\u2019A52<\/strong> depuis la banlieue marseillaise.<\/p>\n<h2><strong>Comment se d\u00e9placer en Provence ?<\/strong><\/h2>\n<p>Dns certaines grandes villes de Provence, il existe de nombreux moyens de locomotion. Ainsi, \u00e0 Marseille, il est possible de naviguer en m\u00e9tro. Le bus et le tramway sont aussi des moyens de transports en commun tr\u00e8s pratiques et peu on\u00e9reux. Sinon, il existe les taxis et VTC. Dans les villes plus petites comme Aix-en-Provence, le r\u00e9seau de transports en commun est aussi d\u00e9velopp\u00e9. Il existe un pass int\u00e9gral <strong>Aix-Marseille offrant un acc\u00e8s illimit\u00e9 \u00e0 tous les transports en commun<\/strong> int\u00e9grant aussi navette, v\u00e9lo et bateau distribuant \u00e9galement les villes d\u2019Aubagne, Pertuis, Salon, La Ciotat ou Fos. Ce pass co\u00fbte <strong>73\u20ac par mois<\/strong>. Dans les autres grandes villes, on retrouve des moyens de transports en commun classiques comme le bus ou le TER. Dans le c\u0153ur historique de certaines villes comme Grasse ou Marseille ou encore Aix-en-Provence, il est plus ais\u00e9 de se d\u00e9placer \u00e0 pied tout en visitant. \u00a0Le syst\u00e8me de covoiturage est de plus en plus utilis\u00e9 et il est facile de se d\u00e9placer d\u2019une ville \u00e0 l\u2019autre avec Blablacar par exemple.<\/p>\n<h2><strong>Quartiers\u00a0: o\u00f9 s\u00e9journer dans les grandes villes de Provence ?<\/strong><\/h2>\n<h3>Voici quelques quartiers des plus grandes villes de Provence o\u00f9 il est possible de dormir pendant les visites<br>\n<a name=\"quartiersprovence\"><\/a><br>\n<a href=\"https:\/\/blog.likibu.com\/fr\/wp-content\/uploads\/2018\/09\/Marseille_France_Notre-Dame-de-la-Garde-and-olf-port-in-Marseille-France_94726032.jpg\"><img loading=\"lazy\" class=\"alignnone size-full wp-image-9612\" src=\"https:\/\/blog.likibu.com\/fr\/wp-content\/uploads\/2018\/09\/Marseille_France_Notre-Dame-de-la-Garde-and-olf-port-in-Marseille-France_94726032.jpg\" alt=\"Notre Dame de la Garde and olf port in Marseille, France\" width=\"2000\" height=\"1333\" srcset=\"\/wp-content\/uploads\/2018\/09\/Marseille_France_Notre-Dame-de-la-Garde-and-olf-port-in-Marseille-France_94726032.jpg 2000w, \/wp-content\/uploads\/2018\/09\/Marseille_France_Notre-Dame-de-la-Garde-and-olf-port-in-Marseille-France_94726032-750x499.jpg 750w, \/wp-content\/uploads\/2018\/09\/Marseille_France_Notre-Dame-de-la-Garde-and-olf-port-in-Marseille-France_94726032-1024x682.jpg 1024w\" sizes=\"(max-width: 2000px) 100vw, 2000px\" \/><\/a><strong>Les meilleurs quartiers o\u00f9 dormir pour visiter Marseille<\/strong><\/h3>\n<p>Les meilleurs quartiers pour visiter la cit\u00e9 phoc\u00e9enne sont\u00a0: le <strong>Vieux Port<\/strong> o\u00f9 se trouvent de nombreux monuments historiques, des restaurants, caf\u00e9s et mus\u00e9es. Ainsi depuis le Vieux-Port, il est possible de prendre un bateau pour visiter le ch\u00e2teau d\u2019If ou l\u2019\u00eele du Frioul mais se rendre \u00e0 pied \u00e0 la Canebi\u00e8re ou \u00e0 la rue de Rome qui est la rue marchande de la ville. Pour se loger dans un h\u00f4tel 2 \u00e0 3 \u00e9toiles, il faut compter un budget de 80\u20ac par nuit. A voir \u00e9galement<strong> le quartier du Panier<\/strong> si typique avec ses ruelles bord\u00e9es de maisons tr\u00e8s color\u00e9es. Au Panier, il faut compter 70 \u00e0 200\u20ac la nuit pour une chambre d\u2019h\u00f4tel. Les inconv\u00e9nients de loger dans ces quartiers restent toujours les probl\u00e8mes de stationnement et de s\u00e9curit\u00e9 pour la voiture.<\/p>\n<h3><a href=\"https:\/\/blog.likibu.com\/fr\/wp-content\/uploads\/2018\/09\/Aix-en-Provence_France_The-Fontain-de-la-Rotonde-with-three-sculptures-of-female-figures-presenting-Justice-in-Aix-en-Provence-in-France_122681928.jpg\"><img loading=\"lazy\" class=\"alignnone size-full wp-image-9613\" src=\"https:\/\/blog.likibu.com\/fr\/wp-content\/uploads\/2018\/09\/Aix-en-Provence_France_The-Fontain-de-la-Rotonde-with-three-sculptures-of-female-figures-presenting-Justice-in-Aix-en-Provence-in-France_122681928.jpg\" alt=\"???????????????????????????\" width=\"2000\" height=\"1334\" srcset=\"\/wp-content\/uploads\/2018\/09\/Aix-en-Provence_France_The-Fontain-de-la-Rotonde-with-three-sculptures-of-female-figures-presenting-Justice-in-Aix-en-Provence-in-France_122681928.jpg 2000w, \/wp-content\/uploads\/2018\/09\/Aix-en-Provence_France_The-Fontain-de-la-Rotonde-with-three-sculptures-of-female-figures-presenting-Justice-in-Aix-en-Provence-in-France_122681928-750x500.jpg 750w, \/wp-content\/uploads\/2018\/09\/Aix-en-Provence_France_The-Fontain-de-la-Rotonde-with-three-sculptures-of-female-figures-presenting-Justice-in-Aix-en-Provence-in-France_122681928-1024x683.jpg 1024w\" sizes=\"(max-width: 2000px) 100vw, 2000px\" \/><\/a><strong>Les meilleurs quartiers o\u00f9 dormir pour visiter Aix-en-Provence<\/strong><\/h3>\n<p>A Aix-en-Provence, il ne faut pas manquer<strong> le cours Mirabeau<\/strong> et ses<strong> magnifiques fontaines.<\/strong> Situ\u00e9 en plein centre historique, il est ais\u00e9 de le visiter \u00e0 pied et de dormir dans l\u2019un des nombreux h\u00f4tels sur place dont les prix varient entre 65 et 300\u20ac la nuit en fonction de la cat\u00e9gorie choisie. Les avantages de ces h\u00f4tels sont leur proximit\u00e9 avec le centre historique et le fait de pouvoir tout faire \u00e0 pied. Les inconv\u00e9nients restent les embouteillages en plein \u00e9t\u00e9 et le manque de chambres d\u2019h\u00f4tel si on n\u2019a pas r\u00e9serv\u00e9 \u00e0 l\u2019avance.<\/p>\n<h3><a href=\"https:\/\/blog.likibu.com\/fr\/wp-content\/uploads\/2018\/09\/Cannes_France_H\u00f4tel-\u00e0-Cannes-French-Riviera_66674706.jpg\"><img loading=\"lazy\" class=\"alignnone size-full wp-image-9614\" src=\"https:\/\/blog.likibu.com\/fr\/wp-content\/uploads\/2018\/09\/Cannes_France_H\u00f4tel-\u00e0-Cannes-French-Riviera_66674706.jpg\" alt=\"H\u00f4tel \u00e0 Cannes, French Riviera\" width=\"2000\" height=\"1324\" srcset=\"\/wp-content\/uploads\/2018\/09\/Cannes_France_H\u00f4tel-\u00e0-Cannes-French-Riviera_66674706.jpg 2000w, \/wp-content\/uploads\/2018\/09\/Cannes_France_H\u00f4tel-\u00e0-Cannes-French-Riviera_66674706-750x496.jpg 750w, \/wp-content\/uploads\/2018\/09\/Cannes_France_H\u00f4tel-\u00e0-Cannes-French-Riviera_66674706-1024x677.jpg 1024w\" sizes=\"(max-width: 2000px) 100vw, 2000px\" \/><\/a><strong>Les meilleurs quartiers o\u00f9 dormir pour visiter Cannes<\/strong><\/h3>\n<p>La ville de Cannes est c\u00e9l\u00e8bre pour son festival du film, le palais des Congr\u00e8s, La rue d\u2019Antibes tr\u00e8s marchande aux magasins luxueux et la Croisette longeant le bord de mer. A voir \u00e9galement le quartier de la Croix des Gardes dominant la ville et la baie et ses maisons luxueuses, ainsi que celui du Suquet offrant \u00e9galement une vue magnifique sur la baie. Sur la Croisette, il existe un grand nombre d\u2019h\u00f4tels luxueux affichant des prix tr\u00e8s \u00e9lev\u00e9s ainsi que dans les autres quartiers. En dehors de la saison estivale, il est possible de trouver une chambre d\u2019h\u00f4tel \u00e0 proximit\u00e9 raisonnable variant de 100 \u00e0 200\u20ac. Les avantages des quartiers de Cannes sont surtout la proximit\u00e9 de la plage et des rues marchandes mais les inconv\u00e9nients majeurs sont les prix tr\u00e8s \u00e9lev\u00e9s.<\/p>\n<h3><a href=\"https:\/\/blog.likibu.com\/fr\/wp-content\/uploads\/2018\/09\/Toulon_France_Place-de-la-Libert\u00e9-\u00e0-Toulon_30714463_Preview1.jpeg\"><img loading=\"lazy\" class=\"alignnone size-full wp-image-9617\" src=\"https:\/\/blog.likibu.com\/fr\/wp-content\/uploads\/2018\/09\/Toulon_France_Place-de-la-Libert\u00e9-\u00e0-Toulon_30714463_Preview1.jpeg\" alt=\"Toulon_France_Place de la Libert\u00e9 \u00e0 Toulon_30714463_Preview\" width=\"1000\" height=\"667\" srcset=\"\/wp-content\/uploads\/2018\/09\/Toulon_France_Place-de-la-Libert\u00e9-\u00e0-Toulon_30714463_Preview1.jpeg 1000w, \/wp-content\/uploads\/2018\/09\/Toulon_France_Place-de-la-Libert\u00e9-\u00e0-Toulon_30714463_Preview1-750x500.jpeg 750w\" sizes=\"(max-width: 1000px) 100vw, 1000px\" \/><\/a><strong>Les meilleurs quartiers o\u00f9 dormir pour visiter Toulon<\/strong><\/h3>\n<p>Pour visiter Toulon et profiter de certains quartiers, il faut se rendre sur le cours Lafayette afin de profiter du march\u00e9, au Centre Mayol pr\u00e8s du stade ou encore sur le quai principal \u00e0 l\u2019Arsenal pour se balader. Le Mont Faron et la plage du Mourillon offrent de beaux points de vue. Vers le port, les h\u00f4tels disposent de chambres \u00e0 partir de 60\u20ac. Vers la plage, il faut compter environ 20\u20ac de plus.<\/p>\n<h3><a href=\"https:\/\/blog.likibu.com\/fr\/wp-content\/uploads\/2018\/09\/Antibes_France_Old-town-of-Antibes-Cote-dAzur-France.-Antibes-was-founded-as-a-5th-century-BC-Greek-colony-and-was-called-Antipolis_87024527.jpg\"><img loading=\"lazy\" class=\"alignnone size-full wp-image-9616\" src=\"https:\/\/blog.likibu.com\/fr\/wp-content\/uploads\/2018\/09\/Antibes_France_Old-town-of-Antibes-Cote-dAzur-France.-Antibes-was-founded-as-a-5th-century-BC-Greek-colony-and-was-called-Antipolis_87024527.jpg\" alt=\"Old town of Antibes, Cote d'Azur, France. Antibes was founded as a 5th-century BC Greek colony and was called Antipolis\" width=\"2000\" height=\"1330\" srcset=\"\/wp-content\/uploads\/2018\/09\/Antibes_France_Old-town-of-Antibes-Cote-dAzur-France.-Antibes-was-founded-as-a-5th-century-BC-Greek-colony-and-was-called-Antipolis_87024527.jpg 2000w, \/wp-content\/uploads\/2018\/09\/Antibes_France_Old-town-of-Antibes-Cote-dAzur-France.-Antibes-was-founded-as-a-5th-century-BC-Greek-colony-and-was-called-Antipolis_87024527-750x498.jpg 750w, \/wp-content\/uploads\/2018\/09\/Antibes_France_Old-town-of-Antibes-Cote-dAzur-France.-Antibes-was-founded-as-a-5th-century-BC-Greek-colony-and-was-called-Antipolis_87024527-1024x680.jpg 1024w\" sizes=\"(max-width: 2000px) 100vw, 2000px\" \/><\/a><strong>Les meilleurs quartiers o\u00f9 dormir pour visiter Antibes<\/strong><\/h3>\n<p><a name=\"visitesprovence\"><\/a><br>\nLes quartiers les plus sympathiques d\u2019Antibes sont la plage de la Gravette, le centre historique m\u00e9di\u00e9val, la presqu\u2019\u00eele de Juan-les-Pins, Saint-Jean pour les vacanciers ais\u00e9s o\u00f9 la chambre d\u2019h\u00f4tel avoisine en moyenne les 200 \u00e0 300\u20ac ou le quartier Saint-Claude, les Semboules ou la route de Grasse o\u00f9 les prix sont plus modestes et o\u00f9 il est possible de trouver une chambre d\u2019h\u00f4tel dont le prix avoisine les 80\u20ac.<\/p>\n<h2><strong>Que visiter dans les grandes villes et lieux mythiques de Provence ?<\/strong><\/h2>\n<h3>\u00a0Marseille<\/h3>\n<p>A Marseille, il est possible de prendre le city Pass pour 24, 48, ou 72 heures qui se vend \u00e0 partir de 26\u20ac par personne. Avec, il est possible de prendre le bateau depuis le vieux port et de visiter le ch\u00e2teau d\u2019IF mais aussi de voir le mus\u00e9e d\u2019art moderne. Il est \u00e9galement inclus dans le pass, le train pour d\u00e9couvrir le Panier, faire des d\u00e9gustations gratuites, prendre les transports publics, allez \u00e0 l\u2019\u00eele du Frioul, etc.Aix-en-<\/p>\n<h3>Provence<\/h3>\n<p>Gr\u00e2ce au city pass, il est possible de visiter 14 mus\u00e9es et grands sites touristiques incluant 11 visites guid\u00e9es et une promenade en petit train dans toute la ville. Ce pass est valable pour 24, 48 ou 72 heures et d\u00e9marre \u00e0 25\u20ac.<\/p>\n<h3>Cannes<\/h3>\n<p>La mairie de Cannes a mis en place le pass culture qui vaut 10\u20ac pour les cannois et 15\u20ac pour les non r\u00e9sidents. Il permet d\u2019avoir acc\u00e8s \u00e0 certains lieux en payant des tarifs pr\u00e9f\u00e9rentiels comme l\u2019Acad\u00e9mie Cl\u00e9mentine, les cin\u00e9mas de Cannes, les expositions au Centre d\u2019art la Malmaison, \u00e0 l\u2019ensemble des spectacles du festival P\u2019tits Cannes \u00e0 You, \u00e0 la m\u00e9diath\u00e8que de la ville et aux MJC. Une autre carte existe\u00a0: la Cannes C\u00f4te d\u2019Azur Card. Elle co\u00fbte 45\u20ac et permet d\u2019avoir acc\u00e8s aux plus grands sites de la C\u00f4te d\u2019Azur entre Menton et Saint-Rapha\u00ebl y compris Monaco. Elle regroupe en tout plus de 100 activit\u00e9s entre le littoral et le Mercantour.<\/p>\n<div id=\"attachment_9618\" style=\"width: 2058px\" class=\"wp-caption alignnone\"><a href=\"https:\/\/blog.likibu.com\/fr\/wp-content\/uploads\/2018\/09\/40263517134_fcbcde6642_k.jpg\"><img aria-describedby=\"caption-attachment-9618\" loading=\"lazy\" class=\"size-full wp-image-9618\" src=\"https:\/\/blog.likibu.com\/fr\/wp-content\/uploads\/2018\/09\/40263517134_fcbcde6642_k.jpg\" alt=\"@caminanteK\" width=\"2048\" height=\"1107\" srcset=\"\/wp-content\/uploads\/2018\/09\/40263517134_fcbcde6642_k.jpg 2048w, \/wp-content\/uploads\/2018\/09\/40263517134_fcbcde6642_k-750x405.jpg 750w, \/wp-content\/uploads\/2018\/09\/40263517134_fcbcde6642_k-1024x553.jpg 1024w\" sizes=\"(max-width: 2048px) 100vw, 2048px\" \/><\/a><p id=\"caption-attachment-9618\" class=\"wp-caption-text\">@caminanteKLa Sainte-Victoire<\/p><\/div>\n<h3><strong>La Sainte Victoire<\/strong><\/h3>\n<p>Cette montagne si ch\u00e8re au c\u0153ur de C\u00e9zanne puisqu\u2019il l\u2019a peinte de nombreuses fois, se visite gratuitement. Elle est haute de 1011 m\u00e8tres. Les randonneurs peuvent, une fois arriv\u00e9s \u00e0 leur destination, voir la mer, le Mont Ventoux et les Alpes. Cet endroit est un espace naturel prot\u00e9g\u00e9 et class\u00e9 Grand Site de France.<\/p>\n<div id=\"attachment_9619\" style=\"width: 2058px\" class=\"wp-caption alignnone\"><a href=\"https:\/\/blog.likibu.com\/fr\/wp-content\/uploads\/2018\/09\/15308175700_751770bdee_k.jpg\"><img aria-describedby=\"caption-attachment-9619\" loading=\"lazy\" class=\"size-full wp-image-9619\" src=\"https:\/\/blog.likibu.com\/fr\/wp-content\/uploads\/2018\/09\/15308175700_751770bdee_k.jpg\" alt=\"@ Flying Scooter\" width=\"2048\" height=\"1307\" srcset=\"\/wp-content\/uploads\/2018\/09\/15308175700_751770bdee_k.jpg 2048w, \/wp-content\/uploads\/2018\/09\/15308175700_751770bdee_k-750x478.jpg 750w, \/wp-content\/uploads\/2018\/09\/15308175700_751770bdee_k-1024x653.jpg 1024w, \/wp-content\/uploads\/2018\/09\/15308175700_751770bdee_k-300x190.jpg 300w\" sizes=\"(max-width: 2048px) 100vw, 2048px\" \/><\/a><p id=\"caption-attachment-9619\" class=\"wp-caption-text\">@ Flying Scooter<\/p><\/div>\n<h3>Les gorges du Verdon<\/h3>\n<p>Les Gorges du Verdon s\u2019\u00e9tendent de la ville de Castellane au lac Sainte-Croix. Certaines parois ont une hauteur de 400 m\u00e8tres. Il est possible de les longer en voiture sur les deux c\u00f4t\u00e9s ou en faire une partie en p\u00e9dalo, en cano\u00eb ou en bateau \u00e9lectrique depuis le lac.<br>\n<a name=\"restaurantsprovence\"><\/a><br>\n<img src=\"https:\/\/www.hyeres-tourisme.com\/wp-content\/uploads\/wpetourisme\/2084131-diaporama.jpg\" alt=\"R\u00c3\u00a9sultat de recherche d'images pour &quot;restaurant provencal&quot;\" \/><\/p>\n<h2><strong>Les restaurants\u00a0: quoi et o\u00f9 manger\u00a0?<\/strong><\/h2>\n<p>Voici quelques restaurants proven\u00e7aux incontournables pour manger de la cuisine du soleil au go\u00fbt si particulier et in\u00e9gal\u00e9.<\/p>\n<p>A Marseille, il existe au 25 quai des Belges, la brasserie du port <strong>OM Caf\u00e9<\/strong>. Les plats \u00e0 la carte oscillent entre 17 et 22\u20ac et sont excellent. Il faut go\u00fbter au Saint-Marcellin r\u00f4ti avec ses pommes persill\u00e9es, ses copeaux de jambon cru accompagn\u00e9 d\u2019un mesclun de salade. La pi\u00e8ce de cochon de 6h confite farcie de figatelli et jus est aussi une pure merveille.<br>\n<a name=\"itin\u00e9rairesprovence\"><\/a><br>\n<strong>Chez Jeannot<\/strong> au 129 rue du Vallon des Auffres, ce n\u2019est pas mal non plus. Assortiment corse, plateau de boucher et retour de p\u00eache sont des th\u00e8mes aux mets tr\u00e8s gouteux. A go\u00fbter aussi les lasagnes de boeuf au potimarron et sauge. Les plats vont de 11 \u00e0 22\u20ac en moyenne.<br>\n<a name=\"sortiesprovence\"><\/a><br>\nA Cannes, pour manger raffin\u00e9, la <strong>Table du Chef<\/strong> au 5 rue Jean Daumas est un tr\u00e8s bon restaurant. Le menu \u00e0 30\u20ac est excellent. On y d\u00e9guste du velout\u00e9 d\u2019artichauts avec du parmesan, une volaille au risotto et une tarte au chocolat d\u2019excellente qualit\u00e9 mais ce menu change tous les jours. Au 73 boulevard de la Croisette se trouve le restaurant la Palme d\u2019Or. La vue est magnifique sur la baie de Cannes et le repas remarquable de la mise en bouche jusqu\u2019au dessert. Tout y est raffin\u00e9e et succulent. Les prix sont un peu \u00e9lev\u00e9s mais ce restaurant vaut largement le d\u00e9tour.<\/p>\n<h2><strong>O\u00f9 sortir le soir \u00e0\u00a0Marseille ?<\/strong><\/h2>\n<p>A Marseille, il faut aller sur le Vieux Port en d\u00e9but de soir\u00e9e au <strong>Bar de la Marine<\/strong> et au <strong>Transbordeur<\/strong>. Ils servent des mojitos et des bi\u00e8res tous les soirs. Le bar de la Caravelle au dessus de l\u2019h\u00f4tel Bellevue est \u00e9galement un lieu incontournable. Terminer la nuit au MuCem et au White Rabbit \u00e0 la Joliette.<\/p>\n<h2><strong>Les diff\u00e9rents itin\u00e9raires pour optimiser ses visites<\/strong><\/h2>\n<p>Pour optimiser les visites en Provence, il est possible de faire Marseille, Aix-en-Provence, le massif de la Sainte-Victoire puis les plages de Cassis et de la Ciotat.<\/p>\n<p>Un peu plus loin, Fr\u00e9jus, Cannes et Antibes sont aussi des villes assez proches les unes des autres.<\/p>\n<p>Dans l\u2019int\u00e9rieur, il faut voir, la Sainte-Baume, l\u2019arri\u00e8re-pays varois dans la Provence verte avec le Lac de Sainte-Croix, les Gorges du Verdon, le lac d\u2019Esparron, le Lub\u00e9ron avec les villes de Gordes et Saint-R\u00e9my-de-Provence et le Mont Ventoux.<\/p>\n","protected":false},"excerpt":{"rendered":"<p>Histoire et culture de la Provence Quand partir en Provence ? Comment aller en Provence ? Se d\u00e9placer en Provence O\u00f9 dormir en Provence ? Que visiter en Provence ? O\u00f9 manger en Provence ? La vie nocturne en Provence Les diff\u00e9rents itin\u00e9raires pour optimiser  <a class=\"read-more\" href=\"https:\/\/blog.likibu.com\/fr\/visiter-provence\/\">Suite &rarr;<\/a><\/p>\n","protected":false},"author":76,"featured_media":0,"parent":0,"menu_order":0,"comment_status":"closed","ping_status":"open","template":"","meta":[],"_links":{"self":[{"href":"https:\/\/blog.likibu.com\/fr\/wp-json\/wp\/v2\/pages\/9609"}],"collection":[{"href":"https:\/\/blog.likibu.com\/fr\/wp-json\/wp\/v2\/pages"}],"about":[{"href":"https:\/\/blog.likibu.com\/fr\/wp-json\/wp\/v2\/types\/page"}],"author":[{"embeddable":true,"href":"https:\/\/blog.likibu.com\/fr\/wp-json\/wp\/v2\/users\/76"}],"replies":[{"embeddable":true,"href":"https:\/\/blog.likibu.com\/fr\/wp-json\/wp\/v2\/comments?post=9609"}],"version-history":[{"count":12,"href":"https:\/\/blog.likibu.com\/fr\/wp-json\/wp\/v2\/pages\/9609\/revisions"}],"predecessor-version":[{"id":9635,"href":"https:\/\/blog.likibu.com\/fr\/wp-json\/wp\/v2\/pages\/9609\/revisions\/9635"}],"wp:attachment":[{"href":"https:\/\/blog.likibu.com\/fr\/wp-json\/wp\/v2\/media?parent=9609"}],"curies":[{"name":"wp","href":"https:\/\/api.w.org\/{rel}","templated":true}]}}