{"id":9703,"date":"2018-09-14T10:58:11","date_gmt":"2018-09-14T09:58:11","guid":{"rendered":"https:\/\/blog.likibu.com\/fr\/?page_id=9703"},"modified":"2019-07-08T09:58:48","modified_gmt":"2019-07-08T08:58:48","slug":"visiter-madrid","status":"publish","type":"page","link":"https:\/\/blog.likibu.com\/fr\/visiter-madrid\/","title":{"rendered":"Visiter Madrid"},"content":{"rendered":"<p><a href=\"https:\/\/blog.likibu.com\/fr\/wp-content\/uploads\/2018\/09\/Madrid_Espagne_Plaza-Mayor-with-statue-of-King-Philips-III-in-Madrid-Spain_110515761.jpg\"><img loading=\"lazy\" class=\"alignnone size-full wp-image-9728\" src=\"https:\/\/blog.likibu.com\/fr\/wp-content\/uploads\/2018\/09\/Madrid_Espagne_Plaza-Mayor-with-statue-of-King-Philips-III-in-Madrid-Spain_110515761.jpg\" alt=\"Plaza Mayor with statue of King Philips III in Madrid, Spain.\" width=\"2000\" height=\"1260\" srcset=\"\/wp-content\/uploads\/2018\/09\/Madrid_Espagne_Plaza-Mayor-with-statue-of-King-Philips-III-in-Madrid-Spain_110515761.jpg 2000w, \/wp-content\/uploads\/2018\/09\/Madrid_Espagne_Plaza-Mayor-with-statue-of-King-Philips-III-in-Madrid-Spain_110515761-750x472.jpg 750w, \/wp-content\/uploads\/2018\/09\/Madrid_Espagne_Plaza-Mayor-with-statue-of-King-Philips-III-in-Madrid-Spain_110515761-1024x645.jpg 1024w, \/wp-content\/uploads\/2018\/09\/Madrid_Espagne_Plaza-Mayor-with-statue-of-King-Philips-III-in-Madrid-Spain_110515761-300x190.jpg 300w\" sizes=\"(max-width: 2000px) 100vw, 2000px\" \/><\/a><\/p>\n<p><a name=\"histoiremadrid\"><\/a><\/p>\n<ul style=\"text-align: justify;\">\n<li><a href=\"#histoiremadrid\">Histoire et culture de Madrid<\/a><\/li>\n<li><a href=\"#meteomadrid\">Quand partir \u00e0 Madrid ?<\/a><\/li>\n<li><a href=\"#veniramadrid\">Comment aller \u00e0 Madrid ?<\/a><\/li>\n<li><a href=\"#sedeplaceramadrid\">Se d\u00e9placer dans Madrid<\/a><\/li>\n<li><a href=\"#quartiersmadrid\">O\u00f9 dormir \u00e0 Madrid ?<\/a><\/li>\n<li><a href=\"#visitesmadrid\">Que visiter \u00e0 Madrid ?<\/a><\/li>\n<li><a href=\"#restaurantsmadrid\">O\u00f9 manger \u00e0 Madrid ?<\/a><\/li>\n<li><a href=\"#sortiesmadrid\">La vie nocturne \u00e0 Madrid<\/a><\/li>\n<li><a href=\"#evenementsmadrid\">Les \u00e9v\u00e9nements \u00e0 ne pas manquer \u00e0 Madrid<\/a><\/li>\n<\/ul>\n<h2>Pr\u00e9sentation historique et culturelle de la ville de Madrid<\/h2>\n<p>En plein c\u0153ur de l\u2019Espagne se situe la ville de Madrid. Capitale du pays, elle abrite non loin de 3,2 millions d\u2019habitants et repr\u00e9sente ainsi la 3<sup>e<\/sup> ville de l\u2019Union europ\u00e9enne. C\u2019est au fil des si\u00e8cles que la ville de Madrid s\u2019est construite de <strong>tradition et de modernit\u00e9.<\/strong> Fond\u00e9e au moyen-\u00e2ge par l\u2019\u00e9mir Muhammad 1<sup>er<\/sup>, elle a \u00e9t\u00e9 d\u00e9truite en 1109 par les Berb\u00e8res sanhajiens. Un peu apr\u00e8s 1200, Fran\u00e7ois d\u2019Assise, religieux catholique italien, a d\u00e9velopp\u00e9 la ville en faisant construire de nombreux \u00e9difices religieux. \u00c0 la renaissance, en 1606, Madrid a tellement grandi qu\u2019elle devient la capitale de l\u2019Espagne. S\u2019encha\u00eene alors une p\u00e9riode de construction intense o\u00f9 ne cesse d\u2019appara\u00eetre casa, parcs, mus\u00e9es, plazza, qui deviendront les monuments phares de Madrid. Aujourd\u2019hui, Madrid est un <strong>doux m\u00e9lange de ruines arabes, d\u2019\u00e9glises gothiques, de palais baroques aust\u00e8res, d\u2019universit\u00e9s populaires, de bars, de mus\u00e9es et de restaurants<\/strong>. Non, sans oublier, les plus grands clubs de football du monde entier\u00a0:<strong> Real Madrid et Atl\u00e9tico de Madrid<\/strong>.<\/p>\n<p><a name=\"meteomadrid\"><\/a><\/p>\n<p><a href=\"https:\/\/blog.likibu.com\/fr\/wp-content\/uploads\/2018\/09\/Madrid_Espagne_Panorama_Plaza-de-Cibeles-in-Madrid_97031651.jpg\"><img loading=\"lazy\" class=\"alignnone size-full wp-image-9729\" src=\"https:\/\/blog.likibu.com\/fr\/wp-content\/uploads\/2018\/09\/Madrid_Espagne_Panorama_Plaza-de-Cibeles-in-Madrid_97031651.jpg\" alt=\"Plaza de Cibeles in Madrid\" width=\"2000\" height=\"514\" srcset=\"\/wp-content\/uploads\/2018\/09\/Madrid_Espagne_Panorama_Plaza-de-Cibeles-in-Madrid_97031651.jpg 2000w, \/wp-content\/uploads\/2018\/09\/Madrid_Espagne_Panorama_Plaza-de-Cibeles-in-Madrid_97031651-750x192.jpg 750w, \/wp-content\/uploads\/2018\/09\/Madrid_Espagne_Panorama_Plaza-de-Cibeles-in-Madrid_97031651-1024x263.jpg 1024w\" sizes=\"(max-width: 2000px) 100vw, 2000px\" \/><\/a><\/p>\n<h2>Quelle est la meilleure p\u00e9riode pour partir \u00e0 Madrid\u00a0?<\/h2>\n<p><a name=\"veniramadrid\"><\/a><br>\nMadrid r\u00e8gne sous un <strong>climat m\u00e9diterran\u00e9en<\/strong>, marqu\u00e9e par des \u00e9t\u00e9s tr\u00e8s chauds et des hivers o\u00f9 peuvent appara\u00eetre de temps en temps quelques flocons de neige et du gel. En moyenne, la temp\u00e9rature est de 14\u00b0 C. Si vous souhaitez vous y rendre, la meilleure p\u00e9riode sera de mai \u00e0 septembre. Les pr\u00e9cipitations se font tr\u00e8s rares et les temp\u00e9ratures sont vraiment optimums pour visiter les monuments de la ville. Pour ceux et celles qui souhaitent visiter la ville sans \u00eatre enseveli par les hordes de touristes venus du monde entier, nous vous conseillons de vous y rendre en avril ou en octobre. Le climat y est encore tr\u00e8s cl\u00e9ment et l\u2019attente pour visiter les mus\u00e9es ou manger dans les restaurants tr\u00e8s pris\u00e9s ne se fait plus ressentir. Nous vous conseillons cependant d\u2019\u00e9viter le mois de d\u00e9cembre, car les pluies se font tr\u00e8s pr\u00e9sentes tout au long de la journ\u00e9e et les temp\u00e9ratures peuvent descendre rapidement, et ce, m\u00eame jusque dans le n\u00e9gatif.<\/p>\n<h2>Comment se rendre \u00e0 Madrid ?<\/h2>\n<p>Il est tr\u00e8s facile de se rendre \u00e0 Madrid en provenance d\u2019Espagne ou du reste du monde\u00a0! Que vous veniez de Barcelone, de S\u00e9ville ou encore de Valence, la ville est rapide d\u2019acc\u00e8s en voiture gr\u00e2ce aux <strong>6 autoroutes<\/strong> pr\u00e9sentent tout autour de <strong>Madrid (A1 \u00e0 A6)<\/strong>. L\u2019avion est \u00e9galement une solution tout \u00e0 fait envisageable. De nombreuses compagnies Low Cost offrent la possibilit\u00e9 de se rendre \u00e0 Madrid \u00e0 moindre co\u00fbt. Au d\u00e9part de Paris, de Lyon ou encore de Nice, n\u2019h\u00e9sitez pas \u00e0 comparer les prix des compagnies a\u00e9riennes telles que<strong> Vueling, Ryanair, Easyjet, Ib\u00e9ria Express<\/strong> ou <strong>Transavia<\/strong>.<\/p>\n<p>Vous atterrirez \u00e0 <strong>l\u2019a\u00e9roport Adolfo Su\u00e1rez Madrid-Barajas<\/strong>\u00a0: le plus important d&rsquo;Espagne et 5<sup>e<\/sup> d\u2019Europe. Situ\u00e9 \u00e0 13 km au nord-est du centre de la ville, l\u2019a\u00e9roport est dot\u00e9 de stations de m\u00e9tro et de ligne de train pour vous rendre direction au c\u0153ur du patrimoine historique et culturel de Madrid.<\/p>\n<p>Si vous n\u2019avez pas la possibilit\u00e9 d\u2019utiliser un de ces moyens de transport en provenance de France, vous pouvez acc\u00e9der \u00e0 Madrid en train sans trop de difficult\u00e9s. La ville poss\u00e8de <strong>deux gares ferroviaires (Chamartin et Atocha)<\/strong> d\u2019o\u00f9 il est possible de se rendre au d\u00e9part de Paris (9h) ou de Perpignan (4h30).<\/p>\n<p><a name=\"sedeplaceramadrid\"><\/a><\/p>\n<h2>Comment se d\u00e9placer \u00e0 l\u2019int\u00e9rieur de Madrid ?<\/h2>\n<p>De l\u2019a\u00e9roport Adolfo Su\u00e1rez Madrid-Barajas, vous pouvez facilement rejoindre le centre-ville de Madrid gr\u00e2ce au service sp\u00e9cial de l\u2019Expr\u00e8s Aeropuerto. Il circule 7 jours \/ 7, 24 h \/ 24, et ce, toutes les 15 \u00e0 20 minutes en journ\u00e9e et toutes les 35 minutes la nuit. Son co\u00fbt\u00a0: 5 \u20ac pour un trajet. \u00c0 r\u00e9gler uniquement \u00e0 bord du bus et en esp\u00e8ce. Il est \u00e9galement possible d\u2019emprunter la ligne 101, ralliant Canillejas \u00e0 Barajas.<\/p>\n<p>Une fois arriv\u00e9 au c\u0153ur de la ville, vous pourrez vous d\u00e9placer facilement d\u2019un quartier \u00e0 l\u2019autre de Madrid, voire aux villes avoisinantes.<\/p>\n<ul>\n<li><strong>Le m\u00e9tro\u00a0<\/strong>: avec une fr\u00e9quence de 2 minutes en semaine et en journ\u00e9e, il permet de se d\u00e9placer de 6 h \u00e0 1 h 30 du matin tous les jours. Il dispose de 12 lignes\u00a0; la plus utilis\u00e9e par les touristes \u00e9tant la ligne 8 qui rallie Nuevos Ministerios \u00e0 l\u2019Aeropuerto T4.<\/li>\n<\/ul>\n<p>Le r\u00e9seau couvre le centre historique, les zones commerciales ainsi que les quartiers d\u2019affaires.<\/p>\n<p>Il existe plusieurs types de billets\u00a0:<\/p>\n<p>&#8211; le billet simple qui s\u2019utilise le jour de l\u2019achat\u00a0: de 1,50 \u20ac \u00e0 3 \u20ac, selon la zone desservie.<\/p>\n<p>&#8211; le billet 10 trajets\u00a0: de 12,20 \u20ac \u00e0 18,30 \u20ac, selon la zone desservie et utilisable \u00e9galement pour le bus.<\/p>\n<p>&#8211; le billet touristique\u00a0: valable de 1 \u00e0 7 jours sur la zone A et T. Il permet d\u2019emprunter, en illimit\u00e9, tous les transports publics de Madrid. Son prix varie entre 8,40 \u20ac et 70,80 \u20ac.<\/p>\n<p>\u00c0 noter\u00a0:<\/p>\n<p>&#8211; Tous les billets sont livrables uniquement sur pr\u00e9sentation de la carte Multi.<\/p>\n<p>&#8211; Gratuite pour l\u2019achat d\u2019un billet touristique. Pour tout autre billet, vous devrez rajouter la somme de 2,50 \u20ac.<\/p>\n<p>&#8211; Gratuit pour les enfants de moins de 4 ans.<\/p>\n<p>&#8211; La ville a mis \u00e0 disposition des utilisateurs un site internet pour planifier vos voyages\u00a0: MetroMadrid.es<\/p>\n<ul>\n<li><strong>Le bus\u00a0<\/strong>: le r\u00e9seau de bus se compose de 200 lignes et circule du lundi au vendredi de 6h \u00e0 23h30, et ce, toutes les 4 \u00e0 15 minutes.<\/li>\n<\/ul>\n<p>N\u2019oubliez pas de faire un signe au chauffeur de bus pour lui signaler votre mont\u00e9e.<\/p>\n<p>Un billet simple co\u00fbte 1,50 \u20ac, contre 12,20 \u20ac ou 18,30 \u20ac pour le billet 10 trajets.<\/p>\n<p>\u00c0 noter que les billets simples peuvent \u00eatre achet\u00e9s \u00e0 bord du bus, mais uniquement en esp\u00e8ces et pour un montant minimum de 5 \u20ac.<\/p>\n<ul>\n<li>Les trains de banlieue\u00a0: circulent tous les jours \u00e0 partir de 5 h du matin, et ce jusqu\u2019\u00e0 minuit, \u00e0 une fr\u00e9quence de 10 \u00e0 30 minutes.<\/li>\n<\/ul>\n<p>Ils sont tr\u00e8s efficaces pour rejoindre les villes de Cercedilla, Cotos, Alcal\u00e1 de Henares, Aranjuez et El Escorial.<\/p>\n<p>Son co\u00fbt\u00a0: entre 1,70 \u20ac et 38,45 \u20ac.<\/p>\n<p>Les enfants de moins de 6 ans peuvent voyager gratuitement s\u2019ils n\u2019utilisent pas de si\u00e8ge.<\/p>\n<p>Un service de Wi-Fi est disponible en gare gratuitement, via l\u2019application mobile PlayRenfe.<\/p>\n<ul>\n<li><strong>Les taxis<\/strong>\u00a0: Madrid compte non loin de 15 000 taxis, ce qui vous permettra d\u2019en trouver un tr\u00e8s rapidement. Il est d\u00e9sormais possible de r\u00e9gler votre course en carte bancaire ou en esp\u00e8ces\u00a0!<\/li>\n<\/ul>\n<p>Le prix est fix\u00e9 au nombre de kilom\u00e8tres et au prix d\u2019une heure de trajet. Il conviendra de rajouter \u00e0 cela des frais au d\u00e9part des gares ferroviaires, du parc des expositions Feria de Madrid, ou encore pour les jours f\u00e9ri\u00e9s tels que No\u00ebl et jour de l\u2019An.<\/p>\n<p>Il existe \u00e9galement des services priv\u00e9s de radio-taxis.<\/p>\n<ul>\n<li><strong>Le v\u00e9lo\u00a0<\/strong>: la mairie de Madrid met \u00e0 disposition des personnes qui le souhaitent un service de v\u00e9los \u00e9lectriques. Vous pourrez alors d\u00e9couvrir la ville et ses attractions en toute libert\u00e9 et autonomie.<\/li>\n<\/ul>\n<p><a name=\"quartiersmadrid\"><\/a><\/p>\n<div id=\"attachment_9730\" style=\"width: 2058px\" class=\"wp-caption alignnone\"><a href=\"https:\/\/blog.likibu.com\/fr\/wp-content\/uploads\/2018\/09\/13294425205_654f04a981_k.jpg\"><img aria-describedby=\"caption-attachment-9730\" loading=\"lazy\" class=\"size-full wp-image-9730\" src=\"https:\/\/blog.likibu.com\/fr\/wp-content\/uploads\/2018\/09\/13294425205_654f04a981_k.jpg\" alt=\"Barcex\" width=\"2048\" height=\"1024\" srcset=\"\/wp-content\/uploads\/2018\/09\/13294425205_654f04a981_k.jpg 2048w, \/wp-content\/uploads\/2018\/09\/13294425205_654f04a981_k-750x375.jpg 750w, \/wp-content\/uploads\/2018\/09\/13294425205_654f04a981_k-1024x512.jpg 1024w\" sizes=\"(max-width: 2048px) 100vw, 2048px\" \/><\/a><p id=\"caption-attachment-9730\" class=\"wp-caption-text\">Barcex<\/p><\/div>\n<h2>Les quartiers o\u00f9 s\u00e9journer \u00e0 Madrid<\/h2>\n<p>La ville de Madrid est divis\u00e9e en 21 arrondissements et 129 quartiers\u00a0; ce qui laisse un large choix d\u2019endroits o\u00f9 s\u00e9journer. Voici une s\u00e9lection des <a href=\"https:\/\/blog.likibu.com\/fr\/dormir-madrid\/\">quartiers de Madrid<\/a> o\u00f9 il fait bon vivre en plein c\u0153ur de la capitale espagnole.<\/p>\n<ul>\n<li><strong>Malasa\u00f1a<\/strong>\u00a0: quartier jeune, anim\u00e9 et festif, souvent compar\u00e9 \u00e0 Soho \u00e0 New York, Malasa\u00f1a est l\u2019endroit o\u00f9 il fait bon fl\u00e2ner. C\u2019est dans une ambiance pav\u00e9e aux murs tagu\u00e9s et color\u00e9s que se d\u00e9clinent les friperies en tout genre, les galeries d\u2019arts, les caf\u00e9s et tapas. \u00c0 la fois populaire et bobo, c\u2019est ici que tout commence lorsque tombe la nuit.<\/li>\n<\/ul>\n<p>Bien que tr\u00e8s abordable pour y loger, le quartier ne sera pas forc\u00e9ment de tout repos pour ceux qui recherchent calme et tranquillit\u00e9. Son co\u00fbt\u00a0: d\u00e8s 20 \u20ac la nuit, en auberge de jeunesse.<\/p>\n<ul>\n<li>Chueca\u00a0: paradis des noctambules, il fut longtemps consid\u00e9r\u00e9 comme un quartier malfam\u00e9. Aujourd\u2019hui, il s\u2019agit de l\u2019endroit le plus ultra branch\u00e9 de Madrid.<\/li>\n<\/ul>\n<p>Si vous avez un faible budget ou si vous voyagez en groupe, vous pourrez facilement trouver de nombreux appartement \u00e0 louer \u00e0 partir de 65 \u20ac la nuit.<\/p>\n<ul>\n<li>La latina\u00a0: quartier traditionnel de Madrid aux odeurs de caf\u00e9 cubain et de march\u00e9 aux puces. Que l\u2019on se pr\u00e9lasse dans les espaces verts ou les ruelles \u00e9troites, on ne peut que tomber amoureux de cet univers empli de l\u2019histoire du pays. Comptez en moyenne 80 \u20ac pour la nuit.<\/li>\n<\/ul>\n<ul>\n<li>Salamanca\u00a0: on change de gamme\u00a0! Quartier des mus\u00e9es, des restaurants gastronomiques, des bars de nuit hyperbranch\u00e9s. Ici, tout est chic et tranquille et rime avec luxe. Les tarifs ne sont donc pas accessibles \u00e0 toutes les bourses. Pour une nuit \u00e0 Salamanca\u00a0: 70 \u20ac la chambre.<\/li>\n<\/ul>\n<ul>\n<li>Retiro\u00a0: si vous souhaitez profiter d\u2019un environnement verdoyant et que votre budget ne vous permet pas de s\u00e9journer \u00e0 Salamanca, le quartier du Retiro est la solution qu\u2019il vous faut\u00a0! Il y r\u00e8gne une ambiance calme et d\u00e9tendue. Cependant, si vous cherchez de l\u2019animation, ce n\u2019est pas l\u2019endroit qu\u2019il vous faut. En chambre double\u00a0: 60 \u20ac la nuit.<\/li>\n<\/ul>\n<p>Vous avez quel est votre quartier pr\u00e9f\u00e9r\u00e9 ? N&rsquo;attendez pas pour choisir votre <a href=\"https:\/\/www.likibu.com\/fr\/location-appartement-vacances\/madrid\">location d&rsquo;appartement \u00e0 Madrid<\/a> !<\/p>\n<p><a name=\"visitesmadrid\"><\/a><\/p>\n<div id=\"attachment_9736\" style=\"width: 1610px\" class=\"wp-caption alignnone\"><a href=\"https:\/\/blog.likibu.com\/fr\/wp-content\/uploads\/2018\/09\/4661360242_3a67d99c42_o.jpg\"><img aria-describedby=\"caption-attachment-9736\" loading=\"lazy\" class=\"size-full wp-image-9736\" src=\"https:\/\/blog.likibu.com\/fr\/wp-content\/uploads\/2018\/09\/4661360242_3a67d99c42_o.jpg\" alt=\"@Jean-Pierre Dalb\u00e9ra\" width=\"1600\" height=\"1200\" srcset=\"\/wp-content\/uploads\/2018\/09\/4661360242_3a67d99c42_o.jpg 1600w, \/wp-content\/uploads\/2018\/09\/4661360242_3a67d99c42_o-750x562.jpg 750w, \/wp-content\/uploads\/2018\/09\/4661360242_3a67d99c42_o-1024x768.jpg 1024w\" sizes=\"(max-width: 1600px) 100vw, 1600px\" \/><\/a><p id=\"caption-attachment-9736\" class=\"wp-caption-text\">@Jean-Pierre Dalb\u00e9ra<\/p><\/div>\n<h1>\u00a0Que visiter \u00e0 Madrid ?<\/h1>\n<p><strong>La Plaza Mayor\u00a0<\/strong>: place embl\u00e9matique de forme rectangulaire. Entour\u00e9e d\u2019arcades et de maisons \u00e0 balcons, elle abritait autrefois un sublime march\u00e9 qui approvisionn\u00e9 toute la ville. C\u2019est ici que vous trouverez la maison de la boulangerie \u00ab\u00a0la casa de la panader\u00eda\u00a0\u00bb, la statue \u00e9questre de Felipe III, l\u2019office du tourisme et ses innombrables fresques.<\/p>\n<p>Par le pass\u00e9, la Plaza Mayor \u00e9tait un lieu de spectacles (couronnement, corridas, duels) tr\u00e8s pris\u00e9s.<\/p>\n<p>Aujourd\u2019hui, ses arcades abritent de nombreux commerces, caf\u00e9s et restaurants. Tous les dimanches, vous pouvez y fl\u00e2ner \u00e0 travers les stands de philat\u00e9listes et de numismates<\/p>\n<p><strong>Le Palacio Real<\/strong>\u00a0: si vous souhaitez voyager \u00e0 travers le temps et comprendre l\u2019histoire de l\u2019Espagne, le palais Real r\u00e9pondra \u00e0 merveille \u00e0 votre souhait. Inspir\u00e9 des plans de Bernini et du Louvre de Paris, laissez-vous transport\u00e9 et n\u2019oubliez surtout pas de lever les yeux pour observer les merveilleuses fresques qui vous entourent.<\/p>\n<p><strong>Le mus\u00e9e Reina Sofia<\/strong>\u00a0: c\u2019est le long du Paseo del Arte que vous pourrez d\u00e9couvrir les \u0153uvres de Dali, Miro et Juan Gris. Reina Sofia occupe la place de l\u2019ancien h\u00f4pital de Madrid est se compose d\u2019un auditorium, d\u2019une biblioth\u00e8que et de salles d\u2019expositions.<\/p>\n<p><strong>Le parc du Retiro<\/strong>\u00a0: v\u00e9ritable poumon de Madrid, le parc du Retiro est un m\u00e9lange de jardins aux plantes vivaces et de roseraie. Il abrite le plus vieil arbre de Madrid. Prenez le temps d\u2019errer dans cet endroit magique et romantique au milieu des sculptures et des fontaines.<\/p>\n<p><a name=\"restaurantsmadrid\"><\/a><\/p>\n<div id=\"attachment_9731\" style=\"width: 1034px\" class=\"wp-caption alignnone\"><a href=\"https:\/\/blog.likibu.com\/fr\/wp-content\/uploads\/2018\/09\/5047169195_68c3bdbde0_b.jpg\"><img aria-describedby=\"caption-attachment-9731\" loading=\"lazy\" class=\"size-full wp-image-9731\" src=\"https:\/\/blog.likibu.com\/fr\/wp-content\/uploads\/2018\/09\/5047169195_68c3bdbde0_b.jpg\" alt=\"@Warrick Wynne\" width=\"1024\" height=\"544\" srcset=\"\/wp-content\/uploads\/2018\/09\/5047169195_68c3bdbde0_b.jpg 1024w, \/wp-content\/uploads\/2018\/09\/5047169195_68c3bdbde0_b-750x398.jpg 750w, \/wp-content\/uploads\/2018\/09\/5047169195_68c3bdbde0_b-620x330.jpg 620w\" sizes=\"(max-width: 1024px) 100vw, 1024px\" \/><\/a><p id=\"caption-attachment-9731\" class=\"wp-caption-text\">@Warrick Wynne<\/p><\/div>\n<h2>Les sp\u00e9cialit\u00e9s\u00a0culinaires et restaurants incontournables de Madrid<\/h2>\n<p>Madrid n&rsquo;est pas la ville d&rsquo;Espagne la plus r\u00e9put\u00e9e pour sa gastronomie, mais quelques <a href=\"https:\/\/blog.likibu.com\/fr\/specialite-culinaire-manger-madrid\/\">sp\u00e9cialit\u00e9s culinaires madril\u00e8ne<\/a> valent le d\u00e9tour. Bien souvent tr\u00e8s gras, lourds et copieux, les principaux plats de la ville sont :<\/p>\n<p>&#8211; <strong>Cocido madrile\u00f1o<\/strong> : r\u00e2gout de viande et pois chiches\u00a0;<\/p>\n<p>&#8211; <strong>Rabo de toro<\/strong> : queue de taureau \u00e0 l&rsquo;\u00e9touff\u00e9e\u00a0;<\/p>\n<p>&#8211; <strong>Callos a la madrile\u00f1a<\/strong> : tripes en sauce aux tomates \u00e9pic\u00e9es\u00a0;<\/p>\n<p>&#8211; <strong>Bocata de calamares<\/strong> : sandwich de calamars.<\/p>\n<p>&#8211; Sans oublier l\u2019incontournable Tortilla de patatas.<\/p>\n<p>Pour les amateurs de petites douceurs sucr\u00e9es, n\u2019oubliez pas de tester la Porras\u00a0: version \u00e9paisse du churros, servi avec un chocolat chaud ou du caf\u00e9. Venez manger comme les locaux\u00a0au restaurant Anel Tapas. Les plats sont tr\u00e8s copieux et n\u2019exc\u00e8dent pas les 20 \u20ac. Vous pourrez y gouter un plat similaire \u00e0 la paella, l\u2019Arroz del Se\u00f1or ou des calamars.<\/p>\n<p>Passage obligatoire en Espagne\u00a0: les tapas\u00a0! Le restaurant Asador Imanol Felipe II propose une nourriture fra\u00eeche et de qualit\u00e9.<\/p>\n<p><a name=\"sortiesmadrid\"><\/a><\/p>\n<h2>Les bars et clubs incontournables pour faire la f\u00eate \u00e0 Madrid<\/h2>\n<p>Concurrent de New York, Madrid est connu pour poss\u00e9der une ambiance de fous\u00a0! De jour comme de nuit, la ville est anim\u00e9e de bars \u00e0 tapas et de discoth\u00e8ques. Le gouvernement a m\u00eame d\u00fb y mettre un frein.<\/p>\n<p><strong>\u00c0 Puerta del Sol, vous trouverez des pubs irlandais<\/strong>, des bars jazzy, des repaires flamencos.<\/p>\n<p><strong>Chueca est la zone la plus styl\u00e9e de Madrid<\/strong>\u00a0: ambiance fashion, \u00e9l\u00e9gante, reggae, hip hop.<\/p>\n<p><strong>Pour les branch\u00e9 hippies<\/strong> ou plus d\u00e9tendues, vous pr\u00e9f\u00e9rerez<strong> Lavapi\u00e9s<\/strong>.<\/p>\n<p>Quant \u00e0 <strong>Salamanca<\/strong>, il s\u2019agit du <strong>quartier hupp\u00e9<\/strong> de la capitale. On y trouve des jeunes hommes en polo et des femmes aux talons hauts, tous ont le visage bien bronz\u00e9 digne d\u2019un vacancier.<\/p>\n<p><a name=\"evenementsmadrid\"><\/a><\/p>\n<h2>Itin\u00e9raires pour une visite rapide de Madrid<\/h2>\n<p>Si vous n\u2019avez que 2 jours devant vous, nous vous conseillons de d\u00e9couvrir la ville au d\u00e9part de la <strong>Puerta del Sol<\/strong>. Sur place, partez \u00e0 la d\u00e9couverte des rues commer\u00e7antes et de <strong>Gran Via<\/strong> o\u00f9 il est tr\u00e8s facile de manger et de prendre un verre. De l\u00e0, vous devriez tomber sur la <strong>Plaza de Espana<\/strong>, o\u00f9 vous d\u00e9couvrirez un des merveilleux cadeaux offerts par les \u00e9gyptiens\u00a0: le <strong>Temple de Debob<\/strong>.<\/p>\n<p>Le lendemain, sans plus attendre, partez d\u00e9couvrir le <strong>Mus\u00e9e du Prado<\/strong> et la <strong>gare d\u2019Atocha<\/strong>. Apr\u00e8s avoir contourn\u00e9 la gare, prenez la Calle de Alfonso XII et entrez dans le Retiro\u00a0; vous tomberez surement sur des musiciens, des magiciens et de nombreux artistes de rue.<\/p>\n","protected":false},"excerpt":{"rendered":"<p>Histoire et culture de Madrid Quand partir \u00e0 Madrid ? Comment aller \u00e0 Madrid ? Se d\u00e9placer dans Madrid O\u00f9 dormir \u00e0 Madrid ? Que visiter \u00e0 Madrid ? O\u00f9 manger \u00e0 Madrid ? La vie nocturne \u00e0 Madrid Les \u00e9v\u00e9nements \u00e0 ne pas manquer  <a class=\"read-more\" href=\"https:\/\/blog.likibu.com\/fr\/visiter-madrid\/\">Suite &rarr;<\/a><\/p>\n","protected":false},"author":76,"featured_media":0,"parent":0,"menu_order":0,"comment_status":"closed","ping_status":"open","template":"","meta":[],"_links":{"self":[{"href":"https:\/\/blog.likibu.com\/fr\/wp-json\/wp\/v2\/pages\/9703"}],"collection":[{"href":"https:\/\/blog.likibu.com\/fr\/wp-json\/wp\/v2\/pages"}],"about":[{"href":"https:\/\/blog.likibu.com\/fr\/wp-json\/wp\/v2\/types\/page"}],"author":[{"embeddable":true,"href":"https:\/\/blog.likibu.com\/fr\/wp-json\/wp\/v2\/users\/76"}],"replies":[{"embeddable":true,"href":"https:\/\/blog.likibu.com\/fr\/wp-json\/wp\/v2\/comments?post=9703"}],"version-history":[{"count":9,"href":"https:\/\/blog.likibu.com\/fr\/wp-json\/wp\/v2\/pages\/9703\/revisions"}],"predecessor-version":[{"id":9741,"href":"https:\/\/blog.likibu.com\/fr\/wp-json\/wp\/v2\/pages\/9703\/revisions\/9741"}],"wp:attachment":[{"href":"https:\/\/blog.likibu.com\/fr\/wp-json\/wp\/v2\/media?parent=9703"}],"curies":[{"name":"wp","href":"https:\/\/api.w.org\/{rel}","templated":true}]}}